{"id":4841,"date":"2025-11-05T10:56:24","date_gmt":"2025-11-05T10:56:24","guid":{"rendered":"https:\/\/reviens-y.fr\/produit\/casquette-brodee-leglise-perchee\/"},"modified":"2025-11-21T18:20:49","modified_gmt":"2025-11-21T18:20:49","slug":"casquette-brodee-leglise-perchee","status":"publish","type":"product","link":"https:\/\/reviens-y.fr\/en\/product\/casquette-brodee-leglise-perchee\/","title":{"rendered":"Casquette brod\u00e9e <br> L&rsquo;\u00e9glise perch\u00e9e"},"content":{"rendered":"<p>Ce visuel illustre l\u2019\u00e9glise perch\u00e9e de Saint-Cirq-Lapopie sous une forme ludique et vivante. Transform\u00e9e en personnage souriant, elle prend vie avec des bras et des jambes en mouvement, offrant une interpr\u00e9tation originale et moderne d\u2019un monument embl\u00e9matique.<br \/>\nLe style graphique, inspir\u00e9 du r\u00e9tro-cartoon, associe lignes simples et d\u00e9tails expressifs pour cr\u00e9er une identit\u00e9 visuelle forte. Ce design unique met en valeur le patrimoine en le rendant accessible, reconnaissable et attractif.<br \/>\n\u2013<br \/>\nUnisex cap with a curved visor, combining comfort and style for everyday wear. Its unstructured shape and adjustable strap allow for easy fitting, while its twill cotton fabric offers great durability over time.<\/p>\n<p>\u2022 100% chino cotton twill<br \/>\n\u2022 Unstructured, low-profile, flat visor<br \/>\n\u2022 6 embroidered eyelets<br \/>\n\u2022 Couronne de 3 \u215b \u00bb<br \/>\n\u2022 Adjustable strap with antique-style metal buckle<\/p>","protected":false},"excerpt":{"rendered":"<p>Ce visuel illustre l\u2019\u00e9glise perch\u00e9e de Saint-Cirq-Lapopie sous une forme ludique et vivante. Transform\u00e9e en personnage souriant, elle prend vie avec des bras et des jambes en mouvement, offrant une interpr\u00e9tation originale et moderne d\u2019un monument embl\u00e9matique. Le style graphique, inspir\u00e9 du r\u00e9tro-cartoon, associe lignes simples et d\u00e9tails expressifs pour cr\u00e9er une identit\u00e9 visuelle forte. [&hellip;]<\/p>\n","protected":false},"featured_media":4845,"comment_status":"open","ping_status":"closed","template":"","meta":{"_acf_changed":false},"product_brand":[],"product_cat":[71,106,116],"product_tag":[],"class_list":{"0":"post-4841","1":"product","2":"type-product","3":"status-publish","4":"has-post-thumbnail","6":"product_cat-casquettes","7":"product_cat-leglise-perchee","8":"product_cat-saint-cirq-lapopie","9":"product_shipping_class-casquettes","11":"first","12":"instock","13":"taxable","14":"shipping-taxable","15":"purchasable","16":"product-type-variable"},"acf":[],"_links":{"self":[{"href":"https:\/\/reviens-y.fr\/en\/wp-json\/wp\/v2\/product\/4841","targetHints":{"allow":["GET"]}}],"collection":[{"href":"https:\/\/reviens-y.fr\/en\/wp-json\/wp\/v2\/product"}],"about":[{"href":"https:\/\/reviens-y.fr\/en\/wp-json\/wp\/v2\/types\/product"}],"replies":[{"embeddable":true,"href":"https:\/\/reviens-y.fr\/en\/wp-json\/wp\/v2\/comments?post=4841"}],"wp:featuredmedia":[{"embeddable":true,"href":"https:\/\/reviens-y.fr\/en\/wp-json\/wp\/v2\/media\/4845"}],"wp:attachment":[{"href":"https:\/\/reviens-y.fr\/en\/wp-json\/wp\/v2\/media?parent=4841"}],"wp:term":[{"taxonomy":"product_brand","embeddable":true,"href":"https:\/\/reviens-y.fr\/en\/wp-json\/wp\/v2\/product_brand?post=4841"},{"taxonomy":"product_cat","embeddable":true,"href":"https:\/\/reviens-y.fr\/en\/wp-json\/wp\/v2\/product_cat?post=4841"},{"taxonomy":"product_tag","embeddable":true,"href":"https:\/\/reviens-y.fr\/en\/wp-json\/wp\/v2\/product_tag?post=4841"}],"curies":[{"name":"wp","href":"https:\/\/api.w.org\/{rel}","templated":true}]}}