{"id":4852,"date":"2025-11-05T10:58:13","date_gmt":"2025-11-05T10:58:13","guid":{"rendered":"https:\/\/reviens-y.fr\/produit\/tote-bag-coton-bio-leglise-perchee\/"},"modified":"2025-11-21T18:20:17","modified_gmt":"2025-11-21T18:20:17","slug":"tote-bag-coton-bio-leglise-perchee","status":"publish","type":"product","link":"https:\/\/reviens-y.fr\/en\/product\/tote-bag-coton-bio-leglise-perchee\/","title":{"rendered":"Tote Bag coton Bio <br> L&rsquo;\u00e9glise perch\u00e9e"},"content":{"rendered":"<p>Ce visuel illustre l\u2019\u00e9glise perch\u00e9e de Saint-Cirq-Lapopie sous une forme ludique et vivante. Transform\u00e9e en personnage souriant, elle prend vie avec des bras et des jambes en mouvement, offrant une interpr\u00e9tation originale et moderne d\u2019un monument embl\u00e9matique.<br \/>\nLe style graphique, inspir\u00e9 du r\u00e9tro-cartoon, associe lignes simples et d\u00e9tails expressifs pour cr\u00e9er une identit\u00e9 visuelle forte. Ce design unique met en valeur le patrimoine en le rendant accessible, reconnaissable et attractif.<br \/>\n\u2013<br \/>\nTote bag en coton biologique robuste et pratique, id\u00e9al pour les courses, les livres ou un usage quotidien. Sa grande capacit\u00e9 et ses anses longues assurent confort et polyvalence, tout en garantissant un impact environnemental r\u00e9duit gr\u00e2ce \u00e0 sa fabrication certifi\u00e9e.<\/p>\n<p>\u2022 100 % coton biologique certifi\u00e9 serg\u00e9 3\/1<br \/>\n\u2022 272 g\/m\u00b2<br \/>\n\u2022 Dimensions : 40,6 \u00d7 35,6 \u00d7 12,7 cm<br \/>\n\u2022 Anses de 2,5 cm de large, longueur 62,2 cm<br \/>\n\u2022 Capacit\u00e9 maximale : 13,6 kg<br \/>\n\u2022 Compartiment principal ouvert<br \/>\n\u2022 Certifi\u00e9 GOTS et OCS pour son contenu en coton bio<br \/>\n\u2022 Certifi\u00e9 OEKO-TEX Standard 100 et approuv\u00e9 vegan par PETA<\/p>","protected":false},"excerpt":{"rendered":"<p>Ce visuel illustre l\u2019\u00e9glise perch\u00e9e de Saint-Cirq-Lapopie sous une forme ludique et vivante. Transform\u00e9e en personnage souriant, elle prend vie avec des bras et des jambes en mouvement, offrant une interpr\u00e9tation originale et moderne d\u2019un monument embl\u00e9matique. Le style graphique, inspir\u00e9 du r\u00e9tro-cartoon, associe lignes simples et d\u00e9tails expressifs pour cr\u00e9er une identit\u00e9 visuelle forte. [&hellip;]<\/p>\n","protected":false},"featured_media":4855,"comment_status":"open","ping_status":"closed","template":"","meta":{"_acf_changed":false},"product_brand":[],"product_cat":[106,116,72],"product_tag":[],"class_list":{"0":"post-4852","1":"product","2":"type-product","3":"status-publish","4":"has-post-thumbnail","6":"product_cat-leglise-perchee","7":"product_cat-saint-cirq-lapopie","8":"product_cat-tote-bags","9":"product_shipping_class-tote-bags","11":"first","12":"instock","13":"taxable","14":"shipping-taxable","15":"purchasable","16":"product-type-variable"},"acf":[],"_links":{"self":[{"href":"https:\/\/reviens-y.fr\/en\/wp-json\/wp\/v2\/product\/4852","targetHints":{"allow":["GET"]}}],"collection":[{"href":"https:\/\/reviens-y.fr\/en\/wp-json\/wp\/v2\/product"}],"about":[{"href":"https:\/\/reviens-y.fr\/en\/wp-json\/wp\/v2\/types\/product"}],"replies":[{"embeddable":true,"href":"https:\/\/reviens-y.fr\/en\/wp-json\/wp\/v2\/comments?post=4852"}],"wp:featuredmedia":[{"embeddable":true,"href":"https:\/\/reviens-y.fr\/en\/wp-json\/wp\/v2\/media\/4855"}],"wp:attachment":[{"href":"https:\/\/reviens-y.fr\/en\/wp-json\/wp\/v2\/media?parent=4852"}],"wp:term":[{"taxonomy":"product_brand","embeddable":true,"href":"https:\/\/reviens-y.fr\/en\/wp-json\/wp\/v2\/product_brand?post=4852"},{"taxonomy":"product_cat","embeddable":true,"href":"https:\/\/reviens-y.fr\/en\/wp-json\/wp\/v2\/product_cat?post=4852"},{"taxonomy":"product_tag","embeddable":true,"href":"https:\/\/reviens-y.fr\/en\/wp-json\/wp\/v2\/product_tag?post=4852"}],"curies":[{"name":"wp","href":"https:\/\/api.w.org\/{rel}","templated":true}]}}