{"id":4873,"date":"2025-11-05T11:16:50","date_gmt":"2025-11-05T11:16:50","guid":{"rendered":"https:\/\/reviens-y.fr\/produit\/t-shirt-unisexe-le-plus-beau-village-de-france\/"},"modified":"2025-11-21T18:18:08","modified_gmt":"2025-11-21T18:18:08","slug":"t-shirt-unisexe-le-plus-beau-village-de-france","status":"publish","type":"product","link":"https:\/\/reviens-y.fr\/en\/product\/t-shirt-unisexe-le-plus-beau-village-de-france\/","title":{"rendered":"T-shirt unisex <br> Le plus beau village de France"},"content":{"rendered":"<p>Ce visuel met en avant Saint-Cirq-Lapopie avec une composition graphique \u00e9l\u00e9gante et color\u00e9e. Les toits rouges, la rivi\u00e8re et les falaises se m\u00ealent dans une illustration lumineuse qui capture l\u2019atmosph\u00e8re unique du village. La sc\u00e8ne baign\u00e9e de soleil renforce l\u2019impression de calme et d\u2019authenticit\u00e9.<br \/>\nLe style m\u00eale modernit\u00e9 et inspiration r\u00e9tro, jouant sur des aplats de couleurs et des lignes \u00e9pur\u00e9es. Un design qui transforme le paysage en image iconique, fid\u00e8le \u00e0 l\u2019identit\u00e9 de Saint-Cirq-Lapopie et facilement reconnaissable.<br \/>\n\u2013<br \/>\nT-shirt unisexe en coton, con\u00e7u pour un usage quotidien. Sa coupe r\u00e9guli\u00e8re facilite les mouvements, tandis que son tissu conserve sa forme lavage apr\u00e8s lavage. L\u00e9ger \u00e0 porter et simple \u00e0 entretenir, il convient \u00e0 toutes les saisons et s\u2019adapte \u00e0 diff\u00e9rents styles.<\/p>\n<p>\u2022 170\u2013180 g\/m\u00b2<br \/>\n\u2022 Fabrication tubulaire sans coutures lat\u00e9rales<br \/>\n\u2022 Coutures renforc\u00e9es et bande de propret\u00e9 au col et aux \u00e9paules<br \/>\n\u2022 Composition : 100 % coton ou Sport Grey (90 % coton, 10 % polyester)<br \/>\n\u2022 Lavage en machine \u00e0 30\u00b0C<br \/>\n\u2022 Sans polyester recycl\u00e9 ni substances dangereuses<br \/>\n\u2022 Le blanc peut pr\u00e9senter un aspect blanc cass\u00e9 naturel<\/p>","protected":false},"excerpt":{"rendered":"<p>Ce visuel met en avant Saint-Cirq-Lapopie avec une composition graphique \u00e9l\u00e9gante et color\u00e9e. Les toits rouges, la rivi\u00e8re et les falaises se m\u00ealent dans une illustration lumineuse qui capture l\u2019atmosph\u00e8re unique du village. La sc\u00e8ne baign\u00e9e de soleil renforce l\u2019impression de calme et d\u2019authenticit\u00e9. Le style m\u00eale modernit\u00e9 et inspiration r\u00e9tro, jouant sur des aplats [&hellip;]<\/p>\n","protected":false},"featured_media":4878,"comment_status":"open","ping_status":"closed","template":"","meta":{"_acf_changed":false},"product_brand":[],"product_cat":[107,116,68],"product_tag":[],"class_list":{"0":"post-4873","1":"product","2":"type-product","3":"status-publish","4":"has-post-thumbnail","6":"product_cat-le-plus-beau-village","7":"product_cat-saint-cirq-lapopie","8":"product_cat-t-shirts","9":"product_shipping_class-t-shirts","11":"first","12":"instock","13":"taxable","14":"shipping-taxable","15":"purchasable","16":"product-type-variable"},"acf":[],"_links":{"self":[{"href":"https:\/\/reviens-y.fr\/en\/wp-json\/wp\/v2\/product\/4873","targetHints":{"allow":["GET"]}}],"collection":[{"href":"https:\/\/reviens-y.fr\/en\/wp-json\/wp\/v2\/product"}],"about":[{"href":"https:\/\/reviens-y.fr\/en\/wp-json\/wp\/v2\/types\/product"}],"replies":[{"embeddable":true,"href":"https:\/\/reviens-y.fr\/en\/wp-json\/wp\/v2\/comments?post=4873"}],"wp:featuredmedia":[{"embeddable":true,"href":"https:\/\/reviens-y.fr\/en\/wp-json\/wp\/v2\/media\/4878"}],"wp:attachment":[{"href":"https:\/\/reviens-y.fr\/en\/wp-json\/wp\/v2\/media?parent=4873"}],"wp:term":[{"taxonomy":"product_brand","embeddable":true,"href":"https:\/\/reviens-y.fr\/en\/wp-json\/wp\/v2\/product_brand?post=4873"},{"taxonomy":"product_cat","embeddable":true,"href":"https:\/\/reviens-y.fr\/en\/wp-json\/wp\/v2\/product_cat?post=4873"},{"taxonomy":"product_tag","embeddable":true,"href":"https:\/\/reviens-y.fr\/en\/wp-json\/wp\/v2\/product_tag?post=4873"}],"curies":[{"name":"wp","href":"https:\/\/api.w.org\/{rel}","templated":true}]}}