{"id":4896,"date":"2025-11-05T11:23:06","date_gmt":"2025-11-05T11:23:06","guid":{"rendered":"https:\/\/reviens-y.fr\/produit\/casquette-le-plus-beau-village-de-france\/"},"modified":"2025-11-21T18:16:51","modified_gmt":"2025-11-21T18:16:51","slug":"casquette-le-plus-beau-village-de-france","status":"publish","type":"product","link":"https:\/\/reviens-y.fr\/en\/product\/casquette-le-plus-beau-village-de-france\/","title":{"rendered":"Cap <br> Le plus beau village de France"},"content":{"rendered":"<p>Ce visuel met en avant Saint-Cirq-Lapopie avec une composition graphique \u00e9l\u00e9gante et color\u00e9e. Les toits rouges, la rivi\u00e8re et les falaises se m\u00ealent dans une illustration lumineuse qui capture l\u2019atmosph\u00e8re unique du village. La sc\u00e8ne baign\u00e9e de soleil renforce l\u2019impression de calme et d\u2019authenticit\u00e9.<br \/>\nLe style m\u00eale modernit\u00e9 et inspiration r\u00e9tro, jouant sur des aplats de couleurs et des lignes \u00e9pur\u00e9es. Un design qui transforme le paysage en image iconique, fid\u00e8le \u00e0 l\u2019identit\u00e9 de Saint-Cirq-Lapopie et facilement reconnaissable.<br \/>\n\u2013<br \/>\nUnisex cap with a curved visor, combining comfort and style for everyday wear. Its unstructured shape and adjustable strap allow for easy fitting, while its twill cotton fabric offers great durability over time.<\/p>\n<p>\u2022 100% chino cotton twill<br \/>\n\u2022 Unstructured, low-profile, flat visor<br \/>\n\u2022 6 embroidered eyelets<br \/>\n\u2022 Couronne de 3 \u215b \u00bb<br \/>\n\u2022 Adjustable strap with antique-style metal buckle<\/p>","protected":false},"excerpt":{"rendered":"<p>Ce visuel met en avant Saint-Cirq-Lapopie avec une composition graphique \u00e9l\u00e9gante et color\u00e9e. Les toits rouges, la rivi\u00e8re et les falaises se m\u00ealent dans une illustration lumineuse qui capture l\u2019atmosph\u00e8re unique du village. La sc\u00e8ne baign\u00e9e de soleil renforce l\u2019impression de calme et d\u2019authenticit\u00e9. Le style m\u00eale modernit\u00e9 et inspiration r\u00e9tro, jouant sur des aplats [&hellip;]<\/p>\n","protected":false},"featured_media":4900,"comment_status":"open","ping_status":"closed","template":"","meta":{"_acf_changed":false},"product_brand":[],"product_cat":[71,107,116],"product_tag":[],"class_list":{"0":"post-4896","1":"product","2":"type-product","3":"status-publish","4":"has-post-thumbnail","6":"product_cat-casquettes","7":"product_cat-le-plus-beau-village","8":"product_cat-saint-cirq-lapopie","9":"product_shipping_class-casquettes","11":"first","12":"instock","13":"taxable","14":"shipping-taxable","15":"purchasable","16":"product-type-variable"},"acf":[],"_links":{"self":[{"href":"https:\/\/reviens-y.fr\/en\/wp-json\/wp\/v2\/product\/4896","targetHints":{"allow":["GET"]}}],"collection":[{"href":"https:\/\/reviens-y.fr\/en\/wp-json\/wp\/v2\/product"}],"about":[{"href":"https:\/\/reviens-y.fr\/en\/wp-json\/wp\/v2\/types\/product"}],"replies":[{"embeddable":true,"href":"https:\/\/reviens-y.fr\/en\/wp-json\/wp\/v2\/comments?post=4896"}],"wp:featuredmedia":[{"embeddable":true,"href":"https:\/\/reviens-y.fr\/en\/wp-json\/wp\/v2\/media\/4900"}],"wp:attachment":[{"href":"https:\/\/reviens-y.fr\/en\/wp-json\/wp\/v2\/media?parent=4896"}],"wp:term":[{"taxonomy":"product_brand","embeddable":true,"href":"https:\/\/reviens-y.fr\/en\/wp-json\/wp\/v2\/product_brand?post=4896"},{"taxonomy":"product_cat","embeddable":true,"href":"https:\/\/reviens-y.fr\/en\/wp-json\/wp\/v2\/product_cat?post=4896"},{"taxonomy":"product_tag","embeddable":true,"href":"https:\/\/reviens-y.fr\/en\/wp-json\/wp\/v2\/product_tag?post=4896"}],"curies":[{"name":"wp","href":"https:\/\/api.w.org\/{rel}","templated":true}]}}