{"id":4915,"date":"2025-11-05T11:26:31","date_gmt":"2025-11-05T11:26:31","guid":{"rendered":"https:\/\/reviens-y.fr\/produit\/mug-blanc-brillant-le-plus-beau-village-de-france\/"},"modified":"2025-11-21T15:19:25","modified_gmt":"2025-11-21T15:19:25","slug":"mug-blanc-brillant-le-plus-beau-village-de-france","status":"publish","type":"product","link":"https:\/\/reviens-y.fr\/en\/product\/mug-blanc-brillant-le-plus-beau-village-de-france\/","title":{"rendered":"Glossy white mug <br> Le plus beau village de France"},"content":{"rendered":"<p>Ce visuel met en avant Saint-Cirq-Lapopie avec une composition graphique \u00e9l\u00e9gante et color\u00e9e. Les toits rouges, la rivi\u00e8re et les falaises se m\u00ealent dans une illustration lumineuse qui capture l\u2019atmosph\u00e8re unique du village. La sc\u00e8ne baign\u00e9e de soleil renforce l\u2019impression de calme et d\u2019authenticit\u00e9.<br \/>\nLe style m\u00eale modernit\u00e9 et inspiration r\u00e9tro, jouant sur des aplats de couleurs et des lignes \u00e9pur\u00e9es. Un design qui transforme le paysage en image iconique, fid\u00e8le \u00e0 l\u2019identit\u00e9 de Saint-Cirq-Lapopie et facilement reconnaissable.<br \/>\n\u2013<br \/>\nMug en c\u00e9ramique, pratique et r\u00e9sistant, id\u00e9al pour savourer vos boissons chaudes au quotidien. Sa finition blanche brillante met en valeur les visuels imprim\u00e9s, qui conservent leur \u00e9clat m\u00eame apr\u00e8s plusieurs passages au lave-vaisselle ou au micro-ondes.<\/p>\n<p>\u2022 C\u00e9ramique sans BPA et sans plomb<br \/>\n\u2022 Passe au lave-vaisselle et au micro-ondes<br \/>\n\u2022 Finition blanche brillante<br \/>\n\u2022 Taille 11 oz : 9,6 cm de hauteur \u00d7 8,2 cm de diam\u00e8tre<br \/>\n\u2022 L\u00e9g\u00e8res variations de taille possibles (+\/- 2 mm)<\/p>","protected":false},"excerpt":{"rendered":"<p>Ce visuel met en avant Saint-Cirq-Lapopie avec une composition graphique \u00e9l\u00e9gante et color\u00e9e. Les toits rouges, la rivi\u00e8re et les falaises se m\u00ealent dans une illustration lumineuse qui capture l\u2019atmosph\u00e8re unique du village. La sc\u00e8ne baign\u00e9e de soleil renforce l\u2019impression de calme et d\u2019authenticit\u00e9. Le style m\u00eale modernit\u00e9 et inspiration r\u00e9tro, jouant sur des aplats [&hellip;]<\/p>\n","protected":false},"featured_media":4916,"comment_status":"open","ping_status":"closed","template":"","meta":{"_acf_changed":false},"product_brand":[],"product_cat":[107,73,116],"product_tag":[],"class_list":{"0":"post-4915","1":"product","2":"type-product","3":"status-publish","4":"has-post-thumbnail","6":"product_cat-le-plus-beau-village","7":"product_cat-mugs","8":"product_cat-saint-cirq-lapopie","9":"product_shipping_class-mugs","11":"first","12":"instock","13":"taxable","14":"shipping-taxable","15":"purchasable","16":"product-type-simple"},"acf":[],"_links":{"self":[{"href":"https:\/\/reviens-y.fr\/en\/wp-json\/wp\/v2\/product\/4915","targetHints":{"allow":["GET"]}}],"collection":[{"href":"https:\/\/reviens-y.fr\/en\/wp-json\/wp\/v2\/product"}],"about":[{"href":"https:\/\/reviens-y.fr\/en\/wp-json\/wp\/v2\/types\/product"}],"replies":[{"embeddable":true,"href":"https:\/\/reviens-y.fr\/en\/wp-json\/wp\/v2\/comments?post=4915"}],"wp:featuredmedia":[{"embeddable":true,"href":"https:\/\/reviens-y.fr\/en\/wp-json\/wp\/v2\/media\/4916"}],"wp:attachment":[{"href":"https:\/\/reviens-y.fr\/en\/wp-json\/wp\/v2\/media?parent=4915"}],"wp:term":[{"taxonomy":"product_brand","embeddable":true,"href":"https:\/\/reviens-y.fr\/en\/wp-json\/wp\/v2\/product_brand?post=4915"},{"taxonomy":"product_cat","embeddable":true,"href":"https:\/\/reviens-y.fr\/en\/wp-json\/wp\/v2\/product_cat?post=4915"},{"taxonomy":"product_tag","embeddable":true,"href":"https:\/\/reviens-y.fr\/en\/wp-json\/wp\/v2\/product_tag?post=4915"}],"curies":[{"name":"wp","href":"https:\/\/api.w.org\/{rel}","templated":true}]}}