{"id":4928,"date":"2025-11-05T11:43:38","date_gmt":"2025-11-05T11:43:38","guid":{"rendered":"https:\/\/reviens-y.fr\/produit\/t-shirt-unisexe-st-cirq-lapopie-en-couleur\/"},"modified":"2025-11-21T18:15:13","modified_gmt":"2025-11-21T18:15:13","slug":"t-shirt-unisexe-st-cirq-lapopie-en-couleur","status":"publish","type":"product","link":"https:\/\/reviens-y.fr\/en\/product\/t-shirt-unisexe-st-cirq-lapopie-en-couleur\/","title":{"rendered":"T-shirt unisex <br> St-Cirq-Lapopie en couleur"},"content":{"rendered":"<p>Ce visuel illustre Saint-Cirq-Lapopie dans une composition graphique minimaliste et color\u00e9e. Les falaises, la rivi\u00e8re et les maisons se dessinent en aplats contrast\u00e9s, donnant une vision contemporaine d\u2019un des plus beaux villages de France. La barque sur le Lot rappelle la vie fluviale et l\u2019harmonie entre nature et architecture.<br \/>\nInspir\u00e9 du style vintage, ce graphisme moderne valorise le patrimoine m\u00e9di\u00e9val tout en le rendant accessible et iconique. Il traduit l\u2019atmosph\u00e8re unique du Quercy, o\u00f9 se m\u00ealent histoire, paysages pr\u00e9serv\u00e9s et art de vivre. Un design qui relie tradition et modernit\u00e9, id\u00e9al pour repr\u00e9senter la richesse touristique de la r\u00e9gion.<br \/>\n\u2013<br \/>\nT-shirt unisexe en coton, con\u00e7u pour un usage quotidien. Sa coupe r\u00e9guli\u00e8re facilite les mouvements, tandis que son tissu conserve sa forme lavage apr\u00e8s lavage. L\u00e9ger \u00e0 porter et simple \u00e0 entretenir, il convient \u00e0 toutes les saisons et s\u2019adapte \u00e0 diff\u00e9rents styles.<\/p>\n<p>\u2022 170\u2013180 g\/m\u00b2<br \/>\n\u2022 Fabrication tubulaire sans coutures lat\u00e9rales<br \/>\n\u2022 Coutures renforc\u00e9es et bande de propret\u00e9 au col et aux \u00e9paules<br \/>\n\u2022 Composition : 100 % coton ou Sport Grey (90 % coton, 10 % polyester)<br \/>\n\u2022 Lavage en machine \u00e0 30\u00b0C<br \/>\n\u2022 Sans polyester recycl\u00e9 ni substances dangereuses<br \/>\n\u2022 Le blanc peut pr\u00e9senter un aspect blanc cass\u00e9 naturel<\/p>","protected":false},"excerpt":{"rendered":"<p>Ce visuel illustre Saint-Cirq-Lapopie dans une composition graphique minimaliste et color\u00e9e. Les falaises, la rivi\u00e8re et les maisons se dessinent en aplats contrast\u00e9s, donnant une vision contemporaine d\u2019un des plus beaux villages de France. La barque sur le Lot rappelle la vie fluviale et l\u2019harmonie entre nature et architecture. Inspir\u00e9 du style vintage, ce graphisme [&hellip;]<\/p>\n","protected":false},"featured_media":4933,"comment_status":"open","ping_status":"closed","template":"","meta":{"_acf_changed":false},"product_brand":[],"product_cat":[116,108,68],"product_tag":[],"class_list":{"0":"post-4928","1":"product","2":"type-product","3":"status-publish","4":"has-post-thumbnail","6":"product_cat-saint-cirq-lapopie","7":"product_cat-st-cirq-lapopie-en-couleur","8":"product_cat-t-shirts","9":"product_shipping_class-t-shirts","11":"first","12":"instock","13":"taxable","14":"shipping-taxable","15":"purchasable","16":"product-type-variable"},"acf":[],"_links":{"self":[{"href":"https:\/\/reviens-y.fr\/en\/wp-json\/wp\/v2\/product\/4928","targetHints":{"allow":["GET"]}}],"collection":[{"href":"https:\/\/reviens-y.fr\/en\/wp-json\/wp\/v2\/product"}],"about":[{"href":"https:\/\/reviens-y.fr\/en\/wp-json\/wp\/v2\/types\/product"}],"replies":[{"embeddable":true,"href":"https:\/\/reviens-y.fr\/en\/wp-json\/wp\/v2\/comments?post=4928"}],"wp:featuredmedia":[{"embeddable":true,"href":"https:\/\/reviens-y.fr\/en\/wp-json\/wp\/v2\/media\/4933"}],"wp:attachment":[{"href":"https:\/\/reviens-y.fr\/en\/wp-json\/wp\/v2\/media?parent=4928"}],"wp:term":[{"taxonomy":"product_brand","embeddable":true,"href":"https:\/\/reviens-y.fr\/en\/wp-json\/wp\/v2\/product_brand?post=4928"},{"taxonomy":"product_cat","embeddable":true,"href":"https:\/\/reviens-y.fr\/en\/wp-json\/wp\/v2\/product_cat?post=4928"},{"taxonomy":"product_tag","embeddable":true,"href":"https:\/\/reviens-y.fr\/en\/wp-json\/wp\/v2\/product_tag?post=4928"}],"curies":[{"name":"wp","href":"https:\/\/api.w.org\/{rel}","templated":true}]}}