{"id":4935,"date":"2025-11-05T11:45:53","date_gmt":"2025-11-05T11:45:53","guid":{"rendered":"https:\/\/reviens-y.fr\/produit\/hoodie-unisexe-st-cirq-lapopie-en-couleur\/"},"modified":"2025-11-21T18:12:28","modified_gmt":"2025-11-21T18:12:28","slug":"hoodie-unisexe-st-cirq-lapopie-en-couleur","status":"publish","type":"product","link":"https:\/\/reviens-y.fr\/en\/product\/hoodie-unisexe-st-cirq-lapopie-en-couleur\/","title":{"rendered":"Hoodie unisexe <br> St-Cirq-Lapopie en couleur"},"content":{"rendered":"<p>Ce visuel illustre Saint-Cirq-Lapopie dans une composition graphique minimaliste et color\u00e9e. Les falaises, la rivi\u00e8re et les maisons se dessinent en aplats contrast\u00e9s, donnant une vision contemporaine d\u2019un des plus beaux villages de France. La barque sur le Lot rappelle la vie fluviale et l\u2019harmonie entre nature et architecture.<br \/>\nInspir\u00e9 du style vintage, ce graphisme moderne valorise le patrimoine m\u00e9di\u00e9val tout en le rendant accessible et iconique. Il traduit l\u2019atmosph\u00e8re unique du Quercy, o\u00f9 se m\u00ealent histoire, paysages pr\u00e9serv\u00e9s et art de vivre. Un design qui relie tradition et modernit\u00e9, id\u00e9al pour repr\u00e9senter la richesse touristique de la r\u00e9gion.<br \/>\n\u2013<br \/>\nSweat \u00e0 capuche unisexe con\u00e7u pour un usage quotidien, offrant chaleur et confort lors des journ\u00e9es fra\u00eeches. Sa coupe classique et sa grande poche frontale en font une pi\u00e8ce pratique et facile \u00e0 porter. La capuche doubl\u00e9e avec cordon de serrage assorti assure une protection suppl\u00e9mentaire contre le froid.<\/p>\n<p>\u2022 271 g\/m\u00b2<br \/>\n\u2022 50 % coton pr\u00e9r\u00e9tr\u00e9ci, 50 % polyester<br \/>\n\u2022 Tissu fil\u00e9 par jet d\u2019air pour un toucher doux et moins de boulochage<br \/>\n\u2022 Capuche \u00e0 double doublure avec cordon assorti<br \/>\n\u2022 Poignets et ceinture en tricot c\u00f4tel\u00e9 1\u00d71 avec \u00e9lasthanne<br \/>\n\u2022 Couture double aux \u00e9paules, poignets et ourlet<br \/>\n\u2022 Le blanc peut appara\u00eetre blanc cass\u00e9 naturel<\/p>","protected":false},"excerpt":{"rendered":"<p>Ce visuel illustre Saint-Cirq-Lapopie dans une composition graphique minimaliste et color\u00e9e. Les falaises, la rivi\u00e8re et les maisons se dessinent en aplats contrast\u00e9s, donnant une vision contemporaine d\u2019un des plus beaux villages de France. La barque sur le Lot rappelle la vie fluviale et l\u2019harmonie entre nature et architecture. Inspir\u00e9 du style vintage, ce graphisme [&hellip;]<\/p>\n","protected":false},"featured_media":4940,"comment_status":"open","ping_status":"closed","template":"","meta":{"_acf_changed":false},"product_brand":[],"product_cat":[69,116,108],"product_tag":[],"class_list":{"0":"post-4935","1":"product","2":"type-product","3":"status-publish","4":"has-post-thumbnail","6":"product_cat-hoodies","7":"product_cat-saint-cirq-lapopie","8":"product_cat-st-cirq-lapopie-en-couleur","9":"product_shipping_class-hoodies","11":"first","12":"instock","13":"taxable","14":"shipping-taxable","15":"purchasable","16":"product-type-variable"},"acf":[],"_links":{"self":[{"href":"https:\/\/reviens-y.fr\/en\/wp-json\/wp\/v2\/product\/4935","targetHints":{"allow":["GET"]}}],"collection":[{"href":"https:\/\/reviens-y.fr\/en\/wp-json\/wp\/v2\/product"}],"about":[{"href":"https:\/\/reviens-y.fr\/en\/wp-json\/wp\/v2\/types\/product"}],"replies":[{"embeddable":true,"href":"https:\/\/reviens-y.fr\/en\/wp-json\/wp\/v2\/comments?post=4935"}],"wp:featuredmedia":[{"embeddable":true,"href":"https:\/\/reviens-y.fr\/en\/wp-json\/wp\/v2\/media\/4940"}],"wp:attachment":[{"href":"https:\/\/reviens-y.fr\/en\/wp-json\/wp\/v2\/media?parent=4935"}],"wp:term":[{"taxonomy":"product_brand","embeddable":true,"href":"https:\/\/reviens-y.fr\/en\/wp-json\/wp\/v2\/product_brand?post=4935"},{"taxonomy":"product_cat","embeddable":true,"href":"https:\/\/reviens-y.fr\/en\/wp-json\/wp\/v2\/product_cat?post=4935"},{"taxonomy":"product_tag","embeddable":true,"href":"https:\/\/reviens-y.fr\/en\/wp-json\/wp\/v2\/product_tag?post=4935"}],"curies":[{"name":"wp","href":"https:\/\/api.w.org\/{rel}","templated":true}]}}