{"id":4942,"date":"2025-11-05T11:47:35","date_gmt":"2025-11-05T11:47:35","guid":{"rendered":"https:\/\/reviens-y.fr\/produit\/sweat-unisexe-st-cirq-lapopie-en-couleur\/"},"modified":"2025-11-21T18:10:39","modified_gmt":"2025-11-21T18:10:39","slug":"sweat-unisexe-st-cirq-lapopie-en-couleur","status":"publish","type":"product","link":"https:\/\/reviens-y.fr\/en\/product\/sweat-unisexe-st-cirq-lapopie-en-couleur\/","title":{"rendered":"Unisex sweatshirt <br> St-Cirq-Lapopie en couleur"},"content":{"rendered":"<p>Ce visuel illustre Saint-Cirq-Lapopie dans une composition graphique minimaliste et color\u00e9e. Les falaises, la rivi\u00e8re et les maisons se dessinent en aplats contrast\u00e9s, donnant une vision contemporaine d\u2019un des plus beaux villages de France. La barque sur le Lot rappelle la vie fluviale et l\u2019harmonie entre nature et architecture.<br \/>\nInspir\u00e9 du style vintage, ce graphisme moderne valorise le patrimoine m\u00e9di\u00e9val tout en le rendant accessible et iconique. Il traduit l\u2019atmosph\u00e8re unique du Quercy, o\u00f9 se m\u00ealent histoire, paysages pr\u00e9serv\u00e9s et art de vivre. Un design qui relie tradition et modernit\u00e9, id\u00e9al pour repr\u00e9senter la richesse touristique de la r\u00e9gion.<br \/>\n\u2013<br \/>\nSweat-shirt unisexe en coton et polyester, con\u00e7u pour offrir douceur et chaleur au quotidien. Sa coupe classique et son col en tricot c\u00f4tel\u00e9 assurent un bon maintien, tandis que la conception quart-de-tour \u00e9vite le pli central. Facile \u00e0 entretenir, il conserve sa forme lavage apr\u00e8s lavage.<\/p>\n<p>\u2022 271 g\/m\u00b2<br \/>\n\u2022 50 % coton, 50 % polyester<br \/>\n\u2022 Tissu pr\u00e9r\u00e9tr\u00e9ci, fil\u00e9 par jet d\u2019air pour un toucher doux<br \/>\n\u2022 Col, \u00e9paules, emmanchures, poignets et ourlet \u00e0 couture double<br \/>\n\u2022 Col en tricot c\u00f4tel\u00e9 1\u00d71 avec \u00e9lasthanne<br \/>\n\u2022 Quart-de-tour pour \u00e9viter un pli au milieu<br \/>\n\u2022 Le blanc peut appara\u00eetre blanc cass\u00e9 naturel<\/p>","protected":false},"excerpt":{"rendered":"<p>Ce visuel illustre Saint-Cirq-Lapopie dans une composition graphique minimaliste et color\u00e9e. Les falaises, la rivi\u00e8re et les maisons se dessinent en aplats contrast\u00e9s, donnant une vision contemporaine d\u2019un des plus beaux villages de France. La barque sur le Lot rappelle la vie fluviale et l\u2019harmonie entre nature et architecture. Inspir\u00e9 du style vintage, ce graphisme [&hellip;]<\/p>\n","protected":false},"featured_media":4947,"comment_status":"open","ping_status":"closed","template":"","meta":{"_acf_changed":false},"product_brand":[],"product_cat":[66,116,108,70],"product_tag":[],"class_list":{"0":"post-4942","1":"product","2":"type-product","3":"status-publish","4":"has-post-thumbnail","6":"product_cat-nouveautes","7":"product_cat-saint-cirq-lapopie","8":"product_cat-st-cirq-lapopie-en-couleur","9":"product_cat-sweats","10":"product_shipping_class-sweats","12":"first","13":"instock","14":"taxable","15":"shipping-taxable","16":"purchasable","17":"product-type-variable"},"acf":[],"_links":{"self":[{"href":"https:\/\/reviens-y.fr\/en\/wp-json\/wp\/v2\/product\/4942","targetHints":{"allow":["GET"]}}],"collection":[{"href":"https:\/\/reviens-y.fr\/en\/wp-json\/wp\/v2\/product"}],"about":[{"href":"https:\/\/reviens-y.fr\/en\/wp-json\/wp\/v2\/types\/product"}],"replies":[{"embeddable":true,"href":"https:\/\/reviens-y.fr\/en\/wp-json\/wp\/v2\/comments?post=4942"}],"wp:featuredmedia":[{"embeddable":true,"href":"https:\/\/reviens-y.fr\/en\/wp-json\/wp\/v2\/media\/4947"}],"wp:attachment":[{"href":"https:\/\/reviens-y.fr\/en\/wp-json\/wp\/v2\/media?parent=4942"}],"wp:term":[{"taxonomy":"product_brand","embeddable":true,"href":"https:\/\/reviens-y.fr\/en\/wp-json\/wp\/v2\/product_brand?post=4942"},{"taxonomy":"product_cat","embeddable":true,"href":"https:\/\/reviens-y.fr\/en\/wp-json\/wp\/v2\/product_cat?post=4942"},{"taxonomy":"product_tag","embeddable":true,"href":"https:\/\/reviens-y.fr\/en\/wp-json\/wp\/v2\/product_tag?post=4942"}],"curies":[{"name":"wp","href":"https:\/\/api.w.org\/{rel}","templated":true}]}}