{"id":4950,"date":"2025-11-05T11:56:01","date_gmt":"2025-11-05T11:56:01","guid":{"rendered":"https:\/\/reviens-y.fr\/produit\/casquette-brodee-st-cirq-lapopie-en-couleur\/"},"modified":"2025-11-21T18:10:12","modified_gmt":"2025-11-21T18:10:12","slug":"casquette-brodee-st-cirq-lapopie-en-couleur","status":"publish","type":"product","link":"https:\/\/reviens-y.fr\/en\/product\/casquette-brodee-st-cirq-lapopie-en-couleur\/","title":{"rendered":"Casquette brod\u00e9e <br> St-Cirq-Lapopie en couleur"},"content":{"rendered":"<p>Ce visuel illustre Saint-Cirq-Lapopie dans une composition graphique minimaliste et color\u00e9e. Les falaises, la rivi\u00e8re et les maisons se dessinent en aplats contrast\u00e9s, donnant une vision contemporaine d\u2019un des plus beaux villages de France. La barque sur le Lot rappelle la vie fluviale et l\u2019harmonie entre nature et architecture.<br \/>\nInspir\u00e9 du style vintage, ce graphisme moderne valorise le patrimoine m\u00e9di\u00e9val tout en le rendant accessible et iconique. Il traduit l\u2019atmosph\u00e8re unique du Quercy, o\u00f9 se m\u00ealent histoire, paysages pr\u00e9serv\u00e9s et art de vivre. Un design qui relie tradition et modernit\u00e9, id\u00e9al pour repr\u00e9senter la richesse touristique de la r\u00e9gion.<br \/>\n\u2013<br \/>\nUnisex cap with a curved visor, combining comfort and style for everyday wear. Its unstructured shape and adjustable strap allow for easy fitting, while its twill cotton fabric offers great durability over time.<\/p>\n<p>\u2022 100% chino cotton twill<br \/>\n\u2022 Unstructured, low-profile, flat visor<br \/>\n\u2022 6 embroidered eyelets<br \/>\n\u2022 Couronne de 3 \u215b \u00bb<br \/>\n\u2022 Adjustable strap with antique-style metal buckle<\/p>","protected":false},"excerpt":{"rendered":"<p>Ce visuel illustre Saint-Cirq-Lapopie dans une composition graphique minimaliste et color\u00e9e. Les falaises, la rivi\u00e8re et les maisons se dessinent en aplats contrast\u00e9s, donnant une vision contemporaine d\u2019un des plus beaux villages de France. La barque sur le Lot rappelle la vie fluviale et l\u2019harmonie entre nature et architecture. Inspir\u00e9 du style vintage, ce graphisme [&hellip;]<\/p>\n","protected":false},"featured_media":4954,"comment_status":"open","ping_status":"closed","template":"","meta":{"_acf_changed":false},"product_brand":[],"product_cat":[71,67,116,108],"product_tag":[],"class_list":{"0":"post-4950","1":"product","2":"type-product","3":"status-publish","4":"has-post-thumbnail","6":"product_cat-casquettes","7":"product_cat-idees-cadeaux","8":"product_cat-saint-cirq-lapopie","9":"product_cat-st-cirq-lapopie-en-couleur","10":"product_shipping_class-casquettes","12":"first","13":"instock","14":"taxable","15":"shipping-taxable","16":"purchasable","17":"product-type-variable"},"acf":[],"_links":{"self":[{"href":"https:\/\/reviens-y.fr\/en\/wp-json\/wp\/v2\/product\/4950","targetHints":{"allow":["GET"]}}],"collection":[{"href":"https:\/\/reviens-y.fr\/en\/wp-json\/wp\/v2\/product"}],"about":[{"href":"https:\/\/reviens-y.fr\/en\/wp-json\/wp\/v2\/types\/product"}],"replies":[{"embeddable":true,"href":"https:\/\/reviens-y.fr\/en\/wp-json\/wp\/v2\/comments?post=4950"}],"wp:featuredmedia":[{"embeddable":true,"href":"https:\/\/reviens-y.fr\/en\/wp-json\/wp\/v2\/media\/4954"}],"wp:attachment":[{"href":"https:\/\/reviens-y.fr\/en\/wp-json\/wp\/v2\/media?parent=4950"}],"wp:term":[{"taxonomy":"product_brand","embeddable":true,"href":"https:\/\/reviens-y.fr\/en\/wp-json\/wp\/v2\/product_brand?post=4950"},{"taxonomy":"product_cat","embeddable":true,"href":"https:\/\/reviens-y.fr\/en\/wp-json\/wp\/v2\/product_cat?post=4950"},{"taxonomy":"product_tag","embeddable":true,"href":"https:\/\/reviens-y.fr\/en\/wp-json\/wp\/v2\/product_tag?post=4950"}],"curies":[{"name":"wp","href":"https:\/\/api.w.org\/{rel}","templated":true}]}}