{"id":4996,"date":"2025-11-05T12:34:11","date_gmt":"2025-11-05T12:34:11","guid":{"rendered":"https:\/\/reviens-y.fr\/produit\/sweat-unisexe-le-village-suspendu\/"},"modified":"2025-11-21T18:06:41","modified_gmt":"2025-11-21T18:06:41","slug":"sweat-unisexe-le-village-suspendu","status":"publish","type":"product","link":"https:\/\/reviens-y.fr\/en\/product\/sweat-unisexe-le-village-suspendu\/","title":{"rendered":"Unisex sweatshirt <br> Le village suspendu"},"content":{"rendered":"<p>Perch\u00e9 au sommet d\u2019une falaise, Saint-Cirq-Lapopie se d\u00e9voile tel un v\u00e9ritable \u00ab village suspendu \u00bb. Ses ruelles m\u00e9di\u00e9vales, ses toits typiques et son \u00e9glise embl\u00e9matique composent une silhouette unique, mise en valeur par une lumi\u00e8re \u00e9clatante. Le dessin traduit toute la po\u00e9sie de ce site class\u00e9 parmi les plus beaux villages de France.<br \/>\nEntre patrimoine et panorama, cette illustration capture l\u2019esprit de Saint-Cirq-Lapopie, joyau touristique du Lot. On y retrouve le charme intemporel d\u2019un village qui domine la vall\u00e9e du Lot, attirant voyageurs, amoureux d\u2019histoire et curieux en qu\u00eate d\u2019authenticit\u00e9. Un visuel qui invite \u00e0 la d\u00e9couverte d\u2019un lieu suspendu entre ciel et terre.<br \/>\n\u2013<br \/>\nSweat-shirt unisexe en coton et polyester, con\u00e7u pour offrir douceur et chaleur au quotidien. Sa coupe classique et son col en tricot c\u00f4tel\u00e9 assurent un bon maintien, tandis que la conception quart-de-tour \u00e9vite le pli central. Facile \u00e0 entretenir, il conserve sa forme lavage apr\u00e8s lavage.<\/p>\n<p>\u2022 271 g\/m\u00b2<br \/>\n\u2022 50 % coton, 50 % polyester<br \/>\n\u2022 Tissu pr\u00e9r\u00e9tr\u00e9ci, fil\u00e9 par jet d\u2019air pour un toucher doux<br \/>\n\u2022 Col, \u00e9paules, emmanchures, poignets et ourlet \u00e0 couture double<br \/>\n\u2022 Col en tricot c\u00f4tel\u00e9 1\u00d71 avec \u00e9lasthanne<br \/>\n\u2022 Quart-de-tour pour \u00e9viter un pli au milieu<br \/>\n\u2022 Le blanc peut appara\u00eetre blanc cass\u00e9 naturel<\/p>","protected":false},"excerpt":{"rendered":"<p>Perch\u00e9 au sommet d\u2019une falaise, Saint-Cirq-Lapopie se d\u00e9voile tel un v\u00e9ritable \u00ab village suspendu \u00bb. Ses ruelles m\u00e9di\u00e9vales, ses toits typiques et son \u00e9glise embl\u00e9matique composent une silhouette unique, mise en valeur par une lumi\u00e8re \u00e9clatante. Le dessin traduit toute la po\u00e9sie de ce site class\u00e9 parmi les plus beaux villages de France. Entre patrimoine [&hellip;]<\/p>\n","protected":false},"featured_media":5001,"comment_status":"open","ping_status":"closed","template":"","meta":{"_acf_changed":false},"product_brand":[],"product_cat":[109,116,70],"product_tag":[],"class_list":{"0":"post-4996","1":"product","2":"type-product","3":"status-publish","4":"has-post-thumbnail","6":"product_cat-le-village-suspendu","7":"product_cat-saint-cirq-lapopie","8":"product_cat-sweats","9":"product_shipping_class-sweats","11":"first","12":"instock","13":"taxable","14":"shipping-taxable","15":"purchasable","16":"product-type-variable"},"acf":[],"_links":{"self":[{"href":"https:\/\/reviens-y.fr\/en\/wp-json\/wp\/v2\/product\/4996","targetHints":{"allow":["GET"]}}],"collection":[{"href":"https:\/\/reviens-y.fr\/en\/wp-json\/wp\/v2\/product"}],"about":[{"href":"https:\/\/reviens-y.fr\/en\/wp-json\/wp\/v2\/types\/product"}],"replies":[{"embeddable":true,"href":"https:\/\/reviens-y.fr\/en\/wp-json\/wp\/v2\/comments?post=4996"}],"wp:featuredmedia":[{"embeddable":true,"href":"https:\/\/reviens-y.fr\/en\/wp-json\/wp\/v2\/media\/5001"}],"wp:attachment":[{"href":"https:\/\/reviens-y.fr\/en\/wp-json\/wp\/v2\/media?parent=4996"}],"wp:term":[{"taxonomy":"product_brand","embeddable":true,"href":"https:\/\/reviens-y.fr\/en\/wp-json\/wp\/v2\/product_brand?post=4996"},{"taxonomy":"product_cat","embeddable":true,"href":"https:\/\/reviens-y.fr\/en\/wp-json\/wp\/v2\/product_cat?post=4996"},{"taxonomy":"product_tag","embeddable":true,"href":"https:\/\/reviens-y.fr\/en\/wp-json\/wp\/v2\/product_tag?post=4996"}],"curies":[{"name":"wp","href":"https:\/\/api.w.org\/{rel}","templated":true}]}}