{"id":5008,"date":"2025-11-05T12:38:30","date_gmt":"2025-11-05T12:38:30","guid":{"rendered":"https:\/\/reviens-y.fr\/produit\/mug-blanc-brillant-le-village-suspendu\/"},"modified":"2025-11-21T15:19:24","modified_gmt":"2025-11-21T15:19:24","slug":"mug-blanc-brillant-le-village-suspendu","status":"publish","type":"product","link":"https:\/\/reviens-y.fr\/en\/product\/mug-blanc-brillant-le-village-suspendu\/","title":{"rendered":"Glossy white mug <br> Le village suspendu"},"content":{"rendered":"<p>Perch\u00e9 au sommet d\u2019une falaise, Saint-Cirq-Lapopie se d\u00e9voile tel un v\u00e9ritable \u00ab village suspendu \u00bb. Ses ruelles m\u00e9di\u00e9vales, ses toits typiques et son \u00e9glise embl\u00e9matique composent une silhouette unique, mise en valeur par une lumi\u00e8re \u00e9clatante. Le dessin traduit toute la po\u00e9sie de ce site class\u00e9 parmi les plus beaux villages de France.<br \/>\nEntre patrimoine et panorama, cette illustration capture l\u2019esprit de Saint-Cirq-Lapopie, joyau touristique du Lot. On y retrouve le charme intemporel d\u2019un village qui domine la vall\u00e9e du Lot, attirant voyageurs, amoureux d\u2019histoire et curieux en qu\u00eate d\u2019authenticit\u00e9. Un visuel qui invite \u00e0 la d\u00e9couverte d\u2019un lieu suspendu entre ciel et terre.<br \/>\n\u2013<br \/>\nMug en c\u00e9ramique, pratique et r\u00e9sistant, id\u00e9al pour savourer vos boissons chaudes au quotidien. Sa finition blanche brillante met en valeur les visuels imprim\u00e9s, qui conservent leur \u00e9clat m\u00eame apr\u00e8s plusieurs passages au lave-vaisselle ou au micro-ondes.<\/p>\n<p>\u2022 C\u00e9ramique sans BPA et sans plomb<br \/>\n\u2022 Passe au lave-vaisselle et au micro-ondes<br \/>\n\u2022 Finition blanche brillante<br \/>\n\u2022 Taille 11 oz : 9,6 cm de hauteur \u00d7 8,2 cm de diam\u00e8tre<br \/>\n\u2022 L\u00e9g\u00e8res variations de taille possibles (+\/- 2 mm)<\/p>","protected":false},"excerpt":{"rendered":"<p>Perch\u00e9 au sommet d\u2019une falaise, Saint-Cirq-Lapopie se d\u00e9voile tel un v\u00e9ritable \u00ab village suspendu \u00bb. Ses ruelles m\u00e9di\u00e9vales, ses toits typiques et son \u00e9glise embl\u00e9matique composent une silhouette unique, mise en valeur par une lumi\u00e8re \u00e9clatante. Le dessin traduit toute la po\u00e9sie de ce site class\u00e9 parmi les plus beaux villages de France. Entre patrimoine [&hellip;]<\/p>\n","protected":false},"featured_media":5009,"comment_status":"open","ping_status":"closed","template":"","meta":{"_acf_changed":false},"product_brand":[],"product_cat":[109,73,116],"product_tag":[],"class_list":{"0":"post-5008","1":"product","2":"type-product","3":"status-publish","4":"has-post-thumbnail","6":"product_cat-le-village-suspendu","7":"product_cat-mugs","8":"product_cat-saint-cirq-lapopie","9":"product_shipping_class-mugs","11":"first","12":"instock","13":"taxable","14":"shipping-taxable","15":"purchasable","16":"product-type-simple"},"acf":[],"_links":{"self":[{"href":"https:\/\/reviens-y.fr\/en\/wp-json\/wp\/v2\/product\/5008","targetHints":{"allow":["GET"]}}],"collection":[{"href":"https:\/\/reviens-y.fr\/en\/wp-json\/wp\/v2\/product"}],"about":[{"href":"https:\/\/reviens-y.fr\/en\/wp-json\/wp\/v2\/types\/product"}],"replies":[{"embeddable":true,"href":"https:\/\/reviens-y.fr\/en\/wp-json\/wp\/v2\/comments?post=5008"}],"wp:featuredmedia":[{"embeddable":true,"href":"https:\/\/reviens-y.fr\/en\/wp-json\/wp\/v2\/media\/5009"}],"wp:attachment":[{"href":"https:\/\/reviens-y.fr\/en\/wp-json\/wp\/v2\/media?parent=5008"}],"wp:term":[{"taxonomy":"product_brand","embeddable":true,"href":"https:\/\/reviens-y.fr\/en\/wp-json\/wp\/v2\/product_brand?post=5008"},{"taxonomy":"product_cat","embeddable":true,"href":"https:\/\/reviens-y.fr\/en\/wp-json\/wp\/v2\/product_cat?post=5008"},{"taxonomy":"product_tag","embeddable":true,"href":"https:\/\/reviens-y.fr\/en\/wp-json\/wp\/v2\/product_tag?post=5008"}],"curies":[{"name":"wp","href":"https:\/\/api.w.org\/{rel}","templated":true}]}}