{"id":5012,"date":"2025-11-05T12:40:13","date_gmt":"2025-11-05T12:40:13","guid":{"rendered":"https:\/\/reviens-y.fr\/produit\/tote-bag-coton-bio-le-village-suspendu\/"},"modified":"2025-11-21T15:22:03","modified_gmt":"2025-11-21T15:22:03","slug":"tote-bag-coton-bio-le-village-suspendu","status":"publish","type":"product","link":"https:\/\/reviens-y.fr\/en\/product\/tote-bag-coton-bio-le-village-suspendu\/","title":{"rendered":"Tote Bag coton Bio <br> Le village suspendu"},"content":{"rendered":"<p>Perch\u00e9 au sommet d\u2019une falaise, Saint-Cirq-Lapopie se d\u00e9voile tel un v\u00e9ritable \u00ab village suspendu \u00bb. Ses ruelles m\u00e9di\u00e9vales, ses toits typiques et son \u00e9glise embl\u00e9matique composent une silhouette unique, mise en valeur par une lumi\u00e8re \u00e9clatante. Le dessin traduit toute la po\u00e9sie de ce site class\u00e9 parmi les plus beaux villages de France.<br \/>\nEntre patrimoine et panorama, cette illustration capture l\u2019esprit de Saint-Cirq-Lapopie, joyau touristique du Lot. On y retrouve le charme intemporel d\u2019un village qui domine la vall\u00e9e du Lot, attirant voyageurs, amoureux d\u2019histoire et curieux en qu\u00eate d\u2019authenticit\u00e9. Un visuel qui invite \u00e0 la d\u00e9couverte d\u2019un lieu suspendu entre ciel et terre.<br \/>\n\u2013<br \/>\nTote bag en coton biologique robuste et pratique, id\u00e9al pour les courses, les livres ou un usage quotidien. Sa grande capacit\u00e9 et ses anses longues assurent confort et polyvalence, tout en garantissant un impact environnemental r\u00e9duit gr\u00e2ce \u00e0 sa fabrication certifi\u00e9e.<\/p>\n<p>\u2022 100 % coton biologique certifi\u00e9 serg\u00e9 3\/1<br \/>\n\u2022 272 g\/m\u00b2 (8 oz\/yd\u00b2)<br \/>\n\u2022 Dimensions : 40,6 \u00d7 35,6 \u00d7 12,7 cm<br \/>\n\u2022 Anses de 2,5 cm de large, longueur 62,2 cm<br \/>\n\u2022 Capacit\u00e9 maximale : 13,6 kg<br \/>\n\u2022 Compartiment principal ouvert<br \/>\n\u2022 Certifi\u00e9 GOTS et OCS pour son contenu en coton bio<br \/>\n\u2022 Certifi\u00e9 OEKO-TEX Standard 100 et approuv\u00e9 vegan par PETA<\/p>","protected":false},"excerpt":{"rendered":"<p>Perch\u00e9 au sommet d\u2019une falaise, Saint-Cirq-Lapopie se d\u00e9voile tel un v\u00e9ritable \u00ab village suspendu \u00bb. Ses ruelles m\u00e9di\u00e9vales, ses toits typiques et son \u00e9glise embl\u00e9matique composent une silhouette unique, mise en valeur par une lumi\u00e8re \u00e9clatante. Le dessin traduit toute la po\u00e9sie de ce site class\u00e9 parmi les plus beaux villages de France. Entre patrimoine [&hellip;]<\/p>\n","protected":false},"featured_media":5013,"comment_status":"open","ping_status":"closed","template":"","meta":{"_acf_changed":false},"product_brand":[],"product_cat":[109,116,72],"product_tag":[],"class_list":{"0":"post-5012","1":"product","2":"type-product","3":"status-publish","4":"has-post-thumbnail","6":"product_cat-le-village-suspendu","7":"product_cat-saint-cirq-lapopie","8":"product_cat-tote-bags","9":"product_shipping_class-tote-bags","11":"first","12":"instock","13":"taxable","14":"shipping-taxable","15":"purchasable","16":"product-type-simple"},"acf":[],"_links":{"self":[{"href":"https:\/\/reviens-y.fr\/en\/wp-json\/wp\/v2\/product\/5012","targetHints":{"allow":["GET"]}}],"collection":[{"href":"https:\/\/reviens-y.fr\/en\/wp-json\/wp\/v2\/product"}],"about":[{"href":"https:\/\/reviens-y.fr\/en\/wp-json\/wp\/v2\/types\/product"}],"replies":[{"embeddable":true,"href":"https:\/\/reviens-y.fr\/en\/wp-json\/wp\/v2\/comments?post=5012"}],"wp:featuredmedia":[{"embeddable":true,"href":"https:\/\/reviens-y.fr\/en\/wp-json\/wp\/v2\/media\/5013"}],"wp:attachment":[{"href":"https:\/\/reviens-y.fr\/en\/wp-json\/wp\/v2\/media?parent=5012"}],"wp:term":[{"taxonomy":"product_brand","embeddable":true,"href":"https:\/\/reviens-y.fr\/en\/wp-json\/wp\/v2\/product_brand?post=5012"},{"taxonomy":"product_cat","embeddable":true,"href":"https:\/\/reviens-y.fr\/en\/wp-json\/wp\/v2\/product_cat?post=5012"},{"taxonomy":"product_tag","embeddable":true,"href":"https:\/\/reviens-y.fr\/en\/wp-json\/wp\/v2\/product_tag?post=5012"}],"curies":[{"name":"wp","href":"https:\/\/api.w.org\/{rel}","templated":true}]}}