{"id":5023,"date":"2025-11-05T12:44:46","date_gmt":"2025-11-05T12:44:46","guid":{"rendered":"https:\/\/reviens-y.fr\/produit\/carte-postale-le-village-suspendu\/"},"modified":"2025-11-21T15:20:40","modified_gmt":"2025-11-21T15:20:40","slug":"carte-postale-le-village-suspendu","status":"publish","type":"product","link":"https:\/\/reviens-y.fr\/en\/product\/carte-postale-le-village-suspendu\/","title":{"rendered":"Carte postale <br> Le village suspendu"},"content":{"rendered":"<p>Perch\u00e9 au sommet d\u2019une falaise, Saint-Cirq-Lapopie se d\u00e9voile tel un v\u00e9ritable \u00ab village suspendu \u00bb. Ses ruelles m\u00e9di\u00e9vales, ses toits typiques et son \u00e9glise embl\u00e9matique composent une silhouette unique, mise en valeur par une lumi\u00e8re \u00e9clatante. Le dessin traduit toute la po\u00e9sie de ce site class\u00e9 parmi les plus beaux villages de France.<br \/>\nEntre patrimoine et panorama, cette illustration capture l\u2019esprit de Saint-Cirq-Lapopie, joyau touristique du Lot. On y retrouve le charme intemporel d\u2019un village qui domine la vall\u00e9e du Lot, attirant voyageurs, amoureux d\u2019histoire et curieux en qu\u00eate d\u2019authenticit\u00e9. Un visuel qui invite \u00e0 la d\u00e9couverte d\u2019un lieu suspendu entre ciel et terre.<br \/>\n&#8211;<br \/>\nUne carte postale con\u00e7ue pour durer, avec une impression nette et des couleurs fid\u00e8les. Fabriqu\u00e9e sur un papier cartonn\u00e9 \u00e9pais de qualit\u00e9 professionnelle (260 \u00e0 350 g\/m\u00b2), elle offre une surface ext\u00e9rieure l\u00e9g\u00e8rement satin\u00e9e, id\u00e9ale pour les visuels d\u00e9taill\u00e9s, et un verso pens\u00e9 pour l\u2019\u00e9criture.<br \/>\nAvec son format standard 10 \u00d7 15 cm, elle s\u2019adapte \u00e0 tous les usages : envoi postal, carte souvenir, communication visuelle ou \u00e9l\u00e9ment d\u00e9coratif.<\/p>\n<p>\u2013 Technique d\u2019impression : impression laser num\u00e9rique \u00e0 base de toner<br \/>\n\u2013 Finition : mate, avec surface ext\u00e9rieure l\u00e9g\u00e8rement brillante<br \/>\n\u2013 Type de papier : carton rigide premium<br \/>\n\u2013 Poids du papier : 260 \u2013 350 g\/m\u00b2<br \/>\n\u2013 \u00c9paisseur : 0,34 mm<br \/>\n\u2013 Format : 10 \u00d7 15 cm (4 \u00d7 6\u201d)<br \/>\n\u2013 Surface ext\u00e9rieure : lamin\u00e9e, excellente pour l\u2019impression d\u2019images<br \/>\n\u2013 Surface int\u00e9rieure : l\u00e9g\u00e8rement enduite, parfaite pour l\u2019\u00e9criture au stylo-bille<\/p>","protected":false},"excerpt":{"rendered":"<p>Perch\u00e9 au sommet d\u2019une falaise, Saint-Cirq-Lapopie se d\u00e9voile tel un v\u00e9ritable \u00ab village suspendu \u00bb. Ses ruelles m\u00e9di\u00e9vales, ses toits typiques et son \u00e9glise embl\u00e9matique composent une silhouette unique, mise en valeur par une lumi\u00e8re \u00e9clatante. Le dessin traduit toute la po\u00e9sie de ce site class\u00e9 parmi les plus beaux villages de France. Entre patrimoine [&hellip;]<\/p>\n","protected":false},"featured_media":5024,"comment_status":"open","ping_status":"closed","template":"","meta":{"_acf_changed":false},"product_brand":[],"product_cat":[95,109,116],"product_tag":[],"class_list":{"0":"post-5023","1":"product","2":"type-product","3":"status-publish","4":"has-post-thumbnail","6":"product_cat-cartes-postales","7":"product_cat-le-village-suspendu","8":"product_cat-saint-cirq-lapopie","9":"product_shipping_class-cartes-postales","11":"first","12":"instock","13":"taxable","14":"shipping-taxable","15":"purchasable","16":"product-type-simple"},"acf":[],"_links":{"self":[{"href":"https:\/\/reviens-y.fr\/en\/wp-json\/wp\/v2\/product\/5023","targetHints":{"allow":["GET"]}}],"collection":[{"href":"https:\/\/reviens-y.fr\/en\/wp-json\/wp\/v2\/product"}],"about":[{"href":"https:\/\/reviens-y.fr\/en\/wp-json\/wp\/v2\/types\/product"}],"replies":[{"embeddable":true,"href":"https:\/\/reviens-y.fr\/en\/wp-json\/wp\/v2\/comments?post=5023"}],"wp:featuredmedia":[{"embeddable":true,"href":"https:\/\/reviens-y.fr\/en\/wp-json\/wp\/v2\/media\/5024"}],"wp:attachment":[{"href":"https:\/\/reviens-y.fr\/en\/wp-json\/wp\/v2\/media?parent=5023"}],"wp:term":[{"taxonomy":"product_brand","embeddable":true,"href":"https:\/\/reviens-y.fr\/en\/wp-json\/wp\/v2\/product_brand?post=5023"},{"taxonomy":"product_cat","embeddable":true,"href":"https:\/\/reviens-y.fr\/en\/wp-json\/wp\/v2\/product_cat?post=5023"},{"taxonomy":"product_tag","embeddable":true,"href":"https:\/\/reviens-y.fr\/en\/wp-json\/wp\/v2\/product_tag?post=5023"}],"curies":[{"name":"wp","href":"https:\/\/api.w.org\/{rel}","templated":true}]}}