{"id":5038,"date":"2025-11-05T13:14:16","date_gmt":"2025-11-05T13:14:16","guid":{"rendered":"https:\/\/reviens-y.fr\/produit\/hoodie-unisexe-la-croisiere-en-gabare\/"},"modified":"2025-11-21T18:03:32","modified_gmt":"2025-11-21T18:03:32","slug":"hoodie-unisexe-la-croisiere-en-gabare","status":"publish","type":"product","link":"https:\/\/reviens-y.fr\/en\/product\/hoodie-unisexe-la-croisiere-en-gabare\/","title":{"rendered":"Hoodie unisexe <br> La croisi\u00e8re en Gabare"},"content":{"rendered":"<p>Cette illustration met en avant la c\u00e9l\u00e8bre gabare, bateau traditionnel qui sillonne les eaux calmes du Lot. En arri\u00e8re-plan, le village de Saint-Cirq-Lapopie se dessine, offrant un contraste unique entre patrimoine m\u00e9di\u00e9val et douceur des rives. Le graphisme \u00e9pur\u00e9 \u00e9voque autant le voyage que la d\u00e9couverte.<br \/>\nEmbarquer pour une croisi\u00e8re en gabare, c\u2019est plonger au c\u0153ur de l\u2019histoire fluviale du Sud-Ouest. On y admire la vall\u00e9e, les falaises et les paysages authentiques qui font la renomm\u00e9e touristique du Lot. Ce visuel capture l\u2019esprit d\u2019une escapade paisible et culturelle, entre eau, pierre et nature.<br \/>\n\u2013<br \/>\nSweat \u00e0 capuche unisexe con\u00e7u pour un usage quotidien, offrant chaleur et confort lors des journ\u00e9es fra\u00eeches. Sa coupe classique et sa grande poche frontale en font une pi\u00e8ce pratique et facile \u00e0 porter. La capuche doubl\u00e9e avec cordon de serrage assorti assure une protection suppl\u00e9mentaire contre le froid.<\/p>\n<p>\u2022 271 g\/m\u00b2<br \/>\n\u2022 50 % coton pr\u00e9r\u00e9tr\u00e9ci, 50 % polyester<br \/>\n\u2022 Tissu fil\u00e9 par jet d\u2019air pour un toucher doux et moins de boulochage<br \/>\n\u2022 Capuche \u00e0 double doublure avec cordon assorti<br \/>\n\u2022 Poignets et ceinture en tricot c\u00f4tel\u00e9 1\u00d71 avec \u00e9lasthanne<br \/>\n\u2022 Couture double aux \u00e9paules, poignets et ourlet<br \/>\n\u2022 Le blanc peut appara\u00eetre blanc cass\u00e9 naturel<\/p>","protected":false},"excerpt":{"rendered":"<p>Cette illustration met en avant la c\u00e9l\u00e8bre gabare, bateau traditionnel qui sillonne les eaux calmes du Lot. En arri\u00e8re-plan, le village de Saint-Cirq-Lapopie se dessine, offrant un contraste unique entre patrimoine m\u00e9di\u00e9val et douceur des rives. Le graphisme \u00e9pur\u00e9 \u00e9voque autant le voyage que la d\u00e9couverte. Embarquer pour une croisi\u00e8re en gabare, c\u2019est plonger au [&hellip;]<\/p>\n","protected":false},"featured_media":5051,"comment_status":"open","ping_status":"closed","template":"","meta":{"_acf_changed":false},"product_brand":[],"product_cat":[69,110,116],"product_tag":[],"class_list":{"0":"post-5038","1":"product","2":"type-product","3":"status-publish","4":"has-post-thumbnail","6":"product_cat-hoodies","7":"product_cat-la-croisiere-en-gabare","8":"product_cat-saint-cirq-lapopie","9":"product_shipping_class-hoodies","11":"first","12":"instock","13":"taxable","14":"shipping-taxable","15":"purchasable","16":"product-type-variable"},"acf":[],"_links":{"self":[{"href":"https:\/\/reviens-y.fr\/en\/wp-json\/wp\/v2\/product\/5038","targetHints":{"allow":["GET"]}}],"collection":[{"href":"https:\/\/reviens-y.fr\/en\/wp-json\/wp\/v2\/product"}],"about":[{"href":"https:\/\/reviens-y.fr\/en\/wp-json\/wp\/v2\/types\/product"}],"replies":[{"embeddable":true,"href":"https:\/\/reviens-y.fr\/en\/wp-json\/wp\/v2\/comments?post=5038"}],"wp:featuredmedia":[{"embeddable":true,"href":"https:\/\/reviens-y.fr\/en\/wp-json\/wp\/v2\/media\/5051"}],"wp:attachment":[{"href":"https:\/\/reviens-y.fr\/en\/wp-json\/wp\/v2\/media?parent=5038"}],"wp:term":[{"taxonomy":"product_brand","embeddable":true,"href":"https:\/\/reviens-y.fr\/en\/wp-json\/wp\/v2\/product_brand?post=5038"},{"taxonomy":"product_cat","embeddable":true,"href":"https:\/\/reviens-y.fr\/en\/wp-json\/wp\/v2\/product_cat?post=5038"},{"taxonomy":"product_tag","embeddable":true,"href":"https:\/\/reviens-y.fr\/en\/wp-json\/wp\/v2\/product_tag?post=5038"}],"curies":[{"name":"wp","href":"https:\/\/api.w.org\/{rel}","templated":true}]}}