{"id":5075,"date":"2025-11-05T13:21:33","date_gmt":"2025-11-05T13:21:33","guid":{"rendered":"https:\/\/reviens-y.fr\/produit\/tote-bag-coton-bio-la-croisiere-en-gabare-2\/"},"modified":"2025-11-21T15:30:27","modified_gmt":"2025-11-21T15:30:27","slug":"tote-bag-coton-bio-la-croisiere-en-gabare-2","status":"publish","type":"product","link":"https:\/\/reviens-y.fr\/en\/product\/tote-bag-coton-bio-la-croisiere-en-gabare-2\/","title":{"rendered":"Tote Bag coton Bio <br> La croisi\u00e8re en Gabare"},"content":{"rendered":"<p>Cette illustration met en avant la c\u00e9l\u00e8bre gabare, bateau traditionnel qui sillonne les eaux calmes du Lot. En arri\u00e8re-plan, le village de Saint-Cirq-Lapopie se dessine, offrant un contraste unique entre patrimoine m\u00e9di\u00e9val et douceur des rives. Le graphisme \u00e9pur\u00e9 \u00e9voque autant le voyage que la d\u00e9couverte.<br \/>\nEmbarquer pour une croisi\u00e8re en gabare, c\u2019est plonger au c\u0153ur de l\u2019histoire fluviale du Sud-Ouest. On y admire la vall\u00e9e, les falaises et les paysages authentiques qui font la renomm\u00e9e touristique du Lot. Ce visuel capture l\u2019esprit d\u2019une escapade paisible et culturelle, entre eau, pierre et nature.<br \/>\n\u2013<br \/>\nTote bag en coton biologique robuste et pratique, id\u00e9al pour les courses, les livres ou un usage quotidien. Sa grande capacit\u00e9 et ses anses longues assurent confort et polyvalence, tout en garantissant un impact environnemental r\u00e9duit gr\u00e2ce \u00e0 sa fabrication certifi\u00e9e.<\/p>\n<p>\u2022 100 % coton biologique certifi\u00e9 serg\u00e9 3\/1<br \/>\n\u2022 272 g\/m\u00b2 (8 oz\/yd\u00b2)<br \/>\n\u2022 Dimensions : 40,6 \u00d7 35,6 \u00d7 12,7 cm<br \/>\n\u2022 Anses de 2,5 cm de large, longueur 62,2 cm<br \/>\n\u2022 Capacit\u00e9 maximale : 13,6 kg<br \/>\n\u2022 Compartiment principal ouvert<br \/>\n\u2022 Certifi\u00e9 GOTS et OCS pour son contenu en coton bio<br \/>\n\u2022 Certifi\u00e9 OEKO-TEX Standard 100 et approuv\u00e9 vegan par PETA<\/p>","protected":false},"excerpt":{"rendered":"<p>Cette illustration met en avant la c\u00e9l\u00e8bre gabare, bateau traditionnel qui sillonne les eaux calmes du Lot. En arri\u00e8re-plan, le village de Saint-Cirq-Lapopie se dessine, offrant un contraste unique entre patrimoine m\u00e9di\u00e9val et douceur des rives. Le graphisme \u00e9pur\u00e9 \u00e9voque autant le voyage que la d\u00e9couverte. Embarquer pour une croisi\u00e8re en gabare, c\u2019est plonger au [&hellip;]<\/p>\n","protected":false},"featured_media":5078,"comment_status":"open","ping_status":"closed","template":"","meta":{"_acf_changed":false},"product_brand":[],"product_cat":[110,116,72],"product_tag":[],"class_list":{"0":"post-5075","1":"product","2":"type-product","3":"status-publish","4":"has-post-thumbnail","6":"product_cat-la-croisiere-en-gabare","7":"product_cat-saint-cirq-lapopie","8":"product_cat-tote-bags","9":"product_shipping_class-tote-bags","11":"first","12":"instock","13":"taxable","14":"shipping-taxable","15":"purchasable","16":"product-type-variable"},"acf":[],"_links":{"self":[{"href":"https:\/\/reviens-y.fr\/en\/wp-json\/wp\/v2\/product\/5075","targetHints":{"allow":["GET"]}}],"collection":[{"href":"https:\/\/reviens-y.fr\/en\/wp-json\/wp\/v2\/product"}],"about":[{"href":"https:\/\/reviens-y.fr\/en\/wp-json\/wp\/v2\/types\/product"}],"replies":[{"embeddable":true,"href":"https:\/\/reviens-y.fr\/en\/wp-json\/wp\/v2\/comments?post=5075"}],"wp:featuredmedia":[{"embeddable":true,"href":"https:\/\/reviens-y.fr\/en\/wp-json\/wp\/v2\/media\/5078"}],"wp:attachment":[{"href":"https:\/\/reviens-y.fr\/en\/wp-json\/wp\/v2\/media?parent=5075"}],"wp:term":[{"taxonomy":"product_brand","embeddable":true,"href":"https:\/\/reviens-y.fr\/en\/wp-json\/wp\/v2\/product_brand?post=5075"},{"taxonomy":"product_cat","embeddable":true,"href":"https:\/\/reviens-y.fr\/en\/wp-json\/wp\/v2\/product_cat?post=5075"},{"taxonomy":"product_tag","embeddable":true,"href":"https:\/\/reviens-y.fr\/en\/wp-json\/wp\/v2\/product_tag?post=5075"}],"curies":[{"name":"wp","href":"https:\/\/api.w.org\/{rel}","templated":true}]}}