{"id":5087,"date":"2025-11-05T13:25:45","date_gmt":"2025-11-05T13:25:45","guid":{"rendered":"https:\/\/reviens-y.fr\/produit\/affiche-la-croisiere-en-gabare\/"},"modified":"2025-11-21T18:02:06","modified_gmt":"2025-11-21T18:02:06","slug":"affiche-la-croisiere-en-gabare","status":"publish","type":"product","link":"https:\/\/reviens-y.fr\/en\/product\/affiche-la-croisiere-en-gabare\/","title":{"rendered":"Affiche <br> La croisi\u00e8re en Gabare"},"content":{"rendered":"<p>Cette illustration met en avant la c\u00e9l\u00e8bre gabare, bateau traditionnel qui sillonne les eaux calmes du Lot. En arri\u00e8re-plan, le village de Saint-Cirq-Lapopie se dessine, offrant un contraste unique entre patrimoine m\u00e9di\u00e9val et douceur des rives. Le graphisme \u00e9pur\u00e9 \u00e9voque autant le voyage que la d\u00e9couverte.<br \/>\nEmbarquer pour une croisi\u00e8re en gabare, c\u2019est plonger au c\u0153ur de l\u2019histoire fluviale du Sud-Ouest. On y admire la vall\u00e9e, les falaises et les paysages authentiques qui font la renomm\u00e9e touristique du Lot. Ce visuel capture l\u2019esprit d\u2019une escapade paisible et culturelle, entre eau, pierre et nature.<br \/>\n\u2013<br \/>\nApportez une touche unique \u00e0 votre int\u00e9rieur avec cette affiche imprim\u00e9e en jet d\u2019encre multicolore \u00e0 base d\u2019eau, offrant un rendu pr\u00e9cis, des couleurs profondes et une finition mate \u00e9l\u00e9gante. Chaque affiche est r\u00e9alis\u00e9e sur un papier de qualit\u00e9 sup\u00e9rieure, con\u00e7u pour r\u00e9sister au temps et conserver toute sa luminosit\u00e9.<br \/>\nDisponible en deux formats : 30\u00d740 cm et 50\u00d770 cm ; elle s\u2019int\u00e8gre facilement dans tout type d\u2019espace, du bureau au salon, en passant par la chambre.<\/p>\n<p>\u2013 Technique d\u2019impression : jet d\u2019encre multicolore \u00e0 base d\u2019eau<br \/>\n\u2013 Finition : mate (absorbant la lumi\u00e8re, sans reflet)<br \/>\n\u2013 Type de papier : Couch\u00e9 premium<br \/>\n\u2013 \u00c9paisseur : 0,145 mm<br \/>\n\u2013 Grammage : 170 g\/m\u00b2<br \/>\n\u2013 Opacit\u00e9 : 97,5 %<br \/>\n\u2013 Luminosit\u00e9 ISO : 38 %<br \/>\n\u2013 Origine du papier : Japon<br \/>\n\u2013 Formats disponibles :<br \/>\n\u2022 30 \u00d7 40 cm<br \/>\n\u2022 50 \u00d7 70 cm<\/p>","protected":false},"excerpt":{"rendered":"<p>Cette illustration met en avant la c\u00e9l\u00e8bre gabare, bateau traditionnel qui sillonne les eaux calmes du Lot. En arri\u00e8re-plan, le village de Saint-Cirq-Lapopie se dessine, offrant un contraste unique entre patrimoine m\u00e9di\u00e9val et douceur des rives. Le graphisme \u00e9pur\u00e9 \u00e9voque autant le voyage que la d\u00e9couverte. Embarquer pour une croisi\u00e8re en gabare, c\u2019est plonger au [&hellip;]<\/p>\n","protected":false},"featured_media":5090,"comment_status":"open","ping_status":"closed","template":"","meta":{"_acf_changed":false},"product_brand":[],"product_cat":[94,110,116],"product_tag":[],"class_list":{"0":"post-5087","1":"product","2":"type-product","3":"status-publish","4":"has-post-thumbnail","6":"product_cat-affiches","7":"product_cat-la-croisiere-en-gabare","8":"product_cat-saint-cirq-lapopie","9":"product_shipping_class-affiches","11":"first","12":"instock","13":"taxable","14":"shipping-taxable","15":"purchasable","16":"product-type-variable"},"acf":[],"_links":{"self":[{"href":"https:\/\/reviens-y.fr\/en\/wp-json\/wp\/v2\/product\/5087","targetHints":{"allow":["GET"]}}],"collection":[{"href":"https:\/\/reviens-y.fr\/en\/wp-json\/wp\/v2\/product"}],"about":[{"href":"https:\/\/reviens-y.fr\/en\/wp-json\/wp\/v2\/types\/product"}],"replies":[{"embeddable":true,"href":"https:\/\/reviens-y.fr\/en\/wp-json\/wp\/v2\/comments?post=5087"}],"wp:featuredmedia":[{"embeddable":true,"href":"https:\/\/reviens-y.fr\/en\/wp-json\/wp\/v2\/media\/5090"}],"wp:attachment":[{"href":"https:\/\/reviens-y.fr\/en\/wp-json\/wp\/v2\/media?parent=5087"}],"wp:term":[{"taxonomy":"product_brand","embeddable":true,"href":"https:\/\/reviens-y.fr\/en\/wp-json\/wp\/v2\/product_brand?post=5087"},{"taxonomy":"product_cat","embeddable":true,"href":"https:\/\/reviens-y.fr\/en\/wp-json\/wp\/v2\/product_cat?post=5087"},{"taxonomy":"product_tag","embeddable":true,"href":"https:\/\/reviens-y.fr\/en\/wp-json\/wp\/v2\/product_tag?post=5087"}],"curies":[{"name":"wp","href":"https:\/\/api.w.org\/{rel}","templated":true}]}}