{"id":5109,"date":"2025-11-05T13:42:32","date_gmt":"2025-11-05T13:42:32","guid":{"rendered":"https:\/\/reviens-y.fr\/produit\/hoodie-unisexe-promenade-en-quercy\/"},"modified":"2025-11-21T18:01:06","modified_gmt":"2025-11-21T18:01:06","slug":"hoodie-unisexe-promenade-en-quercy","status":"publish","type":"product","link":"https:\/\/reviens-y.fr\/en\/product\/hoodie-unisexe-promenade-en-quercy\/","title":{"rendered":"Hoodie unisexe <br> Promenade en Quercy"},"content":{"rendered":"<p>\u00c0 travers l\u2019arche de pierre, une silhouette f\u00e9minine d\u00e9couvre les ruelles pittoresques de Saint-Cirq-Lapopie. Le graphisme met en valeur le charme du Quercy avec ses maisons typiques, ses fa\u00e7ades anciennes et son ambiance douce et authentique. L\u2019illustration \u00e9voque une balade hors du temps, entre histoire et art de vivre.<br \/>\nSymbole du tourisme dans le Lot, Saint-Cirq-Lapopie attire les visiteurs par son patrimoine pr\u00e9serv\u00e9 et ses panoramas remarquables. Ce visuel capture l\u2019esprit d\u2019un village o\u00f9 chaque d\u00e9tour r\u00e9v\u00e8le un d\u00e9tail architectural unique, une atmosph\u00e8re chaleureuse et l\u2019essence m\u00eame du Quercy, terre de caract\u00e8re et de traditions.<br \/>\n\u2013<br \/>\nSweat \u00e0 capuche unisexe con\u00e7u pour un usage quotidien, offrant chaleur et confort lors des journ\u00e9es fra\u00eeches. Sa coupe classique et sa grande poche frontale en font une pi\u00e8ce pratique et facile \u00e0 porter. La capuche doubl\u00e9e avec cordon de serrage assorti assure une protection suppl\u00e9mentaire contre le froid.<\/p>\n<p>\u2022 271 g\/m\u00b2<br \/>\n\u2022 50 % coton pr\u00e9r\u00e9tr\u00e9ci, 50 % polyester<br \/>\n\u2022 Tissu fil\u00e9 par jet d\u2019air pour un toucher doux et moins de boulochage<br \/>\n\u2022 Capuche \u00e0 double doublure avec cordon assorti<br \/>\n\u2022 Poignets et ceinture en tricot c\u00f4tel\u00e9 1\u00d71 avec \u00e9lasthanne<br \/>\n\u2022 Couture double aux \u00e9paules, poignets et ourlet<br \/>\n\u2022 Le blanc peut appara\u00eetre blanc cass\u00e9 naturel<\/p>","protected":false},"excerpt":{"rendered":"<p>\u00c0 travers l\u2019arche de pierre, une silhouette f\u00e9minine d\u00e9couvre les ruelles pittoresques de Saint-Cirq-Lapopie. Le graphisme met en valeur le charme du Quercy avec ses maisons typiques, ses fa\u00e7ades anciennes et son ambiance douce et authentique. L\u2019illustration \u00e9voque une balade hors du temps, entre histoire et art de vivre. Symbole du tourisme dans le Lot, [&hellip;]<\/p>\n","protected":false},"featured_media":5122,"comment_status":"open","ping_status":"closed","template":"","meta":{"_acf_changed":false},"product_brand":[],"product_cat":[69,111,116],"product_tag":[],"class_list":{"0":"post-5109","1":"product","2":"type-product","3":"status-publish","4":"has-post-thumbnail","6":"product_cat-hoodies","7":"product_cat-promenade-en-quercy","8":"product_cat-saint-cirq-lapopie","9":"product_shipping_class-hoodies","11":"first","12":"instock","13":"taxable","14":"shipping-taxable","15":"purchasable","16":"product-type-variable"},"acf":[],"_links":{"self":[{"href":"https:\/\/reviens-y.fr\/en\/wp-json\/wp\/v2\/product\/5109","targetHints":{"allow":["GET"]}}],"collection":[{"href":"https:\/\/reviens-y.fr\/en\/wp-json\/wp\/v2\/product"}],"about":[{"href":"https:\/\/reviens-y.fr\/en\/wp-json\/wp\/v2\/types\/product"}],"replies":[{"embeddable":true,"href":"https:\/\/reviens-y.fr\/en\/wp-json\/wp\/v2\/comments?post=5109"}],"wp:featuredmedia":[{"embeddable":true,"href":"https:\/\/reviens-y.fr\/en\/wp-json\/wp\/v2\/media\/5122"}],"wp:attachment":[{"href":"https:\/\/reviens-y.fr\/en\/wp-json\/wp\/v2\/media?parent=5109"}],"wp:term":[{"taxonomy":"product_brand","embeddable":true,"href":"https:\/\/reviens-y.fr\/en\/wp-json\/wp\/v2\/product_brand?post=5109"},{"taxonomy":"product_cat","embeddable":true,"href":"https:\/\/reviens-y.fr\/en\/wp-json\/wp\/v2\/product_cat?post=5109"},{"taxonomy":"product_tag","embeddable":true,"href":"https:\/\/reviens-y.fr\/en\/wp-json\/wp\/v2\/product_tag?post=5109"}],"curies":[{"name":"wp","href":"https:\/\/api.w.org\/{rel}","templated":true}]}}