{"id":5128,"date":"2025-11-05T13:45:04","date_gmt":"2025-11-05T13:45:04","guid":{"rendered":"https:\/\/reviens-y.fr\/produit\/sweat-unisexe-promenade-en-quercy\/"},"modified":"2025-11-21T18:00:24","modified_gmt":"2025-11-21T18:00:24","slug":"sweat-unisexe-promenade-en-quercy","status":"publish","type":"product","link":"https:\/\/reviens-y.fr\/en\/product\/sweat-unisexe-promenade-en-quercy\/","title":{"rendered":"Unisex sweatshirt <br> Promenade en Quercy"},"content":{"rendered":"<p>\u00c0 travers l\u2019arche de pierre, une silhouette f\u00e9minine d\u00e9couvre les ruelles pittoresques de Saint-Cirq-Lapopie. Le graphisme met en valeur le charme du Quercy avec ses maisons typiques, ses fa\u00e7ades anciennes et son ambiance douce et authentique. L\u2019illustration \u00e9voque une balade hors du temps, entre histoire et art de vivre.<br \/>\nSymbole du tourisme dans le Lot, Saint-Cirq-Lapopie attire les visiteurs par son patrimoine pr\u00e9serv\u00e9 et ses panoramas remarquables. Ce visuel capture l\u2019esprit d\u2019un village o\u00f9 chaque d\u00e9tour r\u00e9v\u00e8le un d\u00e9tail architectural unique, une atmosph\u00e8re chaleureuse et l\u2019essence m\u00eame du Quercy, terre de caract\u00e8re et de traditions.<br \/>\n\u2013<br \/>\nSweat-shirt unisexe en coton et polyester, con\u00e7u pour offrir douceur et chaleur au quotidien. Sa coupe classique et son col en tricot c\u00f4tel\u00e9 assurent un bon maintien, tandis que la conception quart-de-tour \u00e9vite le pli central. Facile \u00e0 entretenir, il conserve sa forme lavage apr\u00e8s lavage.<\/p>\n<p>\u2022 271 g\/m\u00b2<br \/>\n\u2022 50 % coton, 50 % polyester<br \/>\n\u2022 Tissu pr\u00e9r\u00e9tr\u00e9ci, fil\u00e9 par jet d\u2019air pour un toucher doux<br \/>\n\u2022 Col, \u00e9paules, emmanchures, poignets et ourlet \u00e0 couture double<br \/>\n\u2022 Col en tricot c\u00f4tel\u00e9 1\u00d71 avec \u00e9lasthanne<br \/>\n\u2022 Quart-de-tour pour \u00e9viter un pli au milieu<br \/>\n\u2022 Le blanc peut appara\u00eetre blanc cass\u00e9 naturel<\/p>","protected":false},"excerpt":{"rendered":"<p>\u00c0 travers l\u2019arche de pierre, une silhouette f\u00e9minine d\u00e9couvre les ruelles pittoresques de Saint-Cirq-Lapopie. Le graphisme met en valeur le charme du Quercy avec ses maisons typiques, ses fa\u00e7ades anciennes et son ambiance douce et authentique. L\u2019illustration \u00e9voque une balade hors du temps, entre histoire et art de vivre. Symbole du tourisme dans le Lot, [&hellip;]<\/p>\n","protected":false},"featured_media":5141,"comment_status":"open","ping_status":"closed","template":"","meta":{"_acf_changed":false},"product_brand":[],"product_cat":[111,116,70],"product_tag":[],"class_list":{"0":"post-5128","1":"product","2":"type-product","3":"status-publish","4":"has-post-thumbnail","6":"product_cat-promenade-en-quercy","7":"product_cat-saint-cirq-lapopie","8":"product_cat-sweats","9":"product_shipping_class-sweats","11":"first","12":"instock","13":"taxable","14":"shipping-taxable","15":"purchasable","16":"product-type-variable"},"acf":[],"_links":{"self":[{"href":"https:\/\/reviens-y.fr\/en\/wp-json\/wp\/v2\/product\/5128","targetHints":{"allow":["GET"]}}],"collection":[{"href":"https:\/\/reviens-y.fr\/en\/wp-json\/wp\/v2\/product"}],"about":[{"href":"https:\/\/reviens-y.fr\/en\/wp-json\/wp\/v2\/types\/product"}],"replies":[{"embeddable":true,"href":"https:\/\/reviens-y.fr\/en\/wp-json\/wp\/v2\/comments?post=5128"}],"wp:featuredmedia":[{"embeddable":true,"href":"https:\/\/reviens-y.fr\/en\/wp-json\/wp\/v2\/media\/5141"}],"wp:attachment":[{"href":"https:\/\/reviens-y.fr\/en\/wp-json\/wp\/v2\/media?parent=5128"}],"wp:term":[{"taxonomy":"product_brand","embeddable":true,"href":"https:\/\/reviens-y.fr\/en\/wp-json\/wp\/v2\/product_brand?post=5128"},{"taxonomy":"product_cat","embeddable":true,"href":"https:\/\/reviens-y.fr\/en\/wp-json\/wp\/v2\/product_cat?post=5128"},{"taxonomy":"product_tag","embeddable":true,"href":"https:\/\/reviens-y.fr\/en\/wp-json\/wp\/v2\/product_tag?post=5128"}],"curies":[{"name":"wp","href":"https:\/\/api.w.org\/{rel}","templated":true}]}}