{"id":5147,"date":"2025-11-05T13:54:10","date_gmt":"2025-11-05T13:54:10","guid":{"rendered":"https:\/\/reviens-y.fr\/produit\/casquette-brodee-promenade-en-quercy\/"},"modified":"2025-11-25T10:39:23","modified_gmt":"2025-11-25T10:39:23","slug":"casquette-brodee-promenade-en-quercy","status":"publish","type":"product","link":"https:\/\/reviens-y.fr\/en\/product\/casquette-brodee-promenade-en-quercy\/","title":{"rendered":"Casquette brod\u00e9e <br> Promenade en Quercy"},"content":{"rendered":"<p>\u00c0 travers l\u2019arche de pierre, une silhouette f\u00e9minine d\u00e9couvre les ruelles pittoresques de Saint-Cirq-Lapopie. Le graphisme met en valeur le charme du Quercy avec ses maisons typiques, ses fa\u00e7ades anciennes et son ambiance douce et authentique. L\u2019illustration \u00e9voque une balade hors du temps, entre histoire et art de vivre.<br \/>\nSymbole du tourisme dans le Lot, Saint-Cirq-Lapopie attire les visiteurs par son patrimoine pr\u00e9serv\u00e9 et ses panoramas remarquables. Ce visuel capture l\u2019esprit d\u2019un village o\u00f9 chaque d\u00e9tour r\u00e9v\u00e8le un d\u00e9tail architectural unique, une atmosph\u00e8re chaleureuse et l\u2019essence m\u00eame du Quercy, terre de caract\u00e8re et de traditions.<br \/>\n\u2013<br \/>\nUnisex cap with a curved visor, combining comfort and style for everyday wear. Its unstructured shape and adjustable strap allow for easy fitting, while its twill cotton fabric offers great durability over time.<\/p>\n<p>\u2022 100% chino cotton twill<br \/>\n\u2022 Unstructured, low-profile, flat visor<br \/>\n\u2022 6 embroidered eyelets<br \/>\n\u2022 Couronne de 3 \u215b \u00bb<br \/>\n\u2022 Adjustable strap with antique-style metal buckle<\/p>","protected":false},"excerpt":{"rendered":"<p>\u00c0 travers l\u2019arche de pierre, une silhouette f\u00e9minine d\u00e9couvre les ruelles pittoresques de Saint-Cirq-Lapopie. Le graphisme met en valeur le charme du Quercy avec ses maisons typiques, ses fa\u00e7ades anciennes et son ambiance douce et authentique. L\u2019illustration \u00e9voque une balade hors du temps, entre histoire et art de vivre. Symbole du tourisme dans le Lot, [&hellip;]<\/p>\n","protected":false},"featured_media":5151,"comment_status":"open","ping_status":"closed","template":"","meta":{"_acf_changed":false},"product_brand":[],"product_cat":[71,111,116],"product_tag":[],"class_list":{"0":"post-5147","1":"product","2":"type-product","3":"status-publish","4":"has-post-thumbnail","6":"product_cat-casquettes","7":"product_cat-promenade-en-quercy","8":"product_cat-saint-cirq-lapopie","9":"product_shipping_class-casquettes","11":"first","12":"instock","13":"taxable","14":"shipping-taxable","15":"purchasable","16":"product-type-variable"},"acf":[],"_links":{"self":[{"href":"https:\/\/reviens-y.fr\/en\/wp-json\/wp\/v2\/product\/5147","targetHints":{"allow":["GET"]}}],"collection":[{"href":"https:\/\/reviens-y.fr\/en\/wp-json\/wp\/v2\/product"}],"about":[{"href":"https:\/\/reviens-y.fr\/en\/wp-json\/wp\/v2\/types\/product"}],"replies":[{"embeddable":true,"href":"https:\/\/reviens-y.fr\/en\/wp-json\/wp\/v2\/comments?post=5147"}],"wp:featuredmedia":[{"embeddable":true,"href":"https:\/\/reviens-y.fr\/en\/wp-json\/wp\/v2\/media\/5151"}],"wp:attachment":[{"href":"https:\/\/reviens-y.fr\/en\/wp-json\/wp\/v2\/media?parent=5147"}],"wp:term":[{"taxonomy":"product_brand","embeddable":true,"href":"https:\/\/reviens-y.fr\/en\/wp-json\/wp\/v2\/product_brand?post=5147"},{"taxonomy":"product_cat","embeddable":true,"href":"https:\/\/reviens-y.fr\/en\/wp-json\/wp\/v2\/product_cat?post=5147"},{"taxonomy":"product_tag","embeddable":true,"href":"https:\/\/reviens-y.fr\/en\/wp-json\/wp\/v2\/product_tag?post=5147"}],"curies":[{"name":"wp","href":"https:\/\/api.w.org\/{rel}","templated":true}]}}