{"id":5158,"date":"2025-11-05T13:55:42","date_gmt":"2025-11-05T13:55:42","guid":{"rendered":"https:\/\/reviens-y.fr\/produit\/t-shirt-unisexe-promenade-en-quercy-2\/"},"modified":"2025-11-21T15:29:37","modified_gmt":"2025-11-21T15:29:37","slug":"t-shirt-unisexe-promenade-en-quercy-2","status":"publish","type":"product","link":"https:\/\/reviens-y.fr\/en\/product\/t-shirt-unisexe-promenade-en-quercy-2\/","title":{"rendered":"Tote Bag coton Bio <br> Promenade en Quercy"},"content":{"rendered":"<p>\u00c0 travers l\u2019arche de pierre, une silhouette f\u00e9minine d\u00e9couvre les ruelles pittoresques de Saint-Cirq-Lapopie. Le graphisme met en valeur le charme du Quercy avec ses maisons typiques, ses fa\u00e7ades anciennes et son ambiance douce et authentique. L\u2019illustration \u00e9voque une balade hors du temps, entre histoire et art de vivre.<br \/>\nSymbole du tourisme dans le Lot, Saint-Cirq-Lapopie attire les visiteurs par son patrimoine pr\u00e9serv\u00e9 et ses panoramas remarquables. Ce visuel capture l\u2019esprit d\u2019un village o\u00f9 chaque d\u00e9tour r\u00e9v\u00e8le un d\u00e9tail architectural unique, une atmosph\u00e8re chaleureuse et l\u2019essence m\u00eame du Quercy, terre de caract\u00e8re et de traditions.<br \/>\n\u2013<br \/>\nTote bag en coton biologique robuste et pratique, id\u00e9al pour les courses, les livres ou un usage quotidien. Sa grande capacit\u00e9 et ses anses longues assurent confort et polyvalence, tout en garantissant un impact environnemental r\u00e9duit gr\u00e2ce \u00e0 sa fabrication certifi\u00e9e.<\/p>\n<p>\u2022 100 % coton biologique certifi\u00e9 serg\u00e9 3\/1<br \/>\n\u2022 272 g\/m\u00b2 (8 oz\/yd\u00b2)<br \/>\n\u2022 Dimensions : 40,6 \u00d7 35,6 \u00d7 12,7 cm<br \/>\n\u2022 Anses de 2,5 cm de large, longueur 62,2 cm<br \/>\n\u2022 Capacit\u00e9 maximale : 13,6 kg<br \/>\n\u2022 Compartiment principal ouvert<br \/>\n\u2022 Certifi\u00e9 GOTS et OCS pour son contenu en coton bio<br \/>\n\u2022 Certifi\u00e9 OEKO-TEX Standard 100 et approuv\u00e9 vegan par PETA<\/p>","protected":false},"excerpt":{"rendered":"<p>\u00c0 travers l\u2019arche de pierre, une silhouette f\u00e9minine d\u00e9couvre les ruelles pittoresques de Saint-Cirq-Lapopie. Le graphisme met en valeur le charme du Quercy avec ses maisons typiques, ses fa\u00e7ades anciennes et son ambiance douce et authentique. L\u2019illustration \u00e9voque une balade hors du temps, entre histoire et art de vivre. Symbole du tourisme dans le Lot, [&hellip;]<\/p>\n","protected":false},"featured_media":5161,"comment_status":"open","ping_status":"closed","template":"","meta":{"_acf_changed":false},"product_brand":[],"product_cat":[111,116,72],"product_tag":[],"class_list":{"0":"post-5158","1":"product","2":"type-product","3":"status-publish","4":"has-post-thumbnail","6":"product_cat-promenade-en-quercy","7":"product_cat-saint-cirq-lapopie","8":"product_cat-tote-bags","9":"product_shipping_class-tote-bags","11":"first","12":"instock","13":"taxable","14":"shipping-taxable","15":"purchasable","16":"product-type-variable"},"acf":[],"_links":{"self":[{"href":"https:\/\/reviens-y.fr\/en\/wp-json\/wp\/v2\/product\/5158","targetHints":{"allow":["GET"]}}],"collection":[{"href":"https:\/\/reviens-y.fr\/en\/wp-json\/wp\/v2\/product"}],"about":[{"href":"https:\/\/reviens-y.fr\/en\/wp-json\/wp\/v2\/types\/product"}],"replies":[{"embeddable":true,"href":"https:\/\/reviens-y.fr\/en\/wp-json\/wp\/v2\/comments?post=5158"}],"wp:featuredmedia":[{"embeddable":true,"href":"https:\/\/reviens-y.fr\/en\/wp-json\/wp\/v2\/media\/5161"}],"wp:attachment":[{"href":"https:\/\/reviens-y.fr\/en\/wp-json\/wp\/v2\/media?parent=5158"}],"wp:term":[{"taxonomy":"product_brand","embeddable":true,"href":"https:\/\/reviens-y.fr\/en\/wp-json\/wp\/v2\/product_brand?post=5158"},{"taxonomy":"product_cat","embeddable":true,"href":"https:\/\/reviens-y.fr\/en\/wp-json\/wp\/v2\/product_cat?post=5158"},{"taxonomy":"product_tag","embeddable":true,"href":"https:\/\/reviens-y.fr\/en\/wp-json\/wp\/v2\/product_tag?post=5158"}],"curies":[{"name":"wp","href":"https:\/\/api.w.org\/{rel}","templated":true}]}}