{"id":5177,"date":"2025-11-05T14:02:44","date_gmt":"2025-11-05T14:02:44","guid":{"rendered":"https:\/\/reviens-y.fr\/produit\/carte-postale-promenade-en-quercy\/"},"modified":"2025-11-21T15:20:40","modified_gmt":"2025-11-21T15:20:40","slug":"carte-postale-promenade-en-quercy","status":"publish","type":"product","link":"https:\/\/reviens-y.fr\/en\/product\/carte-postale-promenade-en-quercy\/","title":{"rendered":"Carte postale <br> Promenade en Quercy"},"content":{"rendered":"<p>\u00c0 travers l\u2019arche de pierre, une silhouette f\u00e9minine d\u00e9couvre les ruelles pittoresques de Saint-Cirq-Lapopie. Le graphisme met en valeur le charme du Quercy avec ses maisons typiques, ses fa\u00e7ades anciennes et son ambiance douce et authentique. L\u2019illustration \u00e9voque une balade hors du temps, entre histoire et art de vivre.<br \/>\nSymbole du tourisme dans le Lot, Saint-Cirq-Lapopie attire les visiteurs par son patrimoine pr\u00e9serv\u00e9 et ses panoramas remarquables. Ce visuel capture l\u2019esprit d\u2019un village o\u00f9 chaque d\u00e9tour r\u00e9v\u00e8le un d\u00e9tail architectural unique, une atmosph\u00e8re chaleureuse et l\u2019essence m\u00eame du Quercy, terre de caract\u00e8re et de traditions.<br \/>\n\u2013<br \/>\nUne carte postale con\u00e7ue pour durer, avec une impression nette et des couleurs fid\u00e8les. Fabriqu\u00e9e sur un papier cartonn\u00e9 \u00e9pais de qualit\u00e9 professionnelle (260 \u00e0 350 g\/m\u00b2), elle offre une surface ext\u00e9rieure l\u00e9g\u00e8rement satin\u00e9e, id\u00e9ale pour les visuels d\u00e9taill\u00e9s, et un verso pens\u00e9 pour l\u2019\u00e9criture.<br \/>\nAvec son format standard 10 \u00d7 15 cm, elle s\u2019adapte \u00e0 tous les usages : envoi postal, carte souvenir, communication visuelle ou \u00e9l\u00e9ment d\u00e9coratif.<\/p>\n<p>\u2013 Technique d\u2019impression : impression laser num\u00e9rique \u00e0 base de toner<br \/>\n\u2013 Finition : mate, avec surface ext\u00e9rieure l\u00e9g\u00e8rement brillante<br \/>\n\u2013 Type de papier : carton rigide premium<br \/>\n\u2013 Poids du papier : 260 \u2013 350 g\/m\u00b2<br \/>\n\u2013 \u00c9paisseur : 0,34 mm<br \/>\n\u2013 Format : 10 \u00d7 15 cm (4 \u00d7 6\u201d)<br \/>\n\u2013 Surface ext\u00e9rieure : lamin\u00e9e, excellente pour l\u2019impression d\u2019images<br \/>\n\u2013 Surface int\u00e9rieure : l\u00e9g\u00e8rement enduite, parfaite pour l\u2019\u00e9criture au stylo-bille<\/p>","protected":false},"excerpt":{"rendered":"<p>\u00c0 travers l\u2019arche de pierre, une silhouette f\u00e9minine d\u00e9couvre les ruelles pittoresques de Saint-Cirq-Lapopie. Le graphisme met en valeur le charme du Quercy avec ses maisons typiques, ses fa\u00e7ades anciennes et son ambiance douce et authentique. L\u2019illustration \u00e9voque une balade hors du temps, entre histoire et art de vivre. Symbole du tourisme dans le Lot, [&hellip;]<\/p>\n","protected":false},"featured_media":5178,"comment_status":"open","ping_status":"closed","template":"","meta":{"_acf_changed":false},"product_brand":[],"product_cat":[95,111,116],"product_tag":[],"class_list":{"0":"post-5177","1":"product","2":"type-product","3":"status-publish","4":"has-post-thumbnail","6":"product_cat-cartes-postales","7":"product_cat-promenade-en-quercy","8":"product_cat-saint-cirq-lapopie","9":"product_shipping_class-cartes-postales","11":"first","12":"instock","13":"taxable","14":"shipping-taxable","15":"purchasable","16":"product-type-simple"},"acf":[],"_links":{"self":[{"href":"https:\/\/reviens-y.fr\/en\/wp-json\/wp\/v2\/product\/5177","targetHints":{"allow":["GET"]}}],"collection":[{"href":"https:\/\/reviens-y.fr\/en\/wp-json\/wp\/v2\/product"}],"about":[{"href":"https:\/\/reviens-y.fr\/en\/wp-json\/wp\/v2\/types\/product"}],"replies":[{"embeddable":true,"href":"https:\/\/reviens-y.fr\/en\/wp-json\/wp\/v2\/comments?post=5177"}],"wp:featuredmedia":[{"embeddable":true,"href":"https:\/\/reviens-y.fr\/en\/wp-json\/wp\/v2\/media\/5178"}],"wp:attachment":[{"href":"https:\/\/reviens-y.fr\/en\/wp-json\/wp\/v2\/media?parent=5177"}],"wp:term":[{"taxonomy":"product_brand","embeddable":true,"href":"https:\/\/reviens-y.fr\/en\/wp-json\/wp\/v2\/product_brand?post=5177"},{"taxonomy":"product_cat","embeddable":true,"href":"https:\/\/reviens-y.fr\/en\/wp-json\/wp\/v2\/product_cat?post=5177"},{"taxonomy":"product_tag","embeddable":true,"href":"https:\/\/reviens-y.fr\/en\/wp-json\/wp\/v2\/product_tag?post=5177"}],"curies":[{"name":"wp","href":"https:\/\/api.w.org\/{rel}","templated":true}]}}