{"id":5186,"date":"2025-11-05T14:06:56","date_gmt":"2025-11-05T14:06:56","guid":{"rendered":"https:\/\/reviens-y.fr\/produit\/hoodie-unisexe-le-chemin-de-halage\/"},"modified":"2025-11-21T17:56:46","modified_gmt":"2025-11-21T17:56:46","slug":"hoodie-unisexe-le-chemin-de-halage","status":"publish","type":"product","link":"https:\/\/reviens-y.fr\/en\/product\/hoodie-unisexe-le-chemin-de-halage\/","title":{"rendered":"Hoodie unisexe <br> Le chemin de Halage"},"content":{"rendered":"<p>L\u2019illustration met en lumi\u00e8re le c\u00e9l\u00e8bre chemin de halage, creus\u00e9 dans la falaise au bord du Lot. On y voit deux randonneurs profiter de ce sentier unique, entre paroi rocheuse sculpt\u00e9e et reflets color\u00e9s de la rivi\u00e8re. La sc\u00e8ne \u00e9voque une promenade immersive, o\u00f9 nature et patrimoine se rencontrent.<br \/>\nV\u00e9ritable joyau touristique du Quercy, ce parcours relie Bouzi\u00e8s \u00e0 Saint-Cirq-Lapopie en offrant des panoramas spectaculaires. Le visuel traduit l\u2019essence de cette balade incontournable du Lot, id\u00e9ale pour d\u00e9couvrir la vall\u00e9e \u00e0 pied, admirer ses paysages pr\u00e9serv\u00e9s et ressentir toute la magie de la r\u00e9gion.<br \/>\n\u2013<br \/>\nSweat \u00e0 capuche unisexe con\u00e7u pour un usage quotidien, offrant chaleur et confort lors des journ\u00e9es fra\u00eeches. Sa coupe classique et sa grande poche frontale en font une pi\u00e8ce pratique et facile \u00e0 porter. La capuche doubl\u00e9e avec cordon de serrage assorti assure une protection suppl\u00e9mentaire contre le froid.<\/p>\n<p>\u2022 271 g\/m\u00b2<br \/>\n\u2022 50 % coton pr\u00e9r\u00e9tr\u00e9ci, 50 % polyester<br \/>\n\u2022 Tissu fil\u00e9 par jet d\u2019air pour un toucher doux et moins de boulochage<br \/>\n\u2022 Capuche \u00e0 double doublure avec cordon assorti<br \/>\n\u2022 Poignets et ceinture en tricot c\u00f4tel\u00e9 1\u00d71 avec \u00e9lasthanne<br \/>\n\u2022 Couture double aux \u00e9paules, poignets et ourlet<br \/>\n\u2022 Le blanc peut appara\u00eetre blanc cass\u00e9 naturel<\/p>","protected":false},"excerpt":{"rendered":"<p>L\u2019illustration met en lumi\u00e8re le c\u00e9l\u00e8bre chemin de halage, creus\u00e9 dans la falaise au bord du Lot. On y voit deux randonneurs profiter de ce sentier unique, entre paroi rocheuse sculpt\u00e9e et reflets color\u00e9s de la rivi\u00e8re. La sc\u00e8ne \u00e9voque une promenade immersive, o\u00f9 nature et patrimoine se rencontrent. V\u00e9ritable joyau touristique du Quercy, ce [&hellip;]<\/p>\n","protected":false},"featured_media":5191,"comment_status":"open","ping_status":"closed","template":"","meta":{"_acf_changed":false},"product_brand":[],"product_cat":[69,112,116],"product_tag":[],"class_list":{"0":"post-5186","1":"product","2":"type-product","3":"status-publish","4":"has-post-thumbnail","6":"product_cat-hoodies","7":"product_cat-le-chemin-de-halage","8":"product_cat-saint-cirq-lapopie","9":"product_shipping_class-hoodies","11":"first","12":"instock","13":"taxable","14":"shipping-taxable","15":"purchasable","16":"product-type-variable"},"acf":[],"_links":{"self":[{"href":"https:\/\/reviens-y.fr\/en\/wp-json\/wp\/v2\/product\/5186","targetHints":{"allow":["GET"]}}],"collection":[{"href":"https:\/\/reviens-y.fr\/en\/wp-json\/wp\/v2\/product"}],"about":[{"href":"https:\/\/reviens-y.fr\/en\/wp-json\/wp\/v2\/types\/product"}],"replies":[{"embeddable":true,"href":"https:\/\/reviens-y.fr\/en\/wp-json\/wp\/v2\/comments?post=5186"}],"wp:featuredmedia":[{"embeddable":true,"href":"https:\/\/reviens-y.fr\/en\/wp-json\/wp\/v2\/media\/5191"}],"wp:attachment":[{"href":"https:\/\/reviens-y.fr\/en\/wp-json\/wp\/v2\/media?parent=5186"}],"wp:term":[{"taxonomy":"product_brand","embeddable":true,"href":"https:\/\/reviens-y.fr\/en\/wp-json\/wp\/v2\/product_brand?post=5186"},{"taxonomy":"product_cat","embeddable":true,"href":"https:\/\/reviens-y.fr\/en\/wp-json\/wp\/v2\/product_cat?post=5186"},{"taxonomy":"product_tag","embeddable":true,"href":"https:\/\/reviens-y.fr\/en\/wp-json\/wp\/v2\/product_tag?post=5186"}],"curies":[{"name":"wp","href":"https:\/\/api.w.org\/{rel}","templated":true}]}}