{"id":5193,"date":"2025-11-05T14:08:42","date_gmt":"2025-11-05T14:08:42","guid":{"rendered":"https:\/\/reviens-y.fr\/produit\/sweat-unisexe-le-chemin-de-halage\/"},"modified":"2025-11-21T17:56:20","modified_gmt":"2025-11-21T17:56:20","slug":"sweat-unisexe-le-chemin-de-halage","status":"publish","type":"product","link":"https:\/\/reviens-y.fr\/en\/product\/sweat-unisexe-le-chemin-de-halage\/","title":{"rendered":"Unisex sweatshirt <br> Le chemin de Halage"},"content":{"rendered":"<p>L\u2019illustration met en lumi\u00e8re le c\u00e9l\u00e8bre chemin de halage, creus\u00e9 dans la falaise au bord du Lot. On y voit deux randonneurs profiter de ce sentier unique, entre paroi rocheuse sculpt\u00e9e et reflets color\u00e9s de la rivi\u00e8re. La sc\u00e8ne \u00e9voque une promenade immersive, o\u00f9 nature et patrimoine se rencontrent.<br \/>\nV\u00e9ritable joyau touristique du Quercy, ce parcours relie Bouzi\u00e8s \u00e0 Saint-Cirq-Lapopie en offrant des panoramas spectaculaires. Le visuel traduit l\u2019essence de cette balade incontournable du Lot, id\u00e9ale pour d\u00e9couvrir la vall\u00e9e \u00e0 pied, admirer ses paysages pr\u00e9serv\u00e9s et ressentir toute la magie de la r\u00e9gion.<br \/>\n\u2013<br \/>\nSweat-shirt unisexe en coton et polyester, con\u00e7u pour offrir douceur et chaleur au quotidien. Sa coupe classique et son col en tricot c\u00f4tel\u00e9 assurent un bon maintien, tandis que la conception quart-de-tour \u00e9vite le pli central. Facile \u00e0 entretenir, il conserve sa forme lavage apr\u00e8s lavage.<\/p>\n<p>\u2022 271 g\/m\u00b2<br \/>\n\u2022 50 % coton, 50 % polyester<br \/>\n\u2022 Tissu pr\u00e9r\u00e9tr\u00e9ci, fil\u00e9 par jet d\u2019air pour un toucher doux<br \/>\n\u2022 Col, \u00e9paules, emmanchures, poignets et ourlet \u00e0 couture double<br \/>\n\u2022 Col en tricot c\u00f4tel\u00e9 1\u00d71 avec \u00e9lasthanne<br \/>\n\u2022 Quart-de-tour pour \u00e9viter un pli au milieu<br \/>\n\u2022 Le blanc peut appara\u00eetre blanc cass\u00e9 naturel<\/p>","protected":false},"excerpt":{"rendered":"<p>L\u2019illustration met en lumi\u00e8re le c\u00e9l\u00e8bre chemin de halage, creus\u00e9 dans la falaise au bord du Lot. On y voit deux randonneurs profiter de ce sentier unique, entre paroi rocheuse sculpt\u00e9e et reflets color\u00e9s de la rivi\u00e8re. La sc\u00e8ne \u00e9voque une promenade immersive, o\u00f9 nature et patrimoine se rencontrent. V\u00e9ritable joyau touristique du Quercy, ce [&hellip;]<\/p>\n","protected":false},"featured_media":5198,"comment_status":"open","ping_status":"closed","template":"","meta":{"_acf_changed":false},"product_brand":[],"product_cat":[112,116,70],"product_tag":[],"class_list":{"0":"post-5193","1":"product","2":"type-product","3":"status-publish","4":"has-post-thumbnail","6":"product_cat-le-chemin-de-halage","7":"product_cat-saint-cirq-lapopie","8":"product_cat-sweats","9":"product_shipping_class-sweats","11":"first","12":"instock","13":"taxable","14":"shipping-taxable","15":"purchasable","16":"product-type-variable"},"acf":[],"_links":{"self":[{"href":"https:\/\/reviens-y.fr\/en\/wp-json\/wp\/v2\/product\/5193","targetHints":{"allow":["GET"]}}],"collection":[{"href":"https:\/\/reviens-y.fr\/en\/wp-json\/wp\/v2\/product"}],"about":[{"href":"https:\/\/reviens-y.fr\/en\/wp-json\/wp\/v2\/types\/product"}],"replies":[{"embeddable":true,"href":"https:\/\/reviens-y.fr\/en\/wp-json\/wp\/v2\/comments?post=5193"}],"wp:featuredmedia":[{"embeddable":true,"href":"https:\/\/reviens-y.fr\/en\/wp-json\/wp\/v2\/media\/5198"}],"wp:attachment":[{"href":"https:\/\/reviens-y.fr\/en\/wp-json\/wp\/v2\/media?parent=5193"}],"wp:term":[{"taxonomy":"product_brand","embeddable":true,"href":"https:\/\/reviens-y.fr\/en\/wp-json\/wp\/v2\/product_brand?post=5193"},{"taxonomy":"product_cat","embeddable":true,"href":"https:\/\/reviens-y.fr\/en\/wp-json\/wp\/v2\/product_cat?post=5193"},{"taxonomy":"product_tag","embeddable":true,"href":"https:\/\/reviens-y.fr\/en\/wp-json\/wp\/v2\/product_tag?post=5193"}],"curies":[{"name":"wp","href":"https:\/\/api.w.org\/{rel}","templated":true}]}}