{"id":5200,"date":"2025-11-05T14:10:32","date_gmt":"2025-11-05T14:10:32","guid":{"rendered":"https:\/\/reviens-y.fr\/produit\/casquette-le-chemin-de-halage\/"},"modified":"2025-11-21T17:55:53","modified_gmt":"2025-11-21T17:55:53","slug":"casquette-le-chemin-de-halage","status":"publish","type":"product","link":"https:\/\/reviens-y.fr\/en\/product\/casquette-le-chemin-de-halage\/","title":{"rendered":"Cap <br> Le chemin de Halage"},"content":{"rendered":"<p>L\u2019illustration met en lumi\u00e8re le c\u00e9l\u00e8bre chemin de halage, creus\u00e9 dans la falaise au bord du Lot. On y voit deux randonneurs profiter de ce sentier unique, entre paroi rocheuse sculpt\u00e9e et reflets color\u00e9s de la rivi\u00e8re. La sc\u00e8ne \u00e9voque une promenade immersive, o\u00f9 nature et patrimoine se rencontrent.<br \/>\nV\u00e9ritable joyau touristique du Quercy, ce parcours relie Bouzi\u00e8s \u00e0 Saint-Cirq-Lapopie en offrant des panoramas spectaculaires. Le visuel traduit l\u2019essence de cette balade incontournable du Lot, id\u00e9ale pour d\u00e9couvrir la vall\u00e9e \u00e0 pied, admirer ses paysages pr\u00e9serv\u00e9s et ressentir toute la magie de la r\u00e9gion.<br \/>\n\u2013<br \/>\nUnisex cap with a curved visor, combining comfort and style for everyday wear. Its unstructured shape and adjustable strap allow for easy fitting, while its twill cotton fabric offers great durability over time.<\/p>\n<p>\u2022 100% chino cotton twill<br \/>\n\u2022 Unstructured, low-profile, flat visor<br \/>\n\u2022 6 embroidered eyelets<br \/>\n\u2022 Couronne de 3 \u215b \u00bb<br \/>\n\u2022 Adjustable strap with antique-style metal buckle<\/p>","protected":false},"excerpt":{"rendered":"<p>L\u2019illustration met en lumi\u00e8re le c\u00e9l\u00e8bre chemin de halage, creus\u00e9 dans la falaise au bord du Lot. On y voit deux randonneurs profiter de ce sentier unique, entre paroi rocheuse sculpt\u00e9e et reflets color\u00e9s de la rivi\u00e8re. La sc\u00e8ne \u00e9voque une promenade immersive, o\u00f9 nature et patrimoine se rencontrent. V\u00e9ritable joyau touristique du Quercy, ce [&hellip;]<\/p>\n","protected":false},"featured_media":5204,"comment_status":"open","ping_status":"closed","template":"","meta":{"_acf_changed":false},"product_brand":[],"product_cat":[71,112,116],"product_tag":[],"class_list":{"0":"post-5200","1":"product","2":"type-product","3":"status-publish","4":"has-post-thumbnail","6":"product_cat-casquettes","7":"product_cat-le-chemin-de-halage","8":"product_cat-saint-cirq-lapopie","9":"product_shipping_class-casquettes","11":"first","12":"instock","13":"taxable","14":"shipping-taxable","15":"purchasable","16":"product-type-variable"},"acf":[],"_links":{"self":[{"href":"https:\/\/reviens-y.fr\/en\/wp-json\/wp\/v2\/product\/5200","targetHints":{"allow":["GET"]}}],"collection":[{"href":"https:\/\/reviens-y.fr\/en\/wp-json\/wp\/v2\/product"}],"about":[{"href":"https:\/\/reviens-y.fr\/en\/wp-json\/wp\/v2\/types\/product"}],"replies":[{"embeddable":true,"href":"https:\/\/reviens-y.fr\/en\/wp-json\/wp\/v2\/comments?post=5200"}],"wp:featuredmedia":[{"embeddable":true,"href":"https:\/\/reviens-y.fr\/en\/wp-json\/wp\/v2\/media\/5204"}],"wp:attachment":[{"href":"https:\/\/reviens-y.fr\/en\/wp-json\/wp\/v2\/media?parent=5200"}],"wp:term":[{"taxonomy":"product_brand","embeddable":true,"href":"https:\/\/reviens-y.fr\/en\/wp-json\/wp\/v2\/product_brand?post=5200"},{"taxonomy":"product_cat","embeddable":true,"href":"https:\/\/reviens-y.fr\/en\/wp-json\/wp\/v2\/product_cat?post=5200"},{"taxonomy":"product_tag","embeddable":true,"href":"https:\/\/reviens-y.fr\/en\/wp-json\/wp\/v2\/product_tag?post=5200"}],"curies":[{"name":"wp","href":"https:\/\/api.w.org\/{rel}","templated":true}]}}