{"id":5211,"date":"2025-11-05T14:12:27","date_gmt":"2025-11-05T14:12:27","guid":{"rendered":"https:\/\/reviens-y.fr\/produit\/tote-bag-coton-bio-le-chemin-de-halage\/"},"modified":"2025-11-21T15:24:38","modified_gmt":"2025-11-21T15:24:38","slug":"tote-bag-coton-bio-le-chemin-de-halage","status":"publish","type":"product","link":"https:\/\/reviens-y.fr\/en\/product\/tote-bag-coton-bio-le-chemin-de-halage\/","title":{"rendered":"Tote Bag coton Bio <br> Le chemin de Halage"},"content":{"rendered":"<p>L\u2019illustration met en lumi\u00e8re le c\u00e9l\u00e8bre chemin de halage, creus\u00e9 dans la falaise au bord du Lot. On y voit deux randonneurs profiter de ce sentier unique, entre paroi rocheuse sculpt\u00e9e et reflets color\u00e9s de la rivi\u00e8re. La sc\u00e8ne \u00e9voque une promenade immersive, o\u00f9 nature et patrimoine se rencontrent.<br \/>\nV\u00e9ritable joyau touristique du Quercy, ce parcours relie Bouzi\u00e8s \u00e0 Saint-Cirq-Lapopie en offrant des panoramas spectaculaires. Le visuel traduit l\u2019essence de cette balade incontournable du Lot, id\u00e9ale pour d\u00e9couvrir la vall\u00e9e \u00e0 pied, admirer ses paysages pr\u00e9serv\u00e9s et ressentir toute la magie de la r\u00e9gion.<br \/>\n\u2013<br \/>\nTote bag en coton biologique robuste et pratique, id\u00e9al pour les courses, les livres ou un usage quotidien. Sa grande capacit\u00e9 et ses anses longues assurent confort et polyvalence, tout en garantissant un impact environnemental r\u00e9duit gr\u00e2ce \u00e0 sa fabrication certifi\u00e9e.<\/p>\n<p>\u2022 100 % coton biologique certifi\u00e9 serg\u00e9 3\/1<br \/>\n\u2022 272 g\/m\u00b2 (8 oz\/yd\u00b2)<br \/>\n\u2022 Dimensions : 40,6 \u00d7 35,6 \u00d7 12,7 cm<br \/>\n\u2022 Anses de 2,5 cm de large, longueur 62,2 cm<br \/>\n\u2022 Capacit\u00e9 maximale : 13,6 kg<br \/>\n\u2022 Compartiment principal ouvert<br \/>\n\u2022 Certifi\u00e9 GOTS et OCS pour son contenu en coton bio<br \/>\n\u2022 Certifi\u00e9 OEKO-TEX Standard 100 et approuv\u00e9 vegan par PETA<\/p>","protected":false},"excerpt":{"rendered":"<p>L\u2019illustration met en lumi\u00e8re le c\u00e9l\u00e8bre chemin de halage, creus\u00e9 dans la falaise au bord du Lot. On y voit deux randonneurs profiter de ce sentier unique, entre paroi rocheuse sculpt\u00e9e et reflets color\u00e9s de la rivi\u00e8re. La sc\u00e8ne \u00e9voque une promenade immersive, o\u00f9 nature et patrimoine se rencontrent. V\u00e9ritable joyau touristique du Quercy, ce [&hellip;]<\/p>\n","protected":false},"featured_media":5214,"comment_status":"open","ping_status":"closed","template":"","meta":{"_acf_changed":false},"product_brand":[],"product_cat":[112,116,72],"product_tag":[],"class_list":{"0":"post-5211","1":"product","2":"type-product","3":"status-publish","4":"has-post-thumbnail","6":"product_cat-le-chemin-de-halage","7":"product_cat-saint-cirq-lapopie","8":"product_cat-tote-bags","9":"product_shipping_class-tote-bags","11":"first","12":"instock","13":"taxable","14":"shipping-taxable","15":"purchasable","16":"product-type-variable"},"acf":[],"_links":{"self":[{"href":"https:\/\/reviens-y.fr\/en\/wp-json\/wp\/v2\/product\/5211","targetHints":{"allow":["GET"]}}],"collection":[{"href":"https:\/\/reviens-y.fr\/en\/wp-json\/wp\/v2\/product"}],"about":[{"href":"https:\/\/reviens-y.fr\/en\/wp-json\/wp\/v2\/types\/product"}],"replies":[{"embeddable":true,"href":"https:\/\/reviens-y.fr\/en\/wp-json\/wp\/v2\/comments?post=5211"}],"wp:featuredmedia":[{"embeddable":true,"href":"https:\/\/reviens-y.fr\/en\/wp-json\/wp\/v2\/media\/5214"}],"wp:attachment":[{"href":"https:\/\/reviens-y.fr\/en\/wp-json\/wp\/v2\/media?parent=5211"}],"wp:term":[{"taxonomy":"product_brand","embeddable":true,"href":"https:\/\/reviens-y.fr\/en\/wp-json\/wp\/v2\/product_brand?post=5211"},{"taxonomy":"product_cat","embeddable":true,"href":"https:\/\/reviens-y.fr\/en\/wp-json\/wp\/v2\/product_cat?post=5211"},{"taxonomy":"product_tag","embeddable":true,"href":"https:\/\/reviens-y.fr\/en\/wp-json\/wp\/v2\/product_tag?post=5211"}],"curies":[{"name":"wp","href":"https:\/\/api.w.org\/{rel}","templated":true}]}}