{"id":5219,"date":"2025-11-05T14:14:57","date_gmt":"2025-11-05T14:14:57","guid":{"rendered":"https:\/\/reviens-y.fr\/produit\/mug-blanc-brillant-le-chemin-de-halage\/"},"modified":"2025-11-21T15:19:23","modified_gmt":"2025-11-21T15:19:23","slug":"mug-blanc-brillant-le-chemin-de-halage","status":"publish","type":"product","link":"https:\/\/reviens-y.fr\/en\/product\/mug-blanc-brillant-le-chemin-de-halage\/","title":{"rendered":"Glossy white mug <br> Le chemin de Halage"},"content":{"rendered":"<p>L\u2019illustration met en lumi\u00e8re le c\u00e9l\u00e8bre chemin de halage, creus\u00e9 dans la falaise au bord du Lot. On y voit deux randonneurs profiter de ce sentier unique, entre paroi rocheuse sculpt\u00e9e et reflets color\u00e9s de la rivi\u00e8re. La sc\u00e8ne \u00e9voque une promenade immersive, o\u00f9 nature et patrimoine se rencontrent.<br \/>\nV\u00e9ritable joyau touristique du Quercy, ce parcours relie Bouzi\u00e8s \u00e0 Saint-Cirq-Lapopie en offrant des panoramas spectaculaires. Le visuel traduit l\u2019essence de cette balade incontournable du Lot, id\u00e9ale pour d\u00e9couvrir la vall\u00e9e \u00e0 pied, admirer ses paysages pr\u00e9serv\u00e9s et ressentir toute la magie de la r\u00e9gion.<br \/>\n\u2013<br \/>\nMug en c\u00e9ramique, pratique et r\u00e9sistant, id\u00e9al pour savourer vos boissons chaudes au quotidien. Sa finition blanche brillante met en valeur les visuels imprim\u00e9s, qui conservent leur \u00e9clat m\u00eame apr\u00e8s plusieurs passages au lave-vaisselle ou au micro-ondes.<\/p>\n<p>\u2022 C\u00e9ramique sans BPA et sans plomb<br \/>\n\u2022 Passe au lave-vaisselle et au micro-ondes<br \/>\n\u2022 Finition blanche brillante<br \/>\n\u2022 Taille 11 oz : 9,6 cm de hauteur \u00d7 8,2 cm de diam\u00e8tre<br \/>\n\u2022 L\u00e9g\u00e8res variations de taille possibles (+\/- 2 mm)<\/p>","protected":false},"excerpt":{"rendered":"<p>L\u2019illustration met en lumi\u00e8re le c\u00e9l\u00e8bre chemin de halage, creus\u00e9 dans la falaise au bord du Lot. On y voit deux randonneurs profiter de ce sentier unique, entre paroi rocheuse sculpt\u00e9e et reflets color\u00e9s de la rivi\u00e8re. La sc\u00e8ne \u00e9voque une promenade immersive, o\u00f9 nature et patrimoine se rencontrent. V\u00e9ritable joyau touristique du Quercy, ce [&hellip;]<\/p>\n","protected":false},"featured_media":5220,"comment_status":"open","ping_status":"closed","template":"","meta":{"_acf_changed":false},"product_brand":[],"product_cat":[112,73,116],"product_tag":[],"class_list":{"0":"post-5219","1":"product","2":"type-product","3":"status-publish","4":"has-post-thumbnail","6":"product_cat-le-chemin-de-halage","7":"product_cat-mugs","8":"product_cat-saint-cirq-lapopie","9":"product_shipping_class-mugs","11":"first","12":"instock","13":"taxable","14":"shipping-taxable","15":"purchasable","16":"product-type-simple"},"acf":[],"_links":{"self":[{"href":"https:\/\/reviens-y.fr\/en\/wp-json\/wp\/v2\/product\/5219","targetHints":{"allow":["GET"]}}],"collection":[{"href":"https:\/\/reviens-y.fr\/en\/wp-json\/wp\/v2\/product"}],"about":[{"href":"https:\/\/reviens-y.fr\/en\/wp-json\/wp\/v2\/types\/product"}],"replies":[{"embeddable":true,"href":"https:\/\/reviens-y.fr\/en\/wp-json\/wp\/v2\/comments?post=5219"}],"wp:featuredmedia":[{"embeddable":true,"href":"https:\/\/reviens-y.fr\/en\/wp-json\/wp\/v2\/media\/5220"}],"wp:attachment":[{"href":"https:\/\/reviens-y.fr\/en\/wp-json\/wp\/v2\/media?parent=5219"}],"wp:term":[{"taxonomy":"product_brand","embeddable":true,"href":"https:\/\/reviens-y.fr\/en\/wp-json\/wp\/v2\/product_brand?post=5219"},{"taxonomy":"product_cat","embeddable":true,"href":"https:\/\/reviens-y.fr\/en\/wp-json\/wp\/v2\/product_cat?post=5219"},{"taxonomy":"product_tag","embeddable":true,"href":"https:\/\/reviens-y.fr\/en\/wp-json\/wp\/v2\/product_tag?post=5219"}],"curies":[{"name":"wp","href":"https:\/\/api.w.org\/{rel}","templated":true}]}}