{"id":5232,"date":"2025-11-05T14:22:58","date_gmt":"2025-11-05T14:22:58","guid":{"rendered":"https:\/\/reviens-y.fr\/produit\/t-shirt-unisexe-le-village-occitan\/"},"modified":"2025-11-21T17:53:25","modified_gmt":"2025-11-21T17:53:25","slug":"t-shirt-unisexe-le-village-occitan","status":"publish","type":"product","link":"https:\/\/reviens-y.fr\/en\/product\/t-shirt-unisexe-le-village-occitan\/","title":{"rendered":"T-shirt unisex <br> Le village Occitan"},"content":{"rendered":"<p>Ce dessin minimaliste illustre le village de Saint-Cirq-Lapopie, perch\u00e9 sur son \u00e9peron rocheux dominant la vall\u00e9e du Lot. La composition sobre met en valeur l\u2019authenticit\u00e9 des maisons m\u00e9di\u00e9vales et l\u2019\u00e9l\u00e9gance de l\u2019\u00e9glise, inscrivant ce patrimoine dans une esth\u00e9tique intemporelle.<br \/>\nRepr\u00e9sentant le Quercy et le Sud-Ouest, ce visuel rend hommage \u00e0 l\u2019un des sites touristiques les plus embl\u00e9matiques d\u2019Occitanie. Il \u00e9voque un lieu class\u00e9 parmi les plus beaux villages de France, o\u00f9 histoire, art et paysages se rejoignent pour offrir aux visiteurs une exp\u00e9rience unique au c\u0153ur du Lot.<br \/>\n\u2013<br \/>\nT-shirt unisexe en coton, con\u00e7u pour un usage quotidien. Sa coupe r\u00e9guli\u00e8re facilite les mouvements, tandis que son tissu conserve sa forme lavage apr\u00e8s lavage. L\u00e9ger \u00e0 porter et simple \u00e0 entretenir, il convient \u00e0 toutes les saisons et s\u2019adapte \u00e0 diff\u00e9rents styles.<\/p>\n<p>\u2022 170\u2013180 g\/m\u00b2<br \/>\n\u2022 Fabrication tubulaire sans coutures lat\u00e9rales<br \/>\n\u2022 Coutures renforc\u00e9es et bande de propret\u00e9 au col et aux \u00e9paules<br \/>\n\u2022 Composition : 100 % coton ou Sport Grey (90 % coton, 10 % polyester)<br \/>\n\u2022 Lavage en machine \u00e0 30\u00b0C<br \/>\n\u2022 Sans polyester recycl\u00e9 ni substances dangereuses<br \/>\n\u2022 Le blanc peut pr\u00e9senter un aspect blanc cass\u00e9 naturel<\/p>","protected":false},"excerpt":{"rendered":"<p>Ce dessin minimaliste illustre le village de Saint-Cirq-Lapopie, perch\u00e9 sur son \u00e9peron rocheux dominant la vall\u00e9e du Lot. La composition sobre met en valeur l\u2019authenticit\u00e9 des maisons m\u00e9di\u00e9vales et l\u2019\u00e9l\u00e9gance de l\u2019\u00e9glise, inscrivant ce patrimoine dans une esth\u00e9tique intemporelle. Repr\u00e9sentant le Quercy et le Sud-Ouest, ce visuel rend hommage \u00e0 l\u2019un des sites touristiques les [&hellip;]<\/p>\n","protected":false},"featured_media":5237,"comment_status":"open","ping_status":"closed","template":"","meta":{"_acf_changed":false},"product_brand":[],"product_cat":[113,116,68],"product_tag":[],"class_list":{"0":"post-5232","1":"product","2":"type-product","3":"status-publish","4":"has-post-thumbnail","6":"product_cat-le-village-occitant","7":"product_cat-saint-cirq-lapopie","8":"product_cat-t-shirts","9":"product_shipping_class-t-shirts","11":"first","12":"instock","13":"taxable","14":"shipping-taxable","15":"purchasable","16":"product-type-variable"},"acf":[],"_links":{"self":[{"href":"https:\/\/reviens-y.fr\/en\/wp-json\/wp\/v2\/product\/5232","targetHints":{"allow":["GET"]}}],"collection":[{"href":"https:\/\/reviens-y.fr\/en\/wp-json\/wp\/v2\/product"}],"about":[{"href":"https:\/\/reviens-y.fr\/en\/wp-json\/wp\/v2\/types\/product"}],"replies":[{"embeddable":true,"href":"https:\/\/reviens-y.fr\/en\/wp-json\/wp\/v2\/comments?post=5232"}],"wp:featuredmedia":[{"embeddable":true,"href":"https:\/\/reviens-y.fr\/en\/wp-json\/wp\/v2\/media\/5237"}],"wp:attachment":[{"href":"https:\/\/reviens-y.fr\/en\/wp-json\/wp\/v2\/media?parent=5232"}],"wp:term":[{"taxonomy":"product_brand","embeddable":true,"href":"https:\/\/reviens-y.fr\/en\/wp-json\/wp\/v2\/product_brand?post=5232"},{"taxonomy":"product_cat","embeddable":true,"href":"https:\/\/reviens-y.fr\/en\/wp-json\/wp\/v2\/product_cat?post=5232"},{"taxonomy":"product_tag","embeddable":true,"href":"https:\/\/reviens-y.fr\/en\/wp-json\/wp\/v2\/product_tag?post=5232"}],"curies":[{"name":"wp","href":"https:\/\/api.w.org\/{rel}","templated":true}]}}