{"id":5240,"date":"2025-11-05T14:25:07","date_gmt":"2025-11-05T14:25:07","guid":{"rendered":"https:\/\/reviens-y.fr\/produit\/hoodie-unisexe-le-village-occitan\/"},"modified":"2025-11-21T17:52:58","modified_gmt":"2025-11-21T17:52:58","slug":"hoodie-unisexe-le-village-occitan","status":"publish","type":"product","link":"https:\/\/reviens-y.fr\/en\/product\/hoodie-unisexe-le-village-occitan\/","title":{"rendered":"Hoodie unisexe <br> Le village Occitan"},"content":{"rendered":"<p>Ce dessin minimaliste illustre le village de Saint-Cirq-Lapopie, perch\u00e9 sur son \u00e9peron rocheux dominant la vall\u00e9e du Lot. La composition sobre met en valeur l\u2019authenticit\u00e9 des maisons m\u00e9di\u00e9vales et l\u2019\u00e9l\u00e9gance de l\u2019\u00e9glise, inscrivant ce patrimoine dans une esth\u00e9tique intemporelle.<br \/>\nRepr\u00e9sentant le Quercy et le Sud-Ouest, ce visuel rend hommage \u00e0 l\u2019un des sites touristiques les plus embl\u00e9matiques d\u2019Occitanie. Il \u00e9voque un lieu class\u00e9 parmi les plus beaux villages de France, o\u00f9 histoire, art et paysages se rejoignent pour offrir aux visiteurs une exp\u00e9rience unique au c\u0153ur du Lot.<br \/>\n\u2013<br \/>\nSweat \u00e0 capuche unisexe con\u00e7u pour un usage quotidien, offrant chaleur et confort lors des journ\u00e9es fra\u00eeches. Sa coupe classique et sa grande poche frontale en font une pi\u00e8ce pratique et facile \u00e0 porter. La capuche doubl\u00e9e avec cordon de serrage assorti assure une protection suppl\u00e9mentaire contre le froid.<\/p>\n<p>\u2022 271 g\/m\u00b2<br \/>\n\u2022 50 % coton pr\u00e9r\u00e9tr\u00e9ci, 50 % polyester<br \/>\n\u2022 Tissu fil\u00e9 par jet d\u2019air pour un toucher doux et moins de boulochage<br \/>\n\u2022 Capuche \u00e0 double doublure avec cordon assorti<br \/>\n\u2022 Poignets et ceinture en tricot c\u00f4tel\u00e9 1\u00d71 avec \u00e9lasthanne<br \/>\n\u2022 Couture double aux \u00e9paules, poignets et ourlet<br \/>\n\u2022 Le blanc peut appara\u00eetre blanc cass\u00e9 naturel<\/p>","protected":false},"excerpt":{"rendered":"<p>Ce dessin minimaliste illustre le village de Saint-Cirq-Lapopie, perch\u00e9 sur son \u00e9peron rocheux dominant la vall\u00e9e du Lot. La composition sobre met en valeur l\u2019authenticit\u00e9 des maisons m\u00e9di\u00e9vales et l\u2019\u00e9l\u00e9gance de l\u2019\u00e9glise, inscrivant ce patrimoine dans une esth\u00e9tique intemporelle. Repr\u00e9sentant le Quercy et le Sud-Ouest, ce visuel rend hommage \u00e0 l\u2019un des sites touristiques les [&hellip;]<\/p>\n","protected":false},"featured_media":5245,"comment_status":"open","ping_status":"closed","template":"","meta":{"_acf_changed":false},"product_brand":[],"product_cat":[69,113,116],"product_tag":[],"class_list":{"0":"post-5240","1":"product","2":"type-product","3":"status-publish","4":"has-post-thumbnail","6":"product_cat-hoodies","7":"product_cat-le-village-occitant","8":"product_cat-saint-cirq-lapopie","9":"product_shipping_class-hoodies","11":"first","12":"instock","13":"taxable","14":"shipping-taxable","15":"purchasable","16":"product-type-variable"},"acf":[],"_links":{"self":[{"href":"https:\/\/reviens-y.fr\/en\/wp-json\/wp\/v2\/product\/5240","targetHints":{"allow":["GET"]}}],"collection":[{"href":"https:\/\/reviens-y.fr\/en\/wp-json\/wp\/v2\/product"}],"about":[{"href":"https:\/\/reviens-y.fr\/en\/wp-json\/wp\/v2\/types\/product"}],"replies":[{"embeddable":true,"href":"https:\/\/reviens-y.fr\/en\/wp-json\/wp\/v2\/comments?post=5240"}],"wp:featuredmedia":[{"embeddable":true,"href":"https:\/\/reviens-y.fr\/en\/wp-json\/wp\/v2\/media\/5245"}],"wp:attachment":[{"href":"https:\/\/reviens-y.fr\/en\/wp-json\/wp\/v2\/media?parent=5240"}],"wp:term":[{"taxonomy":"product_brand","embeddable":true,"href":"https:\/\/reviens-y.fr\/en\/wp-json\/wp\/v2\/product_brand?post=5240"},{"taxonomy":"product_cat","embeddable":true,"href":"https:\/\/reviens-y.fr\/en\/wp-json\/wp\/v2\/product_cat?post=5240"},{"taxonomy":"product_tag","embeddable":true,"href":"https:\/\/reviens-y.fr\/en\/wp-json\/wp\/v2\/product_tag?post=5240"}],"curies":[{"name":"wp","href":"https:\/\/api.w.org\/{rel}","templated":true}]}}