{"id":5247,"date":"2025-11-05T14:27:58","date_gmt":"2025-11-05T14:27:58","guid":{"rendered":"https:\/\/reviens-y.fr\/produit\/sweat-unisexe-le-village-occitan\/"},"modified":"2025-11-21T17:52:30","modified_gmt":"2025-11-21T17:52:30","slug":"sweat-unisexe-le-village-occitan","status":"publish","type":"product","link":"https:\/\/reviens-y.fr\/en\/product\/sweat-unisexe-le-village-occitan\/","title":{"rendered":"Unisex sweatshirt <br> Le village Occitan"},"content":{"rendered":"<p>Ce dessin minimaliste illustre le village de Saint-Cirq-Lapopie, perch\u00e9 sur son \u00e9peron rocheux dominant la vall\u00e9e du Lot. La composition sobre met en valeur l\u2019authenticit\u00e9 des maisons m\u00e9di\u00e9vales et l\u2019\u00e9l\u00e9gance de l\u2019\u00e9glise, inscrivant ce patrimoine dans une esth\u00e9tique intemporelle.<br \/>\nRepr\u00e9sentant le Quercy et le Sud-Ouest, ce visuel rend hommage \u00e0 l\u2019un des sites touristiques les plus embl\u00e9matiques d\u2019Occitanie. Il \u00e9voque un lieu class\u00e9 parmi les plus beaux villages de France, o\u00f9 histoire, art et paysages se rejoignent pour offrir aux visiteurs une exp\u00e9rience unique au c\u0153ur du Lot.<br \/>\n\u2013<br \/>\nSweat-shirt unisexe en coton et polyester, con\u00e7u pour offrir douceur et chaleur au quotidien. Sa coupe classique et son col en tricot c\u00f4tel\u00e9 assurent un bon maintien, tandis que la conception quart-de-tour \u00e9vite le pli central. Facile \u00e0 entretenir, il conserve sa forme lavage apr\u00e8s lavage.<\/p>\n<p>\u2022 271 g\/m\u00b2<br \/>\n\u2022 50 % coton, 50 % polyester<br \/>\n\u2022 Tissu pr\u00e9r\u00e9tr\u00e9ci, fil\u00e9 par jet d\u2019air pour un toucher doux<br \/>\n\u2022 Col, \u00e9paules, emmanchures, poignets et ourlet \u00e0 couture double<br \/>\n\u2022 Col en tricot c\u00f4tel\u00e9 1\u00d71 avec \u00e9lasthanne<br \/>\n\u2022 Quart-de-tour pour \u00e9viter un pli au milieu<br \/>\n\u2022 Le blanc peut appara\u00eetre blanc cass\u00e9 naturel<\/p>","protected":false},"excerpt":{"rendered":"<p>Ce dessin minimaliste illustre le village de Saint-Cirq-Lapopie, perch\u00e9 sur son \u00e9peron rocheux dominant la vall\u00e9e du Lot. La composition sobre met en valeur l\u2019authenticit\u00e9 des maisons m\u00e9di\u00e9vales et l\u2019\u00e9l\u00e9gance de l\u2019\u00e9glise, inscrivant ce patrimoine dans une esth\u00e9tique intemporelle. Repr\u00e9sentant le Quercy et le Sud-Ouest, ce visuel rend hommage \u00e0 l\u2019un des sites touristiques les [&hellip;]<\/p>\n","protected":false},"featured_media":5252,"comment_status":"open","ping_status":"closed","template":"","meta":{"_acf_changed":false},"product_brand":[],"product_cat":[113,116,70],"product_tag":[],"class_list":{"0":"post-5247","1":"product","2":"type-product","3":"status-publish","4":"has-post-thumbnail","6":"product_cat-le-village-occitant","7":"product_cat-saint-cirq-lapopie","8":"product_cat-sweats","9":"product_shipping_class-sweats","11":"first","12":"instock","13":"taxable","14":"shipping-taxable","15":"purchasable","16":"product-type-variable"},"acf":[],"_links":{"self":[{"href":"https:\/\/reviens-y.fr\/en\/wp-json\/wp\/v2\/product\/5247","targetHints":{"allow":["GET"]}}],"collection":[{"href":"https:\/\/reviens-y.fr\/en\/wp-json\/wp\/v2\/product"}],"about":[{"href":"https:\/\/reviens-y.fr\/en\/wp-json\/wp\/v2\/types\/product"}],"replies":[{"embeddable":true,"href":"https:\/\/reviens-y.fr\/en\/wp-json\/wp\/v2\/comments?post=5247"}],"wp:featuredmedia":[{"embeddable":true,"href":"https:\/\/reviens-y.fr\/en\/wp-json\/wp\/v2\/media\/5252"}],"wp:attachment":[{"href":"https:\/\/reviens-y.fr\/en\/wp-json\/wp\/v2\/media?parent=5247"}],"wp:term":[{"taxonomy":"product_brand","embeddable":true,"href":"https:\/\/reviens-y.fr\/en\/wp-json\/wp\/v2\/product_brand?post=5247"},{"taxonomy":"product_cat","embeddable":true,"href":"https:\/\/reviens-y.fr\/en\/wp-json\/wp\/v2\/product_cat?post=5247"},{"taxonomy":"product_tag","embeddable":true,"href":"https:\/\/reviens-y.fr\/en\/wp-json\/wp\/v2\/product_tag?post=5247"}],"curies":[{"name":"wp","href":"https:\/\/api.w.org\/{rel}","templated":true}]}}