{"id":5273,"date":"2025-11-05T14:36:17","date_gmt":"2025-11-05T14:36:17","guid":{"rendered":"https:\/\/reviens-y.fr\/produit\/mug-blanc-brillant-le-village-occitan\/"},"modified":"2025-11-21T15:19:23","modified_gmt":"2025-11-21T15:19:23","slug":"mug-blanc-brillant-le-village-occitan","status":"publish","type":"product","link":"https:\/\/reviens-y.fr\/en\/product\/mug-blanc-brillant-le-village-occitan\/","title":{"rendered":"Glossy white mug <br> Le village Occitan"},"content":{"rendered":"<p>Ce dessin minimaliste illustre le village de Saint-Cirq-Lapopie, perch\u00e9 sur son \u00e9peron rocheux dominant la vall\u00e9e du Lot. La composition sobre met en valeur l\u2019authenticit\u00e9 des maisons m\u00e9di\u00e9vales et l\u2019\u00e9l\u00e9gance de l\u2019\u00e9glise, inscrivant ce patrimoine dans une esth\u00e9tique intemporelle.<br \/>\nRepr\u00e9sentant le Quercy et le Sud-Ouest, ce visuel rend hommage \u00e0 l\u2019un des sites touristiques les plus embl\u00e9matiques d\u2019Occitanie. Il \u00e9voque un lieu class\u00e9 parmi les plus beaux villages de France, o\u00f9 histoire, art et paysages se rejoignent pour offrir aux visiteurs une exp\u00e9rience unique au c\u0153ur du Lot.<br \/>\n\u2013<br \/>\nMug en c\u00e9ramique, pratique et r\u00e9sistant, id\u00e9al pour savourer vos boissons chaudes au quotidien. Sa finition blanche brillante met en valeur les visuels imprim\u00e9s, qui conservent leur \u00e9clat m\u00eame apr\u00e8s plusieurs passages au lave-vaisselle ou au micro-ondes.<\/p>\n<p>\u2022 C\u00e9ramique sans BPA et sans plomb<br \/>\n\u2022 Passe au lave-vaisselle et au micro-ondes<br \/>\n\u2022 Finition blanche brillante<br \/>\n\u2022 Taille 11 oz : 9,6 cm de hauteur \u00d7 8,2 cm de diam\u00e8tre<br \/>\n\u2022 L\u00e9g\u00e8res variations de taille possibles (+\/- 2 mm)<\/p>","protected":false},"excerpt":{"rendered":"<p>Ce dessin minimaliste illustre le village de Saint-Cirq-Lapopie, perch\u00e9 sur son \u00e9peron rocheux dominant la vall\u00e9e du Lot. La composition sobre met en valeur l\u2019authenticit\u00e9 des maisons m\u00e9di\u00e9vales et l\u2019\u00e9l\u00e9gance de l\u2019\u00e9glise, inscrivant ce patrimoine dans une esth\u00e9tique intemporelle. Repr\u00e9sentant le Quercy et le Sud-Ouest, ce visuel rend hommage \u00e0 l\u2019un des sites touristiques les [&hellip;]<\/p>\n","protected":false},"featured_media":5274,"comment_status":"open","ping_status":"closed","template":"","meta":{"_acf_changed":false},"product_brand":[],"product_cat":[113,73,116],"product_tag":[],"class_list":{"0":"post-5273","1":"product","2":"type-product","3":"status-publish","4":"has-post-thumbnail","6":"product_cat-le-village-occitant","7":"product_cat-mugs","8":"product_cat-saint-cirq-lapopie","9":"product_shipping_class-mugs","11":"first","12":"instock","13":"taxable","14":"shipping-taxable","15":"purchasable","16":"product-type-simple"},"acf":[],"_links":{"self":[{"href":"https:\/\/reviens-y.fr\/en\/wp-json\/wp\/v2\/product\/5273","targetHints":{"allow":["GET"]}}],"collection":[{"href":"https:\/\/reviens-y.fr\/en\/wp-json\/wp\/v2\/product"}],"about":[{"href":"https:\/\/reviens-y.fr\/en\/wp-json\/wp\/v2\/types\/product"}],"replies":[{"embeddable":true,"href":"https:\/\/reviens-y.fr\/en\/wp-json\/wp\/v2\/comments?post=5273"}],"wp:featuredmedia":[{"embeddable":true,"href":"https:\/\/reviens-y.fr\/en\/wp-json\/wp\/v2\/media\/5274"}],"wp:attachment":[{"href":"https:\/\/reviens-y.fr\/en\/wp-json\/wp\/v2\/media?parent=5273"}],"wp:term":[{"taxonomy":"product_brand","embeddable":true,"href":"https:\/\/reviens-y.fr\/en\/wp-json\/wp\/v2\/product_brand?post=5273"},{"taxonomy":"product_cat","embeddable":true,"href":"https:\/\/reviens-y.fr\/en\/wp-json\/wp\/v2\/product_cat?post=5273"},{"taxonomy":"product_tag","embeddable":true,"href":"https:\/\/reviens-y.fr\/en\/wp-json\/wp\/v2\/product_tag?post=5273"}],"curies":[{"name":"wp","href":"https:\/\/api.w.org\/{rel}","templated":true}]}}