{"id":5282,"date":"2025-11-05T14:41:14","date_gmt":"2025-11-05T14:41:14","guid":{"rendered":"https:\/\/reviens-y.fr\/produit\/casquette-le-village-occitan-2\/"},"modified":"2025-11-21T15:20:39","modified_gmt":"2025-11-21T15:20:39","slug":"casquette-le-village-occitan-2","status":"publish","type":"product","link":"https:\/\/reviens-y.fr\/en\/product\/casquette-le-village-occitan-2\/","title":{"rendered":"Carte postale <br> Le village Occitan"},"content":{"rendered":"<p>Ce dessin minimaliste illustre le village de Saint-Cirq-Lapopie, perch\u00e9 sur son \u00e9peron rocheux dominant la vall\u00e9e du Lot. La composition sobre met en valeur l\u2019authenticit\u00e9 des maisons m\u00e9di\u00e9vales et l\u2019\u00e9l\u00e9gance de l\u2019\u00e9glise, inscrivant ce patrimoine dans une esth\u00e9tique intemporelle.<br \/>\nRepr\u00e9sentant le Quercy et le Sud-Ouest, ce visuel rend hommage \u00e0 l\u2019un des sites touristiques les plus embl\u00e9matiques d\u2019Occitanie. Il \u00e9voque un lieu class\u00e9 parmi les plus beaux villages de France, o\u00f9 histoire, art et paysages se rejoignent pour offrir aux visiteurs une exp\u00e9rience unique au c\u0153ur du Lot.<br \/>\n\u2013<br \/>\nUne carte postale con\u00e7ue pour durer, avec une impression nette et des couleurs fid\u00e8les. Fabriqu\u00e9e sur un papier cartonn\u00e9 \u00e9pais de qualit\u00e9 professionnelle (260 \u00e0 350 g\/m\u00b2), elle offre une surface ext\u00e9rieure l\u00e9g\u00e8rement satin\u00e9e, id\u00e9ale pour les visuels d\u00e9taill\u00e9s, et un verso pens\u00e9 pour l\u2019\u00e9criture.<br \/>\nAvec son format standard 10 \u00d7 15 cm, elle s\u2019adapte \u00e0 tous les usages : envoi postal, carte souvenir, communication visuelle ou \u00e9l\u00e9ment d\u00e9coratif.<\/p>\n<p>\u2013 Technique d\u2019impression : impression laser num\u00e9rique \u00e0 base de toner<br \/>\n\u2013 Finition : mate, avec surface ext\u00e9rieure l\u00e9g\u00e8rement brillante<br \/>\n\u2013 Type de papier : carton rigide premium<br \/>\n\u2013 Poids du papier : 260 \u2013 350 g\/m\u00b2<br \/>\n\u2013 \u00c9paisseur : 0,34 mm<br \/>\n\u2013 Format : 10 \u00d7 15 cm (4 \u00d7 6\u201d)<br \/>\n\u2013 Surface ext\u00e9rieure : lamin\u00e9e, excellente pour l\u2019impression d\u2019images<br \/>\n\u2013 Surface int\u00e9rieure : l\u00e9g\u00e8rement enduite, parfaite pour l\u2019\u00e9criture au stylo-bille<\/p>","protected":false},"excerpt":{"rendered":"<p>Ce dessin minimaliste illustre le village de Saint-Cirq-Lapopie, perch\u00e9 sur son \u00e9peron rocheux dominant la vall\u00e9e du Lot. La composition sobre met en valeur l\u2019authenticit\u00e9 des maisons m\u00e9di\u00e9vales et l\u2019\u00e9l\u00e9gance de l\u2019\u00e9glise, inscrivant ce patrimoine dans une esth\u00e9tique intemporelle. Repr\u00e9sentant le Quercy et le Sud-Ouest, ce visuel rend hommage \u00e0 l\u2019un des sites touristiques les [&hellip;]<\/p>\n","protected":false},"featured_media":5283,"comment_status":"open","ping_status":"closed","template":"","meta":{"_acf_changed":false},"product_brand":[],"product_cat":[95,113,116],"product_tag":[],"class_list":{"0":"post-5282","1":"product","2":"type-product","3":"status-publish","4":"has-post-thumbnail","6":"product_cat-cartes-postales","7":"product_cat-le-village-occitant","8":"product_cat-saint-cirq-lapopie","9":"product_shipping_class-cartes-postales","11":"first","12":"instock","13":"taxable","14":"shipping-taxable","15":"purchasable","16":"product-type-simple"},"acf":[],"_links":{"self":[{"href":"https:\/\/reviens-y.fr\/en\/wp-json\/wp\/v2\/product\/5282","targetHints":{"allow":["GET"]}}],"collection":[{"href":"https:\/\/reviens-y.fr\/en\/wp-json\/wp\/v2\/product"}],"about":[{"href":"https:\/\/reviens-y.fr\/en\/wp-json\/wp\/v2\/types\/product"}],"replies":[{"embeddable":true,"href":"https:\/\/reviens-y.fr\/en\/wp-json\/wp\/v2\/comments?post=5282"}],"wp:featuredmedia":[{"embeddable":true,"href":"https:\/\/reviens-y.fr\/en\/wp-json\/wp\/v2\/media\/5283"}],"wp:attachment":[{"href":"https:\/\/reviens-y.fr\/en\/wp-json\/wp\/v2\/media?parent=5282"}],"wp:term":[{"taxonomy":"product_brand","embeddable":true,"href":"https:\/\/reviens-y.fr\/en\/wp-json\/wp\/v2\/product_brand?post=5282"},{"taxonomy":"product_cat","embeddable":true,"href":"https:\/\/reviens-y.fr\/en\/wp-json\/wp\/v2\/product_cat?post=5282"},{"taxonomy":"product_tag","embeddable":true,"href":"https:\/\/reviens-y.fr\/en\/wp-json\/wp\/v2\/product_tag?post=5282"}],"curies":[{"name":"wp","href":"https:\/\/api.w.org\/{rel}","templated":true}]}}