{"id":5284,"date":"2025-11-05T14:49:17","date_gmt":"2025-11-05T14:49:17","guid":{"rendered":"https:\/\/reviens-y.fr\/produit\/carte-postale-la-croisiere-en-gabare\/"},"modified":"2025-11-21T15:20:39","modified_gmt":"2025-11-21T15:20:39","slug":"carte-postale-la-croisiere-en-gabare","status":"publish","type":"product","link":"https:\/\/reviens-y.fr\/en\/product\/carte-postale-la-croisiere-en-gabare\/","title":{"rendered":"Carte postale <br> La croisi\u00e8re en Gabare"},"content":{"rendered":"<p>Cette illustration met en avant la c\u00e9l\u00e8bre gabare, bateau traditionnel qui sillonne les eaux calmes du Lot. En arri\u00e8re-plan, le village de Saint-Cirq-Lapopie se dessine, offrant un contraste unique entre patrimoine m\u00e9di\u00e9val et douceur des rives. Le graphisme \u00e9pur\u00e9 \u00e9voque autant le voyage que la d\u00e9couverte.<br \/>\nEmbarquer pour une croisi\u00e8re en gabare, c\u2019est plonger au c\u0153ur de l\u2019histoire fluviale du Sud-Ouest. On y admire la vall\u00e9e, les falaises et les paysages authentiques qui font la renomm\u00e9e touristique du Lot. Ce visuel capture l\u2019esprit d\u2019une escapade paisible et culturelle, entre eau, pierre et nature.<br \/>\n\u2013<br \/>\nUne carte postale con\u00e7ue pour durer, avec une impression nette et des couleurs fid\u00e8les. Fabriqu\u00e9e sur un papier cartonn\u00e9 \u00e9pais de qualit\u00e9 professionnelle (260 \u00e0 350 g\/m\u00b2), elle offre une surface ext\u00e9rieure l\u00e9g\u00e8rement satin\u00e9e, id\u00e9ale pour les visuels d\u00e9taill\u00e9s, et un verso pens\u00e9 pour l\u2019\u00e9criture.<br \/>\nAvec son format standard 10 \u00d7 15 cm, elle s\u2019adapte \u00e0 tous les usages : envoi postal, carte souvenir, communication visuelle ou \u00e9l\u00e9ment d\u00e9coratif.<\/p>\n<p>\u2013 Technique d\u2019impression : impression laser num\u00e9rique \u00e0 base de toner<br \/>\n\u2013 Finition : mate, avec surface ext\u00e9rieure l\u00e9g\u00e8rement brillante<br \/>\n\u2013 Type de papier : carton rigide premium<br \/>\n\u2013 Poids du papier : 260 \u2013 350 g\/m\u00b2<br \/>\n\u2013 \u00c9paisseur : 0,34 mm<br \/>\n\u2013 Format : 10 \u00d7 15 cm (4 \u00d7 6\u201d)<br \/>\n\u2013 Surface ext\u00e9rieure : lamin\u00e9e, excellente pour l\u2019impression d\u2019images<br \/>\n\u2013 Surface int\u00e9rieure : l\u00e9g\u00e8rement enduite, parfaite pour l\u2019\u00e9criture au stylo-bille<\/p>","protected":false},"excerpt":{"rendered":"<p>Cette illustration met en avant la c\u00e9l\u00e8bre gabare, bateau traditionnel qui sillonne les eaux calmes du Lot. En arri\u00e8re-plan, le village de Saint-Cirq-Lapopie se dessine, offrant un contraste unique entre patrimoine m\u00e9di\u00e9val et douceur des rives. Le graphisme \u00e9pur\u00e9 \u00e9voque autant le voyage que la d\u00e9couverte. Embarquer pour une croisi\u00e8re en gabare, c\u2019est plonger au [&hellip;]<\/p>\n","protected":false},"featured_media":5285,"comment_status":"open","ping_status":"closed","template":"","meta":{"_acf_changed":false},"product_brand":[],"product_cat":[95,110,116],"product_tag":[],"class_list":{"0":"post-5284","1":"product","2":"type-product","3":"status-publish","4":"has-post-thumbnail","6":"product_cat-cartes-postales","7":"product_cat-la-croisiere-en-gabare","8":"product_cat-saint-cirq-lapopie","9":"product_shipping_class-cartes-postales","11":"first","12":"instock","13":"taxable","14":"shipping-taxable","15":"purchasable","16":"product-type-simple"},"acf":[],"_links":{"self":[{"href":"https:\/\/reviens-y.fr\/en\/wp-json\/wp\/v2\/product\/5284","targetHints":{"allow":["GET"]}}],"collection":[{"href":"https:\/\/reviens-y.fr\/en\/wp-json\/wp\/v2\/product"}],"about":[{"href":"https:\/\/reviens-y.fr\/en\/wp-json\/wp\/v2\/types\/product"}],"replies":[{"embeddable":true,"href":"https:\/\/reviens-y.fr\/en\/wp-json\/wp\/v2\/comments?post=5284"}],"wp:featuredmedia":[{"embeddable":true,"href":"https:\/\/reviens-y.fr\/en\/wp-json\/wp\/v2\/media\/5285"}],"wp:attachment":[{"href":"https:\/\/reviens-y.fr\/en\/wp-json\/wp\/v2\/media?parent=5284"}],"wp:term":[{"taxonomy":"product_brand","embeddable":true,"href":"https:\/\/reviens-y.fr\/en\/wp-json\/wp\/v2\/product_brand?post=5284"},{"taxonomy":"product_cat","embeddable":true,"href":"https:\/\/reviens-y.fr\/en\/wp-json\/wp\/v2\/product_cat?post=5284"},{"taxonomy":"product_tag","embeddable":true,"href":"https:\/\/reviens-y.fr\/en\/wp-json\/wp\/v2\/product_tag?post=5284"}],"curies":[{"name":"wp","href":"https:\/\/api.w.org\/{rel}","templated":true}]}}