{"id":5297,"date":"2025-11-06T08:59:39","date_gmt":"2025-11-06T08:59:39","guid":{"rendered":"https:\/\/reviens-y.fr\/produit\/t-shirt-unisexe-le-pont-valentre\/"},"modified":"2025-11-21T15:17:56","modified_gmt":"2025-11-21T15:17:56","slug":"t-shirt-unisexe-le-pont-valentre","status":"publish","type":"product","link":"https:\/\/reviens-y.fr\/en\/product\/t-shirt-unisexe-le-pont-valentre\/","title":{"rendered":"T-shirt unisex <br> Le pont Valentr\u00e9"},"content":{"rendered":"<p>Symbole incontournable de Cahors, le Pont Valentr\u00e9 se dresse ici dans une illustration color\u00e9e et lumineuse. Ses tours m\u00e9di\u00e9vales et ses arches de pierre se refl\u00e8tent dans le Lot, entour\u00e9es de vignobles qui rappellent la richesse viticole de la r\u00e9gion.<br \/>\nLe style graphique, inspir\u00e9 des affiches vintage, modernise l\u2019image de ce monument class\u00e9 au patrimoine mondial de l\u2019UNESCO, tout en conservant son caract\u00e8re authentique. Un visuel qui capture l\u2019essence de Cahors : histoire, patrimoine et art de vivre au c\u0153ur du Quercy.<br \/>\n\u2013<br \/>\nT-shirt unisexe en coton, con\u00e7u pour un usage quotidien. Sa coupe r\u00e9guli\u00e8re facilite les mouvements, tandis que son tissu conserve sa forme lavage apr\u00e8s lavage. L\u00e9ger \u00e0 porter et simple \u00e0 entretenir, il convient \u00e0 toutes les saisons et s\u2019adapte \u00e0 diff\u00e9rents styles.<\/p>\n<p>\u2022 170\u2013180 g\/m\u00b2<br \/>\n\u2022 Fabrication tubulaire sans coutures lat\u00e9rales<br \/>\n\u2022 Coutures renforc\u00e9es et bande de propret\u00e9 au col et aux \u00e9paules<br \/>\n\u2022 Composition : 100 % coton ou Sport Grey (90 % coton, 10 % polyester)<br \/>\n\u2022 Lavage en machine \u00e0 30\u00b0C<br \/>\n\u2022 Sans polyester recycl\u00e9 ni substances dangereuses<br \/>\n\u2022 Le blanc peut pr\u00e9senter un aspect blanc cass\u00e9 naturel<\/p>","protected":false},"excerpt":{"rendered":"<p>Symbole incontournable de Cahors, le Pont Valentr\u00e9 se dresse ici dans une illustration color\u00e9e et lumineuse. Ses tours m\u00e9di\u00e9vales et ses arches de pierre se refl\u00e8tent dans le Lot, entour\u00e9es de vignobles qui rappellent la richesse viticole de la r\u00e9gion. Le style graphique, inspir\u00e9 des affiches vintage, modernise l\u2019image de ce monument class\u00e9 au patrimoine [&hellip;]<\/p>\n","protected":false},"featured_media":5302,"comment_status":"open","ping_status":"closed","template":"","meta":{"_acf_changed":false},"product_brand":[],"product_cat":[114,75,68],"product_tag":[],"class_list":{"0":"post-5297","1":"product","2":"type-product","3":"status-publish","4":"has-post-thumbnail","6":"product_cat-cahors","7":"product_cat-le-pont-valentre","8":"product_cat-t-shirts","9":"product_shipping_class-t-shirts","11":"first","12":"instock","13":"taxable","14":"shipping-taxable","15":"purchasable","16":"product-type-variable"},"acf":[],"_links":{"self":[{"href":"https:\/\/reviens-y.fr\/en\/wp-json\/wp\/v2\/product\/5297","targetHints":{"allow":["GET"]}}],"collection":[{"href":"https:\/\/reviens-y.fr\/en\/wp-json\/wp\/v2\/product"}],"about":[{"href":"https:\/\/reviens-y.fr\/en\/wp-json\/wp\/v2\/types\/product"}],"replies":[{"embeddable":true,"href":"https:\/\/reviens-y.fr\/en\/wp-json\/wp\/v2\/comments?post=5297"}],"wp:featuredmedia":[{"embeddable":true,"href":"https:\/\/reviens-y.fr\/en\/wp-json\/wp\/v2\/media\/5302"}],"wp:attachment":[{"href":"https:\/\/reviens-y.fr\/en\/wp-json\/wp\/v2\/media?parent=5297"}],"wp:term":[{"taxonomy":"product_brand","embeddable":true,"href":"https:\/\/reviens-y.fr\/en\/wp-json\/wp\/v2\/product_brand?post=5297"},{"taxonomy":"product_cat","embeddable":true,"href":"https:\/\/reviens-y.fr\/en\/wp-json\/wp\/v2\/product_cat?post=5297"},{"taxonomy":"product_tag","embeddable":true,"href":"https:\/\/reviens-y.fr\/en\/wp-json\/wp\/v2\/product_tag?post=5297"}],"curies":[{"name":"wp","href":"https:\/\/api.w.org\/{rel}","templated":true}]}}