{"id":5311,"date":"2025-11-06T09:03:11","date_gmt":"2025-11-06T09:03:11","guid":{"rendered":"https:\/\/reviens-y.fr\/produit\/sweat-unisexe-le-pont-valentre\/"},"modified":"2025-11-21T17:48:28","modified_gmt":"2025-11-21T17:48:28","slug":"sweat-unisexe-le-pont-valentre","status":"publish","type":"product","link":"https:\/\/reviens-y.fr\/en\/product\/sweat-unisexe-le-pont-valentre\/","title":{"rendered":"Unisex sweatshirt <br> Le pont Valentr\u00e9"},"content":{"rendered":"<p>Symbole incontournable de Cahors, le Pont Valentr\u00e9 se dresse ici dans une illustration color\u00e9e et lumineuse. Ses tours m\u00e9di\u00e9vales et ses arches de pierre se refl\u00e8tent dans le Lot, entour\u00e9es de vignobles qui rappellent la richesse viticole de la r\u00e9gion.<br \/>\nLe style graphique, inspir\u00e9 des affiches vintage, modernise l\u2019image de ce monument class\u00e9 au patrimoine mondial de l\u2019UNESCO, tout en conservant son caract\u00e8re authentique. Un visuel qui capture l\u2019essence de Cahors : histoire, patrimoine et art de vivre au c\u0153ur du Quercy.<br \/>\n\u2013<br \/>\nSweat-shirt unisexe en coton et polyester, con\u00e7u pour offrir douceur et chaleur au quotidien. Sa coupe classique et son col en tricot c\u00f4tel\u00e9 assurent un bon maintien, tandis que la conception quart-de-tour \u00e9vite le pli central. Facile \u00e0 entretenir, il conserve sa forme lavage apr\u00e8s lavage.<\/p>\n<p>\u2022 271 g\/m\u00b2<br \/>\n\u2022 50 % coton, 50 % polyester<br \/>\n\u2022 Tissu pr\u00e9r\u00e9tr\u00e9ci, fil\u00e9 par jet d\u2019air pour un toucher doux<br \/>\n\u2022 Col, \u00e9paules, emmanchures, poignets et ourlet \u00e0 couture double<br \/>\n\u2022 Col en tricot c\u00f4tel\u00e9 1\u00d71 avec \u00e9lasthanne<br \/>\n\u2022 Quart-de-tour pour \u00e9viter un pli au milieu<br \/>\n\u2022 Le blanc peut appara\u00eetre blanc cass\u00e9 naturel<\/p>","protected":false},"excerpt":{"rendered":"<p>Symbole incontournable de Cahors, le Pont Valentr\u00e9 se dresse ici dans une illustration color\u00e9e et lumineuse. Ses tours m\u00e9di\u00e9vales et ses arches de pierre se refl\u00e8tent dans le Lot, entour\u00e9es de vignobles qui rappellent la richesse viticole de la r\u00e9gion. Le style graphique, inspir\u00e9 des affiches vintage, modernise l\u2019image de ce monument class\u00e9 au patrimoine [&hellip;]<\/p>\n","protected":false},"featured_media":5316,"comment_status":"open","ping_status":"closed","template":"","meta":{"_acf_changed":false},"product_brand":[],"product_cat":[114,75,70],"product_tag":[],"class_list":{"0":"post-5311","1":"product","2":"type-product","3":"status-publish","4":"has-post-thumbnail","6":"product_cat-cahors","7":"product_cat-le-pont-valentre","8":"product_cat-sweats","9":"product_shipping_class-sweats","11":"first","12":"instock","13":"taxable","14":"shipping-taxable","15":"purchasable","16":"product-type-variable"},"acf":[],"_links":{"self":[{"href":"https:\/\/reviens-y.fr\/en\/wp-json\/wp\/v2\/product\/5311","targetHints":{"allow":["GET"]}}],"collection":[{"href":"https:\/\/reviens-y.fr\/en\/wp-json\/wp\/v2\/product"}],"about":[{"href":"https:\/\/reviens-y.fr\/en\/wp-json\/wp\/v2\/types\/product"}],"replies":[{"embeddable":true,"href":"https:\/\/reviens-y.fr\/en\/wp-json\/wp\/v2\/comments?post=5311"}],"wp:featuredmedia":[{"embeddable":true,"href":"https:\/\/reviens-y.fr\/en\/wp-json\/wp\/v2\/media\/5316"}],"wp:attachment":[{"href":"https:\/\/reviens-y.fr\/en\/wp-json\/wp\/v2\/media?parent=5311"}],"wp:term":[{"taxonomy":"product_brand","embeddable":true,"href":"https:\/\/reviens-y.fr\/en\/wp-json\/wp\/v2\/product_brand?post=5311"},{"taxonomy":"product_cat","embeddable":true,"href":"https:\/\/reviens-y.fr\/en\/wp-json\/wp\/v2\/product_cat?post=5311"},{"taxonomy":"product_tag","embeddable":true,"href":"https:\/\/reviens-y.fr\/en\/wp-json\/wp\/v2\/product_tag?post=5311"}],"curies":[{"name":"wp","href":"https:\/\/api.w.org\/{rel}","templated":true}]}}