{"id":5319,"date":"2025-11-06T09:04:45","date_gmt":"2025-11-06T09:04:45","guid":{"rendered":"https:\/\/reviens-y.fr\/produit\/casquette-le-pont-valentre\/"},"modified":"2025-11-21T17:47:59","modified_gmt":"2025-11-21T17:47:59","slug":"casquette-le-pont-valentre","status":"publish","type":"product","link":"https:\/\/reviens-y.fr\/en\/product\/casquette-le-pont-valentre\/","title":{"rendered":"Cap <br> Le pont Valentr\u00e9"},"content":{"rendered":"<p>Symbole incontournable de Cahors, le Pont Valentr\u00e9 se dresse ici dans une illustration color\u00e9e et lumineuse. Ses tours m\u00e9di\u00e9vales et ses arches de pierre se refl\u00e8tent dans le Lot, entour\u00e9es de vignobles qui rappellent la richesse viticole de la r\u00e9gion.<br \/>\nLe style graphique, inspir\u00e9 des affiches vintage, modernise l\u2019image de ce monument class\u00e9 au patrimoine mondial de l\u2019UNESCO, tout en conservant son caract\u00e8re authentique. Un visuel qui capture l\u2019essence de Cahors : histoire, patrimoine et art de vivre au c\u0153ur du Quercy.<br \/>\n\u2013<br \/>\nUnisex cap with a curved visor, combining comfort and style for everyday wear. Its unstructured shape and adjustable strap allow for easy fitting, while its twill cotton fabric offers great durability over time.<\/p>\n<p>\u2022 100% chino cotton twill<br \/>\n\u2022 Unstructured, low-profile, flat visor<br \/>\n\u2022 6 embroidered eyelets<br \/>\n\u2022 Couronne de 3 \u215b \u00bb<br \/>\n\u2022 Adjustable strap with antique-style metal buckle<\/p>","protected":false},"excerpt":{"rendered":"<p>Symbole incontournable de Cahors, le Pont Valentr\u00e9 se dresse ici dans une illustration color\u00e9e et lumineuse. Ses tours m\u00e9di\u00e9vales et ses arches de pierre se refl\u00e8tent dans le Lot, entour\u00e9es de vignobles qui rappellent la richesse viticole de la r\u00e9gion. Le style graphique, inspir\u00e9 des affiches vintage, modernise l\u2019image de ce monument class\u00e9 au patrimoine [&hellip;]<\/p>\n","protected":false},"featured_media":5323,"comment_status":"open","ping_status":"closed","template":"","meta":{"_acf_changed":false},"product_brand":[],"product_cat":[114,71,75],"product_tag":[],"class_list":{"0":"post-5319","1":"product","2":"type-product","3":"status-publish","4":"has-post-thumbnail","6":"product_cat-cahors","7":"product_cat-casquettes","8":"product_cat-le-pont-valentre","9":"product_shipping_class-casquettes","11":"first","12":"instock","13":"taxable","14":"shipping-taxable","15":"purchasable","16":"product-type-variable"},"acf":[],"_links":{"self":[{"href":"https:\/\/reviens-y.fr\/en\/wp-json\/wp\/v2\/product\/5319","targetHints":{"allow":["GET"]}}],"collection":[{"href":"https:\/\/reviens-y.fr\/en\/wp-json\/wp\/v2\/product"}],"about":[{"href":"https:\/\/reviens-y.fr\/en\/wp-json\/wp\/v2\/types\/product"}],"replies":[{"embeddable":true,"href":"https:\/\/reviens-y.fr\/en\/wp-json\/wp\/v2\/comments?post=5319"}],"wp:featuredmedia":[{"embeddable":true,"href":"https:\/\/reviens-y.fr\/en\/wp-json\/wp\/v2\/media\/5323"}],"wp:attachment":[{"href":"https:\/\/reviens-y.fr\/en\/wp-json\/wp\/v2\/media?parent=5319"}],"wp:term":[{"taxonomy":"product_brand","embeddable":true,"href":"https:\/\/reviens-y.fr\/en\/wp-json\/wp\/v2\/product_brand?post=5319"},{"taxonomy":"product_cat","embeddable":true,"href":"https:\/\/reviens-y.fr\/en\/wp-json\/wp\/v2\/product_cat?post=5319"},{"taxonomy":"product_tag","embeddable":true,"href":"https:\/\/reviens-y.fr\/en\/wp-json\/wp\/v2\/product_tag?post=5319"}],"curies":[{"name":"wp","href":"https:\/\/api.w.org\/{rel}","templated":true}]}}