{"id":5343,"date":"2025-11-06T09:10:08","date_gmt":"2025-11-06T09:10:08","guid":{"rendered":"https:\/\/reviens-y.fr\/produit\/mug-blanc-brillant-le-pont-valentre\/"},"modified":"2025-11-21T15:19:22","modified_gmt":"2025-11-21T15:19:22","slug":"mug-blanc-brillant-le-pont-valentre","status":"publish","type":"product","link":"https:\/\/reviens-y.fr\/en\/product\/mug-blanc-brillant-le-pont-valentre\/","title":{"rendered":"Glossy white mug <br> Le pont Valentr\u00e9"},"content":{"rendered":"<p>Symbole incontournable de Cahors, le Pont Valentr\u00e9 se dresse ici dans une illustration color\u00e9e et lumineuse. Ses tours m\u00e9di\u00e9vales et ses arches de pierre se refl\u00e8tent dans le Lot, entour\u00e9es de vignobles qui rappellent la richesse viticole de la r\u00e9gion.<br \/>\nLe style graphique, inspir\u00e9 des affiches vintage, modernise l\u2019image de ce monument class\u00e9 au patrimoine mondial de l\u2019UNESCO, tout en conservant son caract\u00e8re authentique. Un visuel qui capture l\u2019essence de Cahors : histoire, patrimoine et art de vivre au c\u0153ur du Quercy.<br \/>\n\u2013<br \/>\nMug en c\u00e9ramique, pratique et r\u00e9sistant, id\u00e9al pour savourer vos boissons chaudes au quotidien. Sa finition blanche brillante met en valeur les visuels imprim\u00e9s, qui conservent leur \u00e9clat m\u00eame apr\u00e8s plusieurs passages au lave-vaisselle ou au micro-ondes.<\/p>\n<p>\u2022 C\u00e9ramique sans BPA et sans plomb<br \/>\n\u2022 Passe au lave-vaisselle et au micro-ondes<br \/>\n\u2022 Finition blanche brillante<br \/>\n\u2022 Taille 11 oz : 9,6 cm de hauteur \u00d7 8,2 cm de diam\u00e8tre<br \/>\n\u2022 L\u00e9g\u00e8res variations de taille possibles (+\/- 2 mm)<\/p>","protected":false},"excerpt":{"rendered":"<p>Symbole incontournable de Cahors, le Pont Valentr\u00e9 se dresse ici dans une illustration color\u00e9e et lumineuse. Ses tours m\u00e9di\u00e9vales et ses arches de pierre se refl\u00e8tent dans le Lot, entour\u00e9es de vignobles qui rappellent la richesse viticole de la r\u00e9gion. Le style graphique, inspir\u00e9 des affiches vintage, modernise l\u2019image de ce monument class\u00e9 au patrimoine [&hellip;]<\/p>\n","protected":false},"featured_media":5344,"comment_status":"open","ping_status":"closed","template":"","meta":{"_acf_changed":false},"product_brand":[],"product_cat":[114,75,73],"product_tag":[],"class_list":{"0":"post-5343","1":"product","2":"type-product","3":"status-publish","4":"has-post-thumbnail","6":"product_cat-cahors","7":"product_cat-le-pont-valentre","8":"product_cat-mugs","9":"product_shipping_class-mugs","11":"first","12":"instock","13":"taxable","14":"shipping-taxable","15":"purchasable","16":"product-type-simple"},"acf":[],"_links":{"self":[{"href":"https:\/\/reviens-y.fr\/en\/wp-json\/wp\/v2\/product\/5343","targetHints":{"allow":["GET"]}}],"collection":[{"href":"https:\/\/reviens-y.fr\/en\/wp-json\/wp\/v2\/product"}],"about":[{"href":"https:\/\/reviens-y.fr\/en\/wp-json\/wp\/v2\/types\/product"}],"replies":[{"embeddable":true,"href":"https:\/\/reviens-y.fr\/en\/wp-json\/wp\/v2\/comments?post=5343"}],"wp:featuredmedia":[{"embeddable":true,"href":"https:\/\/reviens-y.fr\/en\/wp-json\/wp\/v2\/media\/5344"}],"wp:attachment":[{"href":"https:\/\/reviens-y.fr\/en\/wp-json\/wp\/v2\/media?parent=5343"}],"wp:term":[{"taxonomy":"product_brand","embeddable":true,"href":"https:\/\/reviens-y.fr\/en\/wp-json\/wp\/v2\/product_brand?post=5343"},{"taxonomy":"product_cat","embeddable":true,"href":"https:\/\/reviens-y.fr\/en\/wp-json\/wp\/v2\/product_cat?post=5343"},{"taxonomy":"product_tag","embeddable":true,"href":"https:\/\/reviens-y.fr\/en\/wp-json\/wp\/v2\/product_tag?post=5343"}],"curies":[{"name":"wp","href":"https:\/\/api.w.org\/{rel}","templated":true}]}}