{"id":5347,"date":"2025-11-06T09:11:56","date_gmt":"2025-11-06T09:11:56","guid":{"rendered":"https:\/\/reviens-y.fr\/produit\/affiche-le-pont-valentre\/"},"modified":"2025-11-21T17:47:10","modified_gmt":"2025-11-21T17:47:10","slug":"affiche-le-pont-valentre","status":"publish","type":"product","link":"https:\/\/reviens-y.fr\/en\/product\/affiche-le-pont-valentre\/","title":{"rendered":"Affiche <br> Le pont Valentr\u00e9"},"content":{"rendered":"<p>Symbole incontournable de Cahors, le Pont Valentr\u00e9 se dresse ici dans une illustration color\u00e9e et lumineuse. Ses tours m\u00e9di\u00e9vales et ses arches de pierre se refl\u00e8tent dans le Lot, entour\u00e9es de vignobles qui rappellent la richesse viticole de la r\u00e9gion.<br \/>\nLe style graphique, inspir\u00e9 des affiches vintage, modernise l\u2019image de ce monument class\u00e9 au patrimoine mondial de l\u2019UNESCO, tout en conservant son caract\u00e8re authentique. Un visuel qui capture l\u2019essence de Cahors : histoire, patrimoine et art de vivre au c\u0153ur du Quercy.<br \/>\n\u2013<br \/>\nApportez une touche unique \u00e0 votre int\u00e9rieur avec cette affiche imprim\u00e9e en jet d\u2019encre multicolore \u00e0 base d\u2019eau, offrant un rendu pr\u00e9cis, des couleurs profondes et une finition mate \u00e9l\u00e9gante. Chaque affiche est r\u00e9alis\u00e9e sur un papier de qualit\u00e9 sup\u00e9rieure, con\u00e7u pour r\u00e9sister au temps et conserver toute sa luminosit\u00e9.<br \/>\nDisponible en deux formats : 30\u00d740 cm et 50\u00d770 cm ; elle s\u2019int\u00e8gre facilement dans tout type d\u2019espace, du bureau au salon, en passant par la chambre.<\/p>\n<p>\u2013 Technique d\u2019impression : jet d\u2019encre multicolore \u00e0 base d\u2019eau<br \/>\n\u2013 Finition : mate (absorbant la lumi\u00e8re, sans reflet)<br \/>\n\u2013 Type de papier : Couch\u00e9 premium<br \/>\n\u2013 \u00c9paisseur : 0,145 mm<br \/>\n\u2013 Grammage : 170 g\/m\u00b2<br \/>\n\u2013 Opacit\u00e9 : 97,5 %<br \/>\n\u2013 Luminosit\u00e9 ISO : 38 %<br \/>\n\u2013 Origine du papier : Japon<br \/>\n\u2013 Formats disponibles :<br \/>\n\u2022 30 \u00d7 40 cm<br \/>\n\u2022 50 \u00d7 70 cm<\/p>","protected":false},"excerpt":{"rendered":"<p>Symbole incontournable de Cahors, le Pont Valentr\u00e9 se dresse ici dans une illustration color\u00e9e et lumineuse. Ses tours m\u00e9di\u00e9vales et ses arches de pierre se refl\u00e8tent dans le Lot, entour\u00e9es de vignobles qui rappellent la richesse viticole de la r\u00e9gion. Le style graphique, inspir\u00e9 des affiches vintage, modernise l\u2019image de ce monument class\u00e9 au patrimoine [&hellip;]<\/p>\n","protected":false},"featured_media":5350,"comment_status":"open","ping_status":"closed","template":"","meta":{"_acf_changed":false},"product_brand":[],"product_cat":[94,114,67,75],"product_tag":[],"class_list":{"0":"post-5347","1":"product","2":"type-product","3":"status-publish","4":"has-post-thumbnail","6":"product_cat-affiches","7":"product_cat-cahors","8":"product_cat-idees-cadeaux","9":"product_cat-le-pont-valentre","10":"product_shipping_class-affiches","12":"first","13":"instock","14":"taxable","15":"shipping-taxable","16":"purchasable","17":"product-type-variable"},"acf":[],"_links":{"self":[{"href":"https:\/\/reviens-y.fr\/en\/wp-json\/wp\/v2\/product\/5347","targetHints":{"allow":["GET"]}}],"collection":[{"href":"https:\/\/reviens-y.fr\/en\/wp-json\/wp\/v2\/product"}],"about":[{"href":"https:\/\/reviens-y.fr\/en\/wp-json\/wp\/v2\/types\/product"}],"replies":[{"embeddable":true,"href":"https:\/\/reviens-y.fr\/en\/wp-json\/wp\/v2\/comments?post=5347"}],"wp:featuredmedia":[{"embeddable":true,"href":"https:\/\/reviens-y.fr\/en\/wp-json\/wp\/v2\/media\/5350"}],"wp:attachment":[{"href":"https:\/\/reviens-y.fr\/en\/wp-json\/wp\/v2\/media?parent=5347"}],"wp:term":[{"taxonomy":"product_brand","embeddable":true,"href":"https:\/\/reviens-y.fr\/en\/wp-json\/wp\/v2\/product_brand?post=5347"},{"taxonomy":"product_cat","embeddable":true,"href":"https:\/\/reviens-y.fr\/en\/wp-json\/wp\/v2\/product_cat?post=5347"},{"taxonomy":"product_tag","embeddable":true,"href":"https:\/\/reviens-y.fr\/en\/wp-json\/wp\/v2\/product_tag?post=5347"}],"curies":[{"name":"wp","href":"https:\/\/api.w.org\/{rel}","templated":true}]}}