{"id":5356,"date":"2025-11-06T13:12:09","date_gmt":"2025-11-06T13:12:09","guid":{"rendered":"https:\/\/reviens-y.fr\/produit\/sweat-unisexe-la-croisiere-en-gabare\/"},"modified":"2025-11-21T17:45:28","modified_gmt":"2025-11-21T17:45:28","slug":"sweat-unisexe-la-croisiere-en-gabare","status":"publish","type":"product","link":"https:\/\/reviens-y.fr\/en\/product\/sweat-unisexe-la-croisiere-en-gabare\/","title":{"rendered":"Unisex sweatshirt <br> La croisi\u00e8re en Gabare"},"content":{"rendered":"<p>Cette illustration met en avant la c\u00e9l\u00e8bre gabare, bateau traditionnel qui sillonne les eaux calmes du Lot. En arri\u00e8re-plan, le village de Saint-Cirq-Lapopie se dessine, offrant un contraste unique entre patrimoine m\u00e9di\u00e9val et douceur des rives. Le graphisme \u00e9pur\u00e9 \u00e9voque autant le voyage que la d\u00e9couverte.<br \/>\nEmbarquer pour une croisi\u00e8re en gabare, c\u2019est plonger au c\u0153ur de l\u2019histoire fluviale du Sud-Ouest. On y admire la vall\u00e9e, les falaises et les paysages authentiques qui font la renomm\u00e9e touristique du Lot. Ce visuel capture l\u2019esprit d\u2019une escapade paisible et culturelle, entre eau, pierre et nature.<br \/>\n\u2013<br \/>\nSweat-shirt unisexe en coton et polyester, con\u00e7u pour offrir douceur et chaleur au quotidien. Sa coupe classique et son col en tricot c\u00f4tel\u00e9 assurent un bon maintien, tandis que la conception quart-de-tour \u00e9vite le pli central. Facile \u00e0 entretenir, il conserve sa forme lavage apr\u00e8s lavage.<\/p>\n<p>\u2022 271 g\/m\u00b2<br \/>\n\u2022 50 % coton, 50 % polyester<br \/>\n\u2022 Tissu pr\u00e9r\u00e9tr\u00e9ci, fil\u00e9 par jet d\u2019air pour un toucher doux<br \/>\n\u2022 Col, \u00e9paules, emmanchures, poignets et ourlet \u00e0 couture double<br \/>\n\u2022 Col en tricot c\u00f4tel\u00e9 1\u00d71 avec \u00e9lasthanne<br \/>\n\u2022 Quart-de-tour pour \u00e9viter un pli au milieu<br \/>\n\u2022 Le blanc peut appara\u00eetre blanc cass\u00e9 naturel<\/p>","protected":false},"excerpt":{"rendered":"<p>Cette illustration met en avant la c\u00e9l\u00e8bre gabare, bateau traditionnel qui sillonne les eaux calmes du Lot. En arri\u00e8re-plan, le village de Saint-Cirq-Lapopie se dessine, offrant un contraste unique entre patrimoine m\u00e9di\u00e9val et douceur des rives. Le graphisme \u00e9pur\u00e9 \u00e9voque autant le voyage que la d\u00e9couverte. Embarquer pour une croisi\u00e8re en gabare, c\u2019est plonger au [&hellip;]<\/p>\n","protected":false},"featured_media":5369,"comment_status":"open","ping_status":"closed","template":"","meta":{"_acf_changed":false},"product_brand":[],"product_cat":[110,116,70],"product_tag":[],"class_list":{"0":"post-5356","1":"product","2":"type-product","3":"status-publish","4":"has-post-thumbnail","6":"product_cat-la-croisiere-en-gabare","7":"product_cat-saint-cirq-lapopie","8":"product_cat-sweats","9":"product_shipping_class-sweats","11":"first","12":"instock","13":"taxable","14":"shipping-taxable","15":"purchasable","16":"product-type-variable"},"acf":[],"_links":{"self":[{"href":"https:\/\/reviens-y.fr\/en\/wp-json\/wp\/v2\/product\/5356","targetHints":{"allow":["GET"]}}],"collection":[{"href":"https:\/\/reviens-y.fr\/en\/wp-json\/wp\/v2\/product"}],"about":[{"href":"https:\/\/reviens-y.fr\/en\/wp-json\/wp\/v2\/types\/product"}],"replies":[{"embeddable":true,"href":"https:\/\/reviens-y.fr\/en\/wp-json\/wp\/v2\/comments?post=5356"}],"wp:featuredmedia":[{"embeddable":true,"href":"https:\/\/reviens-y.fr\/en\/wp-json\/wp\/v2\/media\/5369"}],"wp:attachment":[{"href":"https:\/\/reviens-y.fr\/en\/wp-json\/wp\/v2\/media?parent=5356"}],"wp:term":[{"taxonomy":"product_brand","embeddable":true,"href":"https:\/\/reviens-y.fr\/en\/wp-json\/wp\/v2\/product_brand?post=5356"},{"taxonomy":"product_cat","embeddable":true,"href":"https:\/\/reviens-y.fr\/en\/wp-json\/wp\/v2\/product_cat?post=5356"},{"taxonomy":"product_tag","embeddable":true,"href":"https:\/\/reviens-y.fr\/en\/wp-json\/wp\/v2\/product_tag?post=5356"}],"curies":[{"name":"wp","href":"https:\/\/api.w.org\/{rel}","templated":true}]}}