{"id":5470,"date":"2025-11-12T15:35:05","date_gmt":"2025-11-12T15:35:05","guid":{"rendered":"https:\/\/reviens-y.fr\/produit\/hoodie-unisexe-hors-serie-le-diamant-noir\/"},"modified":"2025-11-17T09:45:21","modified_gmt":"2025-11-17T09:45:21","slug":"hoodie-unisexe-hors-serie-le-diamant-noir","status":"publish","type":"product","link":"https:\/\/reviens-y.fr\/en\/product\/hoodie-unisexe-hors-serie-le-diamant-noir\/","title":{"rendered":"Hoodie unisexe Hors s\u00e9rie <br> Le Diamant Noir"},"content":{"rendered":"<p>\u00c9dition hors s\u00e9rie inspir\u00e9e de la truffe noire, symbole d\u2019\u00e9l\u00e9gance et de gastronomie.<br \/>\nCe design exclusif met en sc\u00e8ne la Tuber Melanosporum sous les traits d\u2019un personnage vintage au style soign\u00e9 : haut-de-forme, canne et n\u0153ud papillon \u00e0 motif vichy, clin d\u2019\u0153il \u00e0 l\u2019art de vivre \u00e0 la fran\u00e7aise.<br \/>\nUne cr\u00e9ation originale sign\u00e9e Un p\u2019tit go\u00fbt de reviens-y, disponible en s\u00e9rie limit\u00e9e sur une s\u00e9lection de v\u00eatements et accessoires.<br \/>\n&#8211;<br \/>\nSweat \u00e0 capuche unisexe con\u00e7u pour un usage quotidien, offrant chaleur et confort lors des journ\u00e9es fra\u00eeches. Sa coupe classique et sa grande poche frontale en font une pi\u00e8ce pratique et facile \u00e0 porter. La capuche doubl\u00e9e avec cordon de serrage assorti assure une protection suppl\u00e9mentaire contre le froid.<\/p>\n<p>\u2022 271 g\/m\u00b2<br \/>\n\u2022 50 % coton pr\u00e9r\u00e9tr\u00e9ci, 50 % polyester<br \/>\n\u2022 Tissu fil\u00e9 par jet d\u2019air pour un toucher doux et moins de boulochage<br \/>\n\u2022 Capuche \u00e0 double doublure avec cordon assorti<br \/>\n\u2022 Poignets et ceinture en tricot c\u00f4tel\u00e9 1\u00d71 avec \u00e9lasthanne<br \/>\n\u2022 Couture double aux \u00e9paules, poignets et ourlet<br \/>\n\u2022 Le blanc peut appara\u00eetre blanc cass\u00e9 naturel<\/p>","protected":false},"excerpt":{"rendered":"<p>\u00c9dition hors s\u00e9rie inspir\u00e9e de la truffe noire, symbole d\u2019\u00e9l\u00e9gance et de gastronomie. Ce design exclusif met en sc\u00e8ne la Tuber Melanosporum sous les traits d\u2019un personnage vintage au style soign\u00e9 : haut-de-forme, canne et n\u0153ud papillon \u00e0 motif vichy, clin d\u2019\u0153il \u00e0 l\u2019art de vivre \u00e0 la fran\u00e7aise. Une cr\u00e9ation originale sign\u00e9e Un p\u2019tit [&hellip;]<\/p>\n","protected":false},"featured_media":5483,"comment_status":"open","ping_status":"closed","template":"","meta":{"_acf_changed":false},"product_brand":[],"product_cat":[69,96],"product_tag":[],"class_list":{"0":"post-5470","1":"product","2":"type-product","3":"status-publish","4":"has-post-thumbnail","6":"product_cat-hoodies","7":"product_cat-hors-serie","8":"product_shipping_class-hoodies","10":"first","11":"instock","12":"taxable","13":"shipping-taxable","14":"purchasable","15":"product-type-variable"},"acf":[],"_links":{"self":[{"href":"https:\/\/reviens-y.fr\/en\/wp-json\/wp\/v2\/product\/5470","targetHints":{"allow":["GET"]}}],"collection":[{"href":"https:\/\/reviens-y.fr\/en\/wp-json\/wp\/v2\/product"}],"about":[{"href":"https:\/\/reviens-y.fr\/en\/wp-json\/wp\/v2\/types\/product"}],"replies":[{"embeddable":true,"href":"https:\/\/reviens-y.fr\/en\/wp-json\/wp\/v2\/comments?post=5470"}],"wp:featuredmedia":[{"embeddable":true,"href":"https:\/\/reviens-y.fr\/en\/wp-json\/wp\/v2\/media\/5483"}],"wp:attachment":[{"href":"https:\/\/reviens-y.fr\/en\/wp-json\/wp\/v2\/media?parent=5470"}],"wp:term":[{"taxonomy":"product_brand","embeddable":true,"href":"https:\/\/reviens-y.fr\/en\/wp-json\/wp\/v2\/product_brand?post=5470"},{"taxonomy":"product_cat","embeddable":true,"href":"https:\/\/reviens-y.fr\/en\/wp-json\/wp\/v2\/product_cat?post=5470"},{"taxonomy":"product_tag","embeddable":true,"href":"https:\/\/reviens-y.fr\/en\/wp-json\/wp\/v2\/product_tag?post=5470"}],"curies":[{"name":"wp","href":"https:\/\/api.w.org\/{rel}","templated":true}]}}