{"id":5508,"date":"2025-11-12T15:49:31","date_gmt":"2025-11-12T15:49:31","guid":{"rendered":"https:\/\/reviens-y.fr\/produit\/tote-bag-hors-serie-le-diamant-noir\/"},"modified":"2025-11-21T15:22:00","modified_gmt":"2025-11-21T15:22:00","slug":"tote-bag-hors-serie-le-diamant-noir","status":"publish","type":"product","link":"https:\/\/reviens-y.fr\/en\/product\/tote-bag-hors-serie-le-diamant-noir\/","title":{"rendered":"Tote Bag Hors s\u00e9rie <br> Le Diamant Noir"},"content":{"rendered":"<p>\u00c9dition hors s\u00e9rie inspir\u00e9e de la truffe noire, symbole d\u2019\u00e9l\u00e9gance et de gastronomie.<br \/>\nCe design exclusif met en sc\u00e8ne la Tuber Melanosporum sous les traits d\u2019un personnage vintage au style soign\u00e9 : haut-de-forme, canne et n\u0153ud papillon \u00e0 motif vichy, clin d\u2019\u0153il \u00e0 l\u2019art de vivre \u00e0 la fran\u00e7aise.<br \/>\nUne cr\u00e9ation originale sign\u00e9e Un p\u2019tit go\u00fbt de reviens-y, disponible en s\u00e9rie limit\u00e9e sur une s\u00e9lection de v\u00eatements et accessoires.<br \/>\n&#8211;<br \/>\nTote bag en coton biologique robuste et pratique, id\u00e9al pour les courses, les livres ou un usage quotidien. Sa grande capacit\u00e9 et ses anses longues assurent confort et polyvalence, tout en garantissant un impact environnemental r\u00e9duit gr\u00e2ce \u00e0 sa fabrication certifi\u00e9e.<\/p>\n<p>\u2022 100 % coton biologique certifi\u00e9 serg\u00e9 3\/1<br \/>\n\u2022 272 g\/m\u00b2<br \/>\n\u2022 Dimensions : 40,6 \u00d7 35,6 \u00d7 12,7 cm<br \/>\n\u2022 Anses de 2,5 cm de large, longueur 62,2 cm<br \/>\n\u2022 Capacit\u00e9 maximale : 13,6 kg<br \/>\n\u2022 Compartiment principal ouvert<br \/>\n\u2022 Certifi\u00e9 GOTS et OCS pour son contenu en coton bio<br \/>\n\u2022 Certifi\u00e9 OEKO-TEX Standard 100 et approuv\u00e9 vegan par PETA<\/p>","protected":false},"excerpt":{"rendered":"<p>\u00c9dition hors s\u00e9rie inspir\u00e9e de la truffe noire, symbole d\u2019\u00e9l\u00e9gance et de gastronomie. Ce design exclusif met en sc\u00e8ne la Tuber Melanosporum sous les traits d\u2019un personnage vintage au style soign\u00e9 : haut-de-forme, canne et n\u0153ud papillon \u00e0 motif vichy, clin d\u2019\u0153il \u00e0 l\u2019art de vivre \u00e0 la fran\u00e7aise. Une cr\u00e9ation originale sign\u00e9e Un p\u2019tit [&hellip;]<\/p>\n","protected":false},"featured_media":5509,"comment_status":"open","ping_status":"closed","template":"","meta":{"_acf_changed":false},"product_brand":[],"product_cat":[96,72],"product_tag":[],"class_list":{"0":"post-5508","1":"product","2":"type-product","3":"status-publish","4":"has-post-thumbnail","6":"product_cat-hors-serie","7":"product_cat-tote-bags","8":"product_shipping_class-tote-bags","10":"first","11":"instock","12":"taxable","13":"shipping-taxable","14":"purchasable","15":"product-type-simple"},"acf":[],"_links":{"self":[{"href":"https:\/\/reviens-y.fr\/en\/wp-json\/wp\/v2\/product\/5508","targetHints":{"allow":["GET"]}}],"collection":[{"href":"https:\/\/reviens-y.fr\/en\/wp-json\/wp\/v2\/product"}],"about":[{"href":"https:\/\/reviens-y.fr\/en\/wp-json\/wp\/v2\/types\/product"}],"replies":[{"embeddable":true,"href":"https:\/\/reviens-y.fr\/en\/wp-json\/wp\/v2\/comments?post=5508"}],"wp:featuredmedia":[{"embeddable":true,"href":"https:\/\/reviens-y.fr\/en\/wp-json\/wp\/v2\/media\/5509"}],"wp:attachment":[{"href":"https:\/\/reviens-y.fr\/en\/wp-json\/wp\/v2\/media?parent=5508"}],"wp:term":[{"taxonomy":"product_brand","embeddable":true,"href":"https:\/\/reviens-y.fr\/en\/wp-json\/wp\/v2\/product_brand?post=5508"},{"taxonomy":"product_cat","embeddable":true,"href":"https:\/\/reviens-y.fr\/en\/wp-json\/wp\/v2\/product_cat?post=5508"},{"taxonomy":"product_tag","embeddable":true,"href":"https:\/\/reviens-y.fr\/en\/wp-json\/wp\/v2\/product_tag?post=5508"}],"curies":[{"name":"wp","href":"https:\/\/api.w.org\/{rel}","templated":true}]}}