{"id":5512,"date":"2025-11-12T15:55:25","date_gmt":"2025-11-12T15:55:25","guid":{"rendered":"https:\/\/reviens-y.fr\/produit\/affiche-hors-serie-le-diamant-noir\/"},"modified":"2025-12-02T10:16:07","modified_gmt":"2025-12-02T10:16:07","slug":"affiche-hors-serie-le-diamant-noir","status":"publish","type":"product","link":"https:\/\/reviens-y.fr\/en\/product\/affiche-hors-serie-le-diamant-noir\/","title":{"rendered":"Affiche Hors s\u00e9rie <br> Le Diamant Noir"},"content":{"rendered":"<p>\u00c9dition hors s\u00e9rie inspir\u00e9e de la truffe noire, symbole d\u2019\u00e9l\u00e9gance et de gastronomie.<br \/>\nCe design exclusif met en sc\u00e8ne la Tuber Melanosporum sous les traits d\u2019un personnage vintage au style soign\u00e9 : haut-de-forme, canne et n\u0153ud papillon \u00e0 motif vichy, clin d\u2019\u0153il \u00e0 l\u2019art de vivre \u00e0 la fran\u00e7aise.<br \/>\nUne cr\u00e9ation originale sign\u00e9e Un p\u2019tit go\u00fbt de reviens-y, disponible en s\u00e9rie limit\u00e9e sur une s\u00e9lection de v\u00eatements et accessoires.<br \/>\n&#8211;<br \/>\nApportez une touche unique \u00e0 votre int\u00e9rieur avec cette affiche imprim\u00e9e en jet d\u2019encre multicolore \u00e0 base d\u2019eau, offrant un rendu pr\u00e9cis, des couleurs profondes et une finition mate \u00e9l\u00e9gante. Chaque affiche est r\u00e9alis\u00e9e sur un papier de qualit\u00e9 sup\u00e9rieure, con\u00e7u pour r\u00e9sister au temps et conserver toute sa luminosit\u00e9.<br \/>\nDisponible en deux formats : 30\u00d740 cm et 50\u00d770 cm ; elle s\u2019int\u00e8gre facilement dans tout type d\u2019espace, du bureau au salon, en passant par la chambre.<\/p>\n<p>\u2013 Technique d\u2019impression : jet d\u2019encre multicolore \u00e0 base d\u2019eau<br \/>\n\u2013 Finition : mate (absorbant la lumi\u00e8re, sans reflet)<br \/>\n\u2013 Type de papier : Couch\u00e9 premium<br \/>\n\u2013 \u00c9paisseur : 0,145 mm<br \/>\n\u2013 Grammage : 170 g\/m\u00b2<br \/>\n\u2013 Opacit\u00e9 : 97,5 %<br \/>\n\u2013 Luminosit\u00e9 ISO : 38 %<br \/>\n\u2013 Origine du papier : Japon<br \/>\n\u2013 Formats disponibles :<br \/>\n\u2022 30 \u00d7 40 cm<br \/>\n\u2022 50 \u00d7 70 cm<\/p>","protected":false},"excerpt":{"rendered":"<p>\u00c9dition hors s\u00e9rie inspir\u00e9e de la truffe noire, symbole d\u2019\u00e9l\u00e9gance et de gastronomie. Ce design exclusif met en sc\u00e8ne la Tuber Melanosporum sous les traits d\u2019un personnage vintage au style soign\u00e9 : haut-de-forme, canne et n\u0153ud papillon \u00e0 motif vichy, clin d\u2019\u0153il \u00e0 l\u2019art de vivre \u00e0 la fran\u00e7aise. Une cr\u00e9ation originale sign\u00e9e Un p\u2019tit [&hellip;]<\/p>\n","protected":false},"featured_media":5515,"comment_status":"open","ping_status":"closed","template":"","meta":{"_acf_changed":false},"product_brand":[],"product_cat":[94,96,66],"product_tag":[],"class_list":{"0":"post-5512","1":"product","2":"type-product","3":"status-publish","4":"has-post-thumbnail","6":"product_cat-affiches","7":"product_cat-hors-serie","8":"product_cat-nouveautes","9":"product_shipping_class-affiches","11":"first","12":"instock","13":"taxable","14":"shipping-taxable","15":"purchasable","16":"product-type-variable"},"acf":[],"_links":{"self":[{"href":"https:\/\/reviens-y.fr\/en\/wp-json\/wp\/v2\/product\/5512","targetHints":{"allow":["GET"]}}],"collection":[{"href":"https:\/\/reviens-y.fr\/en\/wp-json\/wp\/v2\/product"}],"about":[{"href":"https:\/\/reviens-y.fr\/en\/wp-json\/wp\/v2\/types\/product"}],"replies":[{"embeddable":true,"href":"https:\/\/reviens-y.fr\/en\/wp-json\/wp\/v2\/comments?post=5512"}],"wp:featuredmedia":[{"embeddable":true,"href":"https:\/\/reviens-y.fr\/en\/wp-json\/wp\/v2\/media\/5515"}],"wp:attachment":[{"href":"https:\/\/reviens-y.fr\/en\/wp-json\/wp\/v2\/media?parent=5512"}],"wp:term":[{"taxonomy":"product_brand","embeddable":true,"href":"https:\/\/reviens-y.fr\/en\/wp-json\/wp\/v2\/product_brand?post=5512"},{"taxonomy":"product_cat","embeddable":true,"href":"https:\/\/reviens-y.fr\/en\/wp-json\/wp\/v2\/product_cat?post=5512"},{"taxonomy":"product_tag","embeddable":true,"href":"https:\/\/reviens-y.fr\/en\/wp-json\/wp\/v2\/product_tag?post=5512"}],"curies":[{"name":"wp","href":"https:\/\/api.w.org\/{rel}","templated":true}]}}