{"id":5519,"date":"2025-11-12T15:57:39","date_gmt":"2025-11-12T15:57:39","guid":{"rendered":"https:\/\/reviens-y.fr\/produit\/carte-postale-hors-serie-le-diamant-noir\/"},"modified":"2025-11-21T15:20:38","modified_gmt":"2025-11-21T15:20:38","slug":"carte-postale-hors-serie-le-diamant-noir","status":"publish","type":"product","link":"https:\/\/reviens-y.fr\/en\/product\/carte-postale-hors-serie-le-diamant-noir\/","title":{"rendered":"Carte postale Hors s\u00e9rie <br> Le Diamant Noir"},"content":{"rendered":"<p>\u00c9dition hors s\u00e9rie inspir\u00e9e de la truffe noire, symbole d\u2019\u00e9l\u00e9gance et de gastronomie.<br \/>\nCe design exclusif met en sc\u00e8ne la Tuber Melanosporum sous les traits d\u2019un personnage vintage au style soign\u00e9 : haut-de-forme, canne et n\u0153ud papillon \u00e0 motif vichy, clin d\u2019\u0153il \u00e0 l\u2019art de vivre \u00e0 la fran\u00e7aise.<br \/>\nUne cr\u00e9ation originale sign\u00e9e Un p\u2019tit go\u00fbt de reviens-y, disponible en s\u00e9rie limit\u00e9e sur une s\u00e9lection de v\u00eatements et accessoires.<br \/>\n\u2013<br \/>\nUne carte postale con\u00e7ue pour durer, avec une impression nette et des couleurs fid\u00e8les. Fabriqu\u00e9e sur un papier cartonn\u00e9 \u00e9pais de qualit\u00e9 professionnelle (260 \u00e0 350 g\/m\u00b2), elle offre une surface ext\u00e9rieure l\u00e9g\u00e8rement satin\u00e9e, id\u00e9ale pour les visuels d\u00e9taill\u00e9s, et un verso pens\u00e9 pour l\u2019\u00e9criture.<br \/>\nAvec son format standard 10 \u00d7 15 cm, elle s\u2019adapte \u00e0 tous les usages : envoi postal, carte souvenir, communication visuelle ou \u00e9l\u00e9ment d\u00e9coratif.<\/p>\n<p>\u2013 Technique d\u2019impression : impression laser num\u00e9rique \u00e0 base de toner<br \/>\n\u2013 Finition : mate, avec surface ext\u00e9rieure l\u00e9g\u00e8rement brillante<br \/>\n\u2013 Type de papier : carton rigide premium<br \/>\n\u2013 Poids du papier : 260 \u2013 350 g\/m\u00b2<br \/>\n\u2013 \u00c9paisseur : 0,34 mm<br \/>\n\u2013 Format : 10 \u00d7 15 cm (4 \u00d7 6\u201d)<br \/>\n\u2013 Surface ext\u00e9rieure : lamin\u00e9e, excellente pour l\u2019impression d\u2019images<br \/>\n\u2013 Surface int\u00e9rieure : l\u00e9g\u00e8rement enduite, parfaite pour l\u2019\u00e9criture au stylo-bille<\/p>","protected":false},"excerpt":{"rendered":"<p>\u00c9dition hors s\u00e9rie inspir\u00e9e de la truffe noire, symbole d\u2019\u00e9l\u00e9gance et de gastronomie. Ce design exclusif met en sc\u00e8ne la Tuber Melanosporum sous les traits d\u2019un personnage vintage au style soign\u00e9 : haut-de-forme, canne et n\u0153ud papillon \u00e0 motif vichy, clin d\u2019\u0153il \u00e0 l\u2019art de vivre \u00e0 la fran\u00e7aise. Une cr\u00e9ation originale sign\u00e9e Un p\u2019tit [&hellip;]<\/p>\n","protected":false},"featured_media":5520,"comment_status":"open","ping_status":"closed","template":"","meta":{"_acf_changed":false},"product_brand":[],"product_cat":[95,96],"product_tag":[],"class_list":{"0":"post-5519","1":"product","2":"type-product","3":"status-publish","4":"has-post-thumbnail","6":"product_cat-cartes-postales","7":"product_cat-hors-serie","8":"product_shipping_class-cartes-postales","10":"first","11":"instock","12":"taxable","13":"shipping-taxable","14":"purchasable","15":"product-type-simple"},"acf":[],"_links":{"self":[{"href":"https:\/\/reviens-y.fr\/en\/wp-json\/wp\/v2\/product\/5519","targetHints":{"allow":["GET"]}}],"collection":[{"href":"https:\/\/reviens-y.fr\/en\/wp-json\/wp\/v2\/product"}],"about":[{"href":"https:\/\/reviens-y.fr\/en\/wp-json\/wp\/v2\/types\/product"}],"replies":[{"embeddable":true,"href":"https:\/\/reviens-y.fr\/en\/wp-json\/wp\/v2\/comments?post=5519"}],"wp:featuredmedia":[{"embeddable":true,"href":"https:\/\/reviens-y.fr\/en\/wp-json\/wp\/v2\/media\/5520"}],"wp:attachment":[{"href":"https:\/\/reviens-y.fr\/en\/wp-json\/wp\/v2\/media?parent=5519"}],"wp:term":[{"taxonomy":"product_brand","embeddable":true,"href":"https:\/\/reviens-y.fr\/en\/wp-json\/wp\/v2\/product_brand?post=5519"},{"taxonomy":"product_cat","embeddable":true,"href":"https:\/\/reviens-y.fr\/en\/wp-json\/wp\/v2\/product_cat?post=5519"},{"taxonomy":"product_tag","embeddable":true,"href":"https:\/\/reviens-y.fr\/en\/wp-json\/wp\/v2\/product_tag?post=5519"}],"curies":[{"name":"wp","href":"https:\/\/api.w.org\/{rel}","templated":true}]}}