{"id":5652,"date":"2025-12-22T14:50:59","date_gmt":"2025-12-22T14:50:59","guid":{"rendered":"https:\/\/reviens-y.fr\/produit\/t-shirt-unisexe-le-cabecool\/"},"modified":"2025-12-22T14:51:15","modified_gmt":"2025-12-22T14:51:15","slug":"t-shirt-unisexe-le-cabecool","status":"publish","type":"product","link":"https:\/\/reviens-y.fr\/en\/product\/t-shirt-unisexe-le-cabecool\/","title":{"rendered":"T-shirt unisex <br> Le Cab\u00e9Cool"},"content":{"rendered":"<p>Mille mercis ! Pour f\u00eater nos 1000 followers sur insta (@unptitgoutdereviensy), d\u00e9couvrez Le Cab\u00e9Cool, une cr\u00e9ation exclusive style cartoon vintage (rubber hose). Cette mascotte \u00e0 la cool attitude est l\u00e0 pour c\u00e9l\u00e9brer la meilleure communaut\u00e9 du Quercy et le fameux p&rsquo;tit fromage de ch\u00e8vre : Le Cab\u00e9cou ! <br \/>\nBienvenue au \u00ab\u00a0Peace &amp; Cheese Club\u00a0\u00bb ! Avec sa devise \u00ab\u00a0Don&rsquo;t worry, be Quercy\u00a0\u00bb, ce design collector scelle notre amiti\u00e9. Merci \u00e0 tous de faire vivre l&rsquo;esprit du Sud-Ouest avec nous !<br \/>\n&#8211;<br \/>\nT-shirt unisexe en coton, con\u00e7u pour un usage quotidien. Sa coupe r\u00e9guli\u00e8re facilite les mouvements, tandis que son tissu conserve sa forme lavage apr\u00e8s lavage. L\u00e9ger \u00e0 porter et simple \u00e0 entretenir, il convient \u00e0 toutes les saisons et s\u2019adapte \u00e0 diff\u00e9rents styles.<\/p>\n<p>\u2022 170\u2013180 g\/m\u00b2<br \/>\n\u2022 Fabrication tubulaire sans coutures lat\u00e9rales<br \/>\n\u2022 Coutures renforc\u00e9es et bande de propret\u00e9 au col et aux \u00e9paules<br \/>\n\u2022 Composition : 100 % coton ou Sport Grey (90 % coton, 10 % polyester)<br \/>\n\u2022 Lavage en machine \u00e0 30\u00b0C<br \/>\n\u2022 Sans polyester recycl\u00e9 ni substances dangereuses<br \/>\n\u2022 Le blanc peut pr\u00e9senter un aspect blanc cass\u00e9 naturel<\/p>","protected":false},"excerpt":{"rendered":"<p>Mille mercis ! Pour f\u00eater nos 1000 followers sur insta (@unptitgoutdereviensy), d\u00e9couvrez Le Cab\u00e9Cool, une cr\u00e9ation exclusive style cartoon vintage (rubber hose). Cette mascotte \u00e0 la cool attitude est l\u00e0 pour c\u00e9l\u00e9brer la meilleure communaut\u00e9 du Quercy et le fameux p&rsquo;tit fromage de ch\u00e8vre : Le Cab\u00e9cou ! Bienvenue au \u00ab\u00a0Peace &amp; Cheese Club\u00a0\u00bb ! [&hellip;]<\/p>\n","protected":false},"featured_media":5661,"comment_status":"open","ping_status":"closed","template":"","meta":{"_acf_changed":false},"product_brand":[],"product_cat":[96,66,68],"product_tag":[],"class_list":{"0":"post-5652","1":"product","2":"type-product","3":"status-publish","4":"has-post-thumbnail","6":"product_cat-hors-serie","7":"product_cat-nouveautes","8":"product_cat-t-shirts","10":"first","11":"instock","12":"taxable","13":"shipping-taxable","14":"purchasable","15":"product-type-variable"},"acf":[],"_links":{"self":[{"href":"https:\/\/reviens-y.fr\/en\/wp-json\/wp\/v2\/product\/5652","targetHints":{"allow":["GET"]}}],"collection":[{"href":"https:\/\/reviens-y.fr\/en\/wp-json\/wp\/v2\/product"}],"about":[{"href":"https:\/\/reviens-y.fr\/en\/wp-json\/wp\/v2\/types\/product"}],"replies":[{"embeddable":true,"href":"https:\/\/reviens-y.fr\/en\/wp-json\/wp\/v2\/comments?post=5652"}],"wp:featuredmedia":[{"embeddable":true,"href":"https:\/\/reviens-y.fr\/en\/wp-json\/wp\/v2\/media\/5661"}],"wp:attachment":[{"href":"https:\/\/reviens-y.fr\/en\/wp-json\/wp\/v2\/media?parent=5652"}],"wp:term":[{"taxonomy":"product_brand","embeddable":true,"href":"https:\/\/reviens-y.fr\/en\/wp-json\/wp\/v2\/product_brand?post=5652"},{"taxonomy":"product_cat","embeddable":true,"href":"https:\/\/reviens-y.fr\/en\/wp-json\/wp\/v2\/product_cat?post=5652"},{"taxonomy":"product_tag","embeddable":true,"href":"https:\/\/reviens-y.fr\/en\/wp-json\/wp\/v2\/product_tag?post=5652"}],"curies":[{"name":"wp","href":"https:\/\/api.w.org\/{rel}","templated":true}]}}