{"id":5684,"date":"2025-12-22T14:59:17","date_gmt":"2025-12-22T14:59:17","guid":{"rendered":"https:\/\/reviens-y.fr\/produit\/sweat-unisexe-le-cabecool\/"},"modified":"2025-12-22T14:59:40","modified_gmt":"2025-12-22T14:59:40","slug":"sweat-unisexe-le-cabecool","status":"publish","type":"product","link":"https:\/\/reviens-y.fr\/en\/product\/sweat-unisexe-le-cabecool\/","title":{"rendered":"Unisex sweatshirt <br> Le Cab\u00e9Cool"},"content":{"rendered":"<p>Mille mercis ! Pour f\u00eater nos 1000 followers sur insta (@unptitgoutdereviensy), d\u00e9couvrez Le Cab\u00e9Cool, une cr\u00e9ation exclusive style cartoon vintage (rubber hose). Cette mascotte \u00e0 la cool attitude est l\u00e0 pour c\u00e9l\u00e9brer la meilleure communaut\u00e9 du Quercy et le fameux p\u2019tit fromage de ch\u00e8vre : Le Cab\u00e9cou !<br \/>\nBienvenue au \u00ab Peace &amp; Cheese Club \u00bb ! Avec sa devise \u00ab Don\u2019t worry, be Quercy \u00bb, ce design collector scelle notre amiti\u00e9. Merci \u00e0 tous de faire vivre l\u2019esprit du Sud-Ouest avec nous !<br \/>\n\u2013<br \/>\nSweat-shirt unisexe en coton et polyester, con\u00e7u pour offrir douceur et chaleur au quotidien. Sa coupe classique et son col en tricot c\u00f4tel\u00e9 assurent un bon maintien, tandis que la conception quart-de-tour \u00e9vite le pli central. Facile \u00e0 entretenir, il conserve sa forme lavage apr\u00e8s lavage.<\/p>\n<p>\u2022 271 g\/m\u00b2<br \/>\n\u2022 50 % coton, 50 % polyester<br \/>\n\u2022 Tissu pr\u00e9r\u00e9tr\u00e9ci, fil\u00e9 par jet d\u2019air pour un toucher doux<br \/>\n\u2022 Col, \u00e9paules, emmanchures, poignets et ourlet \u00e0 couture double<br \/>\n\u2022 Col en tricot c\u00f4tel\u00e9 1\u00d71 avec \u00e9lasthanne<br \/>\n\u2022 Quart-de-tour pour \u00e9viter un pli au milieu<br \/>\n\u2022 Le blanc peut appara\u00eetre blanc cass\u00e9 naturel<\/p>","protected":false},"excerpt":{"rendered":"<p>Mille mercis ! Pour f\u00eater nos 1000 followers sur insta (@unptitgoutdereviensy), d\u00e9couvrez Le Cab\u00e9Cool, une cr\u00e9ation exclusive style cartoon vintage (rubber hose). Cette mascotte \u00e0 la cool attitude est l\u00e0 pour c\u00e9l\u00e9brer la meilleure communaut\u00e9 du Quercy et le fameux p\u2019tit fromage de ch\u00e8vre : Le Cab\u00e9cou ! Bienvenue au \u00ab Peace &amp; Cheese Club [&hellip;]<\/p>\n","protected":false},"featured_media":5697,"comment_status":"open","ping_status":"closed","template":"","meta":{"_acf_changed":false},"product_brand":[],"product_cat":[96,70],"product_tag":[],"class_list":{"0":"post-5684","1":"product","2":"type-product","3":"status-publish","4":"has-post-thumbnail","6":"product_cat-hors-serie","7":"product_cat-sweats","9":"first","10":"instock","11":"taxable","12":"shipping-taxable","13":"purchasable","14":"product-type-variable"},"acf":[],"_links":{"self":[{"href":"https:\/\/reviens-y.fr\/en\/wp-json\/wp\/v2\/product\/5684","targetHints":{"allow":["GET"]}}],"collection":[{"href":"https:\/\/reviens-y.fr\/en\/wp-json\/wp\/v2\/product"}],"about":[{"href":"https:\/\/reviens-y.fr\/en\/wp-json\/wp\/v2\/types\/product"}],"replies":[{"embeddable":true,"href":"https:\/\/reviens-y.fr\/en\/wp-json\/wp\/v2\/comments?post=5684"}],"wp:featuredmedia":[{"embeddable":true,"href":"https:\/\/reviens-y.fr\/en\/wp-json\/wp\/v2\/media\/5697"}],"wp:attachment":[{"href":"https:\/\/reviens-y.fr\/en\/wp-json\/wp\/v2\/media?parent=5684"}],"wp:term":[{"taxonomy":"product_brand","embeddable":true,"href":"https:\/\/reviens-y.fr\/en\/wp-json\/wp\/v2\/product_brand?post=5684"},{"taxonomy":"product_cat","embeddable":true,"href":"https:\/\/reviens-y.fr\/en\/wp-json\/wp\/v2\/product_cat?post=5684"},{"taxonomy":"product_tag","embeddable":true,"href":"https:\/\/reviens-y.fr\/en\/wp-json\/wp\/v2\/product_tag?post=5684"}],"curies":[{"name":"wp","href":"https:\/\/api.w.org\/{rel}","templated":true}]}}