{"id":5703,"date":"2025-12-22T15:01:38","date_gmt":"2025-12-22T15:01:38","guid":{"rendered":"https:\/\/reviens-y.fr\/produit\/casquette-brodee-le-cabecool\/"},"modified":"2025-12-22T15:14:12","modified_gmt":"2025-12-22T15:14:12","slug":"casquette-brodee-le-cabecool","status":"publish","type":"product","link":"https:\/\/reviens-y.fr\/en\/product\/casquette-brodee-le-cabecool\/","title":{"rendered":"Casquette brod\u00e9e <br> Le Cab\u00e9Cool"},"content":{"rendered":"<p>Mille mercis ! Pour f\u00eater nos 1000 followers sur insta (@unptitgoutdereviensy), d\u00e9couvrez Le Cab\u00e9Cool, une cr\u00e9ation exclusive style cartoon vintage (rubber hose). Cette mascotte \u00e0 la cool attitude est l\u00e0 pour c\u00e9l\u00e9brer la meilleure communaut\u00e9 du Quercy et le fameux p\u2019tit fromage de ch\u00e8vre : Le Cab\u00e9cou !<br \/>\nBienvenue au \u00ab Peace &amp; Cheese Club \u00bb ! Avec sa devise \u00ab Don\u2019t worry, be Quercy \u00bb, ce design collector scelle notre amiti\u00e9. Merci \u00e0 tous de faire vivre l\u2019esprit du Sud-Ouest avec nous !<br \/>\n\u2013<br \/>\nUnisex cap with a curved visor, combining comfort and style for everyday wear. Its unstructured shape and adjustable strap allow for easy fitting, while its twill cotton fabric offers great durability over time.<\/p>\n<p>\u2022 100% chino cotton twill<br \/>\n\u2022 Unstructured, low-profile, flat visor<br \/>\n\u2022 6 embroidered eyelets<br \/>\n\u2022 Couronne de 3 \u215b \u00bb<br \/>\n\u2022 Adjustable strap with antique-style metal buckle<\/p>","protected":false},"excerpt":{"rendered":"<p>Mille mercis ! Pour f\u00eater nos 1000 followers sur insta (@unptitgoutdereviensy), d\u00e9couvrez Le Cab\u00e9Cool, une cr\u00e9ation exclusive style cartoon vintage (rubber hose). Cette mascotte \u00e0 la cool attitude est l\u00e0 pour c\u00e9l\u00e9brer la meilleure communaut\u00e9 du Quercy et le fameux p\u2019tit fromage de ch\u00e8vre : Le Cab\u00e9cou ! Bienvenue au \u00ab Peace &amp; Cheese Club [&hellip;]<\/p>\n","protected":false},"featured_media":5707,"comment_status":"open","ping_status":"closed","template":"","meta":{"_acf_changed":false},"product_brand":[],"product_cat":[71,96],"product_tag":[],"class_list":{"0":"post-5703","1":"product","2":"type-product","3":"status-publish","4":"has-post-thumbnail","6":"product_cat-casquettes","7":"product_cat-hors-serie","9":"first","10":"instock","11":"taxable","12":"shipping-taxable","13":"purchasable","14":"product-type-variable"},"acf":[],"_links":{"self":[{"href":"https:\/\/reviens-y.fr\/en\/wp-json\/wp\/v2\/product\/5703","targetHints":{"allow":["GET"]}}],"collection":[{"href":"https:\/\/reviens-y.fr\/en\/wp-json\/wp\/v2\/product"}],"about":[{"href":"https:\/\/reviens-y.fr\/en\/wp-json\/wp\/v2\/types\/product"}],"replies":[{"embeddable":true,"href":"https:\/\/reviens-y.fr\/en\/wp-json\/wp\/v2\/comments?post=5703"}],"wp:featuredmedia":[{"embeddable":true,"href":"https:\/\/reviens-y.fr\/en\/wp-json\/wp\/v2\/media\/5707"}],"wp:attachment":[{"href":"https:\/\/reviens-y.fr\/en\/wp-json\/wp\/v2\/media?parent=5703"}],"wp:term":[{"taxonomy":"product_brand","embeddable":true,"href":"https:\/\/reviens-y.fr\/en\/wp-json\/wp\/v2\/product_brand?post=5703"},{"taxonomy":"product_cat","embeddable":true,"href":"https:\/\/reviens-y.fr\/en\/wp-json\/wp\/v2\/product_cat?post=5703"},{"taxonomy":"product_tag","embeddable":true,"href":"https:\/\/reviens-y.fr\/en\/wp-json\/wp\/v2\/product_tag?post=5703"}],"curies":[{"name":"wp","href":"https:\/\/api.w.org\/{rel}","templated":true}]}}