{"id":5714,"date":"2025-12-22T15:05:27","date_gmt":"2025-12-22T15:05:27","guid":{"rendered":"https:\/\/reviens-y.fr\/produit\/tote-bag-coton-bio-le-cabecool\/"},"modified":"2025-12-22T15:05:43","modified_gmt":"2025-12-22T15:05:43","slug":"tote-bag-coton-bio-le-cabecool","status":"publish","type":"product","link":"https:\/\/reviens-y.fr\/en\/product\/tote-bag-coton-bio-le-cabecool\/","title":{"rendered":"Tote Bag coton Bio <br> Le Cab\u00e9Cool"},"content":{"rendered":"<p>Mille mercis ! Pour f\u00eater nos 1000 followers sur insta (@unptitgoutdereviensy), d\u00e9couvrez Le Cab\u00e9Cool, une cr\u00e9ation exclusive style cartoon vintage (rubber hose). Cette mascotte \u00e0 la cool attitude est l\u00e0 pour c\u00e9l\u00e9brer la meilleure communaut\u00e9 du Quercy et le fameux p\u2019tit fromage de ch\u00e8vre : Le Cab\u00e9cou !<br \/>\nBienvenue au \u00ab Peace &amp; Cheese Club \u00bb ! Avec sa devise \u00ab Don\u2019t worry, be Quercy \u00bb, ce design collector scelle notre amiti\u00e9. Merci \u00e0 tous de faire vivre l\u2019esprit du Sud-Ouest avec nous !<br \/>\n\u2013<br \/>\nTote bag en coton biologique robuste et pratique, id\u00e9al pour les courses, les livres ou un usage quotidien. Sa grande capacit\u00e9 et ses anses longues assurent confort et polyvalence, tout en garantissant un impact environnemental r\u00e9duit gr\u00e2ce \u00e0 sa fabrication certifi\u00e9e.<\/p>\n<p>\u2022 100 % coton biologique certifi\u00e9 serg\u00e9 3\/1<br \/>\n\u2022 272 g\/m\u00b2<br \/>\n\u2022 Dimensions : 40,6 \u00d7 35,6 \u00d7 12,7 cm<br \/>\n\u2022 Anses de 2,5 cm de large, longueur 62,2 cm<br \/>\n\u2022 Capacit\u00e9 maximale : 13,6 kg<br \/>\n\u2022 Compartiment principal ouvert<br \/>\n\u2022 Certifi\u00e9 GOTS et OCS pour son contenu en coton bio<br \/>\n\u2022 Certifi\u00e9 OEKO-TEX Standard 100 et approuv\u00e9 vegan par PETA<\/p>","protected":false},"excerpt":{"rendered":"<p>Mille mercis ! Pour f\u00eater nos 1000 followers sur insta (@unptitgoutdereviensy), d\u00e9couvrez Le Cab\u00e9Cool, une cr\u00e9ation exclusive style cartoon vintage (rubber hose). Cette mascotte \u00e0 la cool attitude est l\u00e0 pour c\u00e9l\u00e9brer la meilleure communaut\u00e9 du Quercy et le fameux p\u2019tit fromage de ch\u00e8vre : Le Cab\u00e9cou ! Bienvenue au \u00ab Peace &amp; Cheese Club [&hellip;]<\/p>\n","protected":false},"featured_media":5717,"comment_status":"open","ping_status":"closed","template":"","meta":{"_acf_changed":false},"product_brand":[],"product_cat":[96,72],"product_tag":[],"class_list":{"0":"post-5714","1":"product","2":"type-product","3":"status-publish","4":"has-post-thumbnail","6":"product_cat-hors-serie","7":"product_cat-tote-bags","9":"first","10":"instock","11":"taxable","12":"shipping-taxable","13":"purchasable","14":"product-type-variable"},"acf":[],"_links":{"self":[{"href":"https:\/\/reviens-y.fr\/en\/wp-json\/wp\/v2\/product\/5714","targetHints":{"allow":["GET"]}}],"collection":[{"href":"https:\/\/reviens-y.fr\/en\/wp-json\/wp\/v2\/product"}],"about":[{"href":"https:\/\/reviens-y.fr\/en\/wp-json\/wp\/v2\/types\/product"}],"replies":[{"embeddable":true,"href":"https:\/\/reviens-y.fr\/en\/wp-json\/wp\/v2\/comments?post=5714"}],"wp:featuredmedia":[{"embeddable":true,"href":"https:\/\/reviens-y.fr\/en\/wp-json\/wp\/v2\/media\/5717"}],"wp:attachment":[{"href":"https:\/\/reviens-y.fr\/en\/wp-json\/wp\/v2\/media?parent=5714"}],"wp:term":[{"taxonomy":"product_brand","embeddable":true,"href":"https:\/\/reviens-y.fr\/en\/wp-json\/wp\/v2\/product_brand?post=5714"},{"taxonomy":"product_cat","embeddable":true,"href":"https:\/\/reviens-y.fr\/en\/wp-json\/wp\/v2\/product_cat?post=5714"},{"taxonomy":"product_tag","embeddable":true,"href":"https:\/\/reviens-y.fr\/en\/wp-json\/wp\/v2\/product_tag?post=5714"}],"curies":[{"name":"wp","href":"https:\/\/api.w.org\/{rel}","templated":true}]}}