{"id":5733,"date":"2025-12-22T15:13:01","date_gmt":"2025-12-22T15:13:01","guid":{"rendered":"https:\/\/reviens-y.fr\/produit\/carte-postale-le-cabecool\/"},"modified":"2025-12-22T15:13:06","modified_gmt":"2025-12-22T15:13:06","slug":"carte-postale-le-cabecool","status":"publish","type":"product","link":"https:\/\/reviens-y.fr\/en\/product\/carte-postale-le-cabecool\/","title":{"rendered":"Carte postale <br> Le Cab\u00e9Cool"},"content":{"rendered":"<p>Mille mercis ! Pour f\u00eater nos 1000 followers sur insta (@unptitgoutdereviensy), d\u00e9couvrez Le Cab\u00e9Cool, une cr\u00e9ation exclusive style cartoon vintage (rubber hose). Cette mascotte \u00e0 la cool attitude est l\u00e0 pour c\u00e9l\u00e9brer la meilleure communaut\u00e9 du Quercy et le fameux p\u2019tit fromage de ch\u00e8vre : Le Cab\u00e9cou !<br \/>\nBienvenue au \u00ab Peace &amp; Cheese Club \u00bb ! Avec sa devise \u00ab Don\u2019t worry, be Quercy \u00bb, ce design collector scelle notre amiti\u00e9. Merci \u00e0 tous de faire vivre l\u2019esprit du Sud-Ouest avec nous !<br \/>\n\u2013<br \/>\nUne carte postale con\u00e7ue pour durer, avec une impression nette et des couleurs fid\u00e8les. Fabriqu\u00e9e sur un papier cartonn\u00e9 \u00e9pais de qualit\u00e9 professionnelle (260 \u00e0 350 g\/m\u00b2), elle offre une surface ext\u00e9rieure l\u00e9g\u00e8rement satin\u00e9e, id\u00e9ale pour les visuels d\u00e9taill\u00e9s, et un verso pens\u00e9 pour l\u2019\u00e9criture.<br \/>\nAvec son format standard 10 \u00d7 15 cm, elle s\u2019adapte \u00e0 tous les usages : envoi postal, carte souvenir, communication visuelle ou \u00e9l\u00e9ment d\u00e9coratif.<\/p>\n<p>\u2013 Technique d\u2019impression : impression laser num\u00e9rique \u00e0 base de toner<br \/>\n\u2013 Finition : mate, avec surface ext\u00e9rieure l\u00e9g\u00e8rement brillante<br \/>\n\u2013 Type de papier : carton rigide premium<br \/>\n\u2013 Poids du papier : 260 \u2013 350 g\/m\u00b2<br \/>\n\u2013 \u00c9paisseur : 0,34 mm<br \/>\n\u2013 Format : 10 \u00d7 15 cm (4 \u00d7 6\u201d)<br \/>\n\u2013 Surface ext\u00e9rieure : lamin\u00e9e, excellente pour l\u2019impression d\u2019images<br \/>\n\u2013 Surface int\u00e9rieure : l\u00e9g\u00e8rement enduite, parfaite pour l\u2019\u00e9criture au stylo-bille<\/p>","protected":false},"excerpt":{"rendered":"<p>Mille mercis ! Pour f\u00eater nos 1000 followers sur insta (@unptitgoutdereviensy), d\u00e9couvrez Le Cab\u00e9Cool, une cr\u00e9ation exclusive style cartoon vintage (rubber hose). Cette mascotte \u00e0 la cool attitude est l\u00e0 pour c\u00e9l\u00e9brer la meilleure communaut\u00e9 du Quercy et le fameux p\u2019tit fromage de ch\u00e8vre : Le Cab\u00e9cou ! Bienvenue au \u00ab Peace &amp; Cheese Club [&hellip;]<\/p>\n","protected":false},"featured_media":5734,"comment_status":"open","ping_status":"closed","template":"","meta":{"_acf_changed":false},"product_brand":[],"product_cat":[95,96],"product_tag":[],"class_list":{"0":"post-5733","1":"product","2":"type-product","3":"status-publish","4":"has-post-thumbnail","6":"product_cat-cartes-postales","7":"product_cat-hors-serie","9":"first","10":"instock","11":"taxable","12":"shipping-taxable","13":"purchasable","14":"product-type-simple"},"acf":[],"_links":{"self":[{"href":"https:\/\/reviens-y.fr\/en\/wp-json\/wp\/v2\/product\/5733","targetHints":{"allow":["GET"]}}],"collection":[{"href":"https:\/\/reviens-y.fr\/en\/wp-json\/wp\/v2\/product"}],"about":[{"href":"https:\/\/reviens-y.fr\/en\/wp-json\/wp\/v2\/types\/product"}],"replies":[{"embeddable":true,"href":"https:\/\/reviens-y.fr\/en\/wp-json\/wp\/v2\/comments?post=5733"}],"wp:featuredmedia":[{"embeddable":true,"href":"https:\/\/reviens-y.fr\/en\/wp-json\/wp\/v2\/media\/5734"}],"wp:attachment":[{"href":"https:\/\/reviens-y.fr\/en\/wp-json\/wp\/v2\/media?parent=5733"}],"wp:term":[{"taxonomy":"product_brand","embeddable":true,"href":"https:\/\/reviens-y.fr\/en\/wp-json\/wp\/v2\/product_brand?post=5733"},{"taxonomy":"product_cat","embeddable":true,"href":"https:\/\/reviens-y.fr\/en\/wp-json\/wp\/v2\/product_cat?post=5733"},{"taxonomy":"product_tag","embeddable":true,"href":"https:\/\/reviens-y.fr\/en\/wp-json\/wp\/v2\/product_tag?post=5733"}],"curies":[{"name":"wp","href":"https:\/\/api.w.org\/{rel}","templated":true}]}}