{"id":5839,"date":"2026-03-19T13:25:48","date_gmt":"2026-03-19T13:25:48","guid":{"rendered":"https:\/\/reviens-y.fr\/produit\/sweat-unisexe-le-chemin-de-compostelle\/"},"modified":"2026-03-19T13:26:09","modified_gmt":"2026-03-19T13:26:09","slug":"sweat-unisexe-le-chemin-de-compostelle","status":"publish","type":"product","link":"https:\/\/reviens-y.fr\/en\/product\/sweat-unisexe-le-chemin-de-compostelle\/","title":{"rendered":"Unisex sweatshirt <br> Le chemin de Compostelle"},"content":{"rendered":"<p>Craquez pour ce visuel r\u00e9tro Compostelle ! Cette illustration vintage met en sc\u00e8ne une adorable coquille Saint-Jacques mascotte en marche, arborant un style cartoon nostalgique. Avec son b\u00e2ton de p\u00e8lerin et son joyeux message Buen Camino, ce design Santiago Club original c\u00e9l\u00e8bre le Chemin de Saint-Jacques avec une touche d\u2019humour et d\u2019authenticit\u00e9.<br \/>\n\u2013<br \/>\nSweat-shirt unisexe en coton et polyester, con\u00e7u pour offrir douceur et chaleur au quotidien. Sa coupe classique et son col en tricot c\u00f4tel\u00e9 assurent un bon maintien, tandis que la conception quart-de-tour \u00e9vite le pli central. Facile \u00e0 entretenir, il conserve sa forme lavage apr\u00e8s lavage.<\/p>\n<p>\u2022 271 g\/m\u00b2<br \/>\n\u2022 50 % coton, 50 % polyester<br \/>\n\u2022 Tissu pr\u00e9r\u00e9tr\u00e9ci, fil\u00e9 par jet d\u2019air pour un toucher doux<br \/>\n\u2022 Col, \u00e9paules, emmanchures, poignets et ourlet \u00e0 couture double<br \/>\n\u2022 Col en tricot c\u00f4tel\u00e9 1\u00d71 avec \u00e9lasthanne<br \/>\n\u2022 Quart-de-tour pour \u00e9viter un pli au milieu<br \/>\n\u2022 Le blanc peut appara\u00eetre blanc cass\u00e9 naturel<\/p>","protected":false},"excerpt":{"rendered":"<p>Craquez pour ce visuel r\u00e9tro Compostelle ! Cette illustration vintage met en sc\u00e8ne une adorable coquille Saint-Jacques mascotte en marche, arborant un style cartoon nostalgique. Avec son b\u00e2ton de p\u00e8lerin et son joyeux message Buen Camino, ce design Santiago Club original c\u00e9l\u00e8bre le Chemin de Saint-Jacques avec une touche d\u2019humour et d\u2019authenticit\u00e9. \u2013 Sweat-shirt unisexe [&hellip;]<\/p>\n","protected":false},"featured_media":5852,"comment_status":"open","ping_status":"closed","template":"","meta":{"_acf_changed":false},"product_brand":[],"product_cat":[140,141,70],"product_tag":[],"class_list":{"0":"post-5839","1":"product","2":"type-product","3":"status-publish","4":"has-post-thumbnail","6":"product_cat-figeac","7":"product_cat-le-chemin-de-compostelle","8":"product_cat-sweats","10":"first","11":"instock","12":"taxable","13":"shipping-taxable","14":"purchasable","15":"product-type-variable"},"acf":[],"_links":{"self":[{"href":"https:\/\/reviens-y.fr\/en\/wp-json\/wp\/v2\/product\/5839","targetHints":{"allow":["GET"]}}],"collection":[{"href":"https:\/\/reviens-y.fr\/en\/wp-json\/wp\/v2\/product"}],"about":[{"href":"https:\/\/reviens-y.fr\/en\/wp-json\/wp\/v2\/types\/product"}],"replies":[{"embeddable":true,"href":"https:\/\/reviens-y.fr\/en\/wp-json\/wp\/v2\/comments?post=5839"}],"wp:featuredmedia":[{"embeddable":true,"href":"https:\/\/reviens-y.fr\/en\/wp-json\/wp\/v2\/media\/5852"}],"wp:attachment":[{"href":"https:\/\/reviens-y.fr\/en\/wp-json\/wp\/v2\/media?parent=5839"}],"wp:term":[{"taxonomy":"product_brand","embeddable":true,"href":"https:\/\/reviens-y.fr\/en\/wp-json\/wp\/v2\/product_brand?post=5839"},{"taxonomy":"product_cat","embeddable":true,"href":"https:\/\/reviens-y.fr\/en\/wp-json\/wp\/v2\/product_cat?post=5839"},{"taxonomy":"product_tag","embeddable":true,"href":"https:\/\/reviens-y.fr\/en\/wp-json\/wp\/v2\/product_tag?post=5839"}],"curies":[{"name":"wp","href":"https:\/\/api.w.org\/{rel}","templated":true}]}}