{"id":5858,"date":"2026-03-19T13:32:15","date_gmt":"2026-03-19T13:32:15","guid":{"rendered":"https:\/\/reviens-y.fr\/produit\/hoodie-unisexe-le-chemin-de-compostelle\/"},"modified":"2026-03-19T13:32:36","modified_gmt":"2026-03-19T13:32:36","slug":"hoodie-unisexe-le-chemin-de-compostelle","status":"publish","type":"product","link":"https:\/\/reviens-y.fr\/en\/product\/hoodie-unisexe-le-chemin-de-compostelle\/","title":{"rendered":"Hoodie unisexe <br> Le chemin de Compostelle"},"content":{"rendered":"<p>Craquez pour ce visuel r\u00e9tro Compostelle ! Cette illustration vintage met en sc\u00e8ne une adorable coquille Saint-Jacques mascotte en marche, arborant un style cartoon nostalgique. Avec son b\u00e2ton de p\u00e8lerin et son joyeux message Buen Camino, ce design Santiago Club original c\u00e9l\u00e8bre le Chemin de Saint-Jacques avec une touche d\u2019humour et d\u2019authenticit\u00e9.<br \/>\n\u2013<br \/>\nSweat \u00e0 capuche unisexe con\u00e7u pour un usage quotidien, offrant chaleur et confort lors des journ\u00e9es fra\u00eeches. Sa coupe classique et sa grande poche frontale en font une pi\u00e8ce pratique et facile \u00e0 porter. La capuche doubl\u00e9e avec cordon de serrage assorti assure une protection suppl\u00e9mentaire contre le froid.<\/p>\n<p>\u2022 271 g\/m\u00b2<br \/>\n\u2022 50 % coton pr\u00e9r\u00e9tr\u00e9ci, 50 % polyester<br \/>\n\u2022 Tissu fil\u00e9 par jet d\u2019air pour un toucher doux et moins de boulochage<br \/>\n\u2022 Capuche \u00e0 double doublure avec cordon assorti<br \/>\n\u2022 Poignets et ceinture en tricot c\u00f4tel\u00e9 1\u00d71 avec \u00e9lasthanne<br \/>\n\u2022 Couture double aux \u00e9paules, poignets et ourlet<br \/>\n\u2022 Le blanc peut appara\u00eetre blanc cass\u00e9 naturel<\/p>","protected":false},"excerpt":{"rendered":"<p>Craquez pour ce visuel r\u00e9tro Compostelle ! Cette illustration vintage met en sc\u00e8ne une adorable coquille Saint-Jacques mascotte en marche, arborant un style cartoon nostalgique. Avec son b\u00e2ton de p\u00e8lerin et son joyeux message Buen Camino, ce design Santiago Club original c\u00e9l\u00e8bre le Chemin de Saint-Jacques avec une touche d\u2019humour et d\u2019authenticit\u00e9. \u2013 Sweat \u00e0 [&hellip;]<\/p>\n","protected":false},"featured_media":5871,"comment_status":"open","ping_status":"closed","template":"","meta":{"_acf_changed":false},"product_brand":[],"product_cat":[140,69,141],"product_tag":[],"class_list":{"0":"post-5858","1":"product","2":"type-product","3":"status-publish","4":"has-post-thumbnail","6":"product_cat-figeac","7":"product_cat-hoodies","8":"product_cat-le-chemin-de-compostelle","10":"first","11":"instock","12":"taxable","13":"shipping-taxable","14":"purchasable","15":"product-type-variable"},"acf":[],"_links":{"self":[{"href":"https:\/\/reviens-y.fr\/en\/wp-json\/wp\/v2\/product\/5858","targetHints":{"allow":["GET"]}}],"collection":[{"href":"https:\/\/reviens-y.fr\/en\/wp-json\/wp\/v2\/product"}],"about":[{"href":"https:\/\/reviens-y.fr\/en\/wp-json\/wp\/v2\/types\/product"}],"replies":[{"embeddable":true,"href":"https:\/\/reviens-y.fr\/en\/wp-json\/wp\/v2\/comments?post=5858"}],"wp:featuredmedia":[{"embeddable":true,"href":"https:\/\/reviens-y.fr\/en\/wp-json\/wp\/v2\/media\/5871"}],"wp:attachment":[{"href":"https:\/\/reviens-y.fr\/en\/wp-json\/wp\/v2\/media?parent=5858"}],"wp:term":[{"taxonomy":"product_brand","embeddable":true,"href":"https:\/\/reviens-y.fr\/en\/wp-json\/wp\/v2\/product_brand?post=5858"},{"taxonomy":"product_cat","embeddable":true,"href":"https:\/\/reviens-y.fr\/en\/wp-json\/wp\/v2\/product_cat?post=5858"},{"taxonomy":"product_tag","embeddable":true,"href":"https:\/\/reviens-y.fr\/en\/wp-json\/wp\/v2\/product_tag?post=5858"}],"curies":[{"name":"wp","href":"https:\/\/api.w.org\/{rel}","templated":true}]}}