{"id":5877,"date":"2026-03-19T13:36:59","date_gmt":"2026-03-19T13:36:59","guid":{"rendered":"https:\/\/reviens-y.fr\/produit\/casquette-brodee-le-chemin-de-compostelle\/"},"modified":"2026-03-19T13:37:18","modified_gmt":"2026-03-19T13:37:18","slug":"casquette-brodee-le-chemin-de-compostelle","status":"publish","type":"product","link":"https:\/\/reviens-y.fr\/en\/product\/casquette-brodee-le-chemin-de-compostelle\/","title":{"rendered":"Casquette brod\u00e9e <br> Le chemin de Compostelle"},"content":{"rendered":"<p>Craquez pour ce visuel r\u00e9tro Compostelle ! Cette illustration vintage met en sc\u00e8ne une adorable coquille Saint-Jacques mascotte en marche, arborant un style cartoon nostalgique. Avec son b\u00e2ton de p\u00e8lerin et son joyeux message Buen Camino, ce design Santiago Club original c\u00e9l\u00e8bre le Chemin de Saint-Jacques avec une touche d\u2019humour et d\u2019authenticit\u00e9.<br \/>\n\u2013<br \/>\nUnisex cap with a curved visor, combining comfort and style for everyday wear. Its unstructured shape and adjustable strap allow for easy fitting, while its twill cotton fabric offers great durability over time.<\/p>\n<p>\u2022 100% chino cotton twill<br \/>\n\u2022 Unstructured, low-profile, flat visor<br \/>\n\u2022 6 embroidered eyelets<br \/>\n\u2022 Couronne de 3 \u215b \u00bb<br \/>\n\u2022 Adjustable strap with antique-style metal buckle<\/p>","protected":false},"excerpt":{"rendered":"<p>Craquez pour ce visuel r\u00e9tro Compostelle ! Cette illustration vintage met en sc\u00e8ne une adorable coquille Saint-Jacques mascotte en marche, arborant un style cartoon nostalgique. Avec son b\u00e2ton de p\u00e8lerin et son joyeux message Buen Camino, ce design Santiago Club original c\u00e9l\u00e8bre le Chemin de Saint-Jacques avec une touche d\u2019humour et d\u2019authenticit\u00e9. \u2013 Casquette unisexe [&hellip;]<\/p>\n","protected":false},"featured_media":5881,"comment_status":"open","ping_status":"closed","template":"","meta":{"_acf_changed":false},"product_brand":[],"product_cat":[71,140,67,141],"product_tag":[],"class_list":{"0":"post-5877","1":"product","2":"type-product","3":"status-publish","4":"has-post-thumbnail","6":"product_cat-casquettes","7":"product_cat-figeac","8":"product_cat-idees-cadeaux","9":"product_cat-le-chemin-de-compostelle","11":"first","12":"instock","13":"taxable","14":"shipping-taxable","15":"purchasable","16":"product-type-variable"},"acf":[],"_links":{"self":[{"href":"https:\/\/reviens-y.fr\/en\/wp-json\/wp\/v2\/product\/5877","targetHints":{"allow":["GET"]}}],"collection":[{"href":"https:\/\/reviens-y.fr\/en\/wp-json\/wp\/v2\/product"}],"about":[{"href":"https:\/\/reviens-y.fr\/en\/wp-json\/wp\/v2\/types\/product"}],"replies":[{"embeddable":true,"href":"https:\/\/reviens-y.fr\/en\/wp-json\/wp\/v2\/comments?post=5877"}],"wp:featuredmedia":[{"embeddable":true,"href":"https:\/\/reviens-y.fr\/en\/wp-json\/wp\/v2\/media\/5881"}],"wp:attachment":[{"href":"https:\/\/reviens-y.fr\/en\/wp-json\/wp\/v2\/media?parent=5877"}],"wp:term":[{"taxonomy":"product_brand","embeddable":true,"href":"https:\/\/reviens-y.fr\/en\/wp-json\/wp\/v2\/product_brand?post=5877"},{"taxonomy":"product_cat","embeddable":true,"href":"https:\/\/reviens-y.fr\/en\/wp-json\/wp\/v2\/product_cat?post=5877"},{"taxonomy":"product_tag","embeddable":true,"href":"https:\/\/reviens-y.fr\/en\/wp-json\/wp\/v2\/product_tag?post=5877"}],"curies":[{"name":"wp","href":"https:\/\/api.w.org\/{rel}","templated":true}]}}